{"id":9752,"date":"2023-10-26T06:46:57","date_gmt":"2023-10-26T06:46:57","guid":{"rendered":"https:\/\/hidrosistem.al\/new\/?post_type=product&#038;p=9752"},"modified":"2023-10-26T06:46:57","modified_gmt":"2023-10-26T06:46:57","slug":"rregullator-mikser-termostatik-paneli-diellor","status":"publish","type":"product","link":"https:\/\/hidrosistem.al\/new\/product\/rregullator-mikser-termostatik-paneli-diellor\/","title":{"rendered":"Rregullator mikser termostatik paneli diellor"},"content":{"rendered":"<p>P\u00ebrzier\u00ebs termostatik i kromuar p\u00ebr sistemet diellore.<br \/>\nLidhje me fytyr\u00eb t\u00eb shesht\u00eb p\u00ebr pajisje<br \/>\n\u00b0 Gama e vendosjes: 30-65\u00b0C<br \/>\n\u2022 Lidhjet: femer<br \/>\n\u2022 Maks. Temperatura e hyrjes: 110\u00b0C<br \/>\n\u2022 Trajtim sip\u00ebrfaq\u00ebsor TEA\u00b0PLUS brenda dhe<br \/>\njasht\u00eb<\/p>\n","protected":false},"excerpt":{"rendered":"<p>P\u00ebrzier\u00ebs termostatik i kromuar p\u00ebr sistemet diellore. Lidhje me fytyr\u00eb t\u00eb shesht\u00eb p\u00ebr pajisje \u00b0 Gama e vendosjes: 30-65\u00b0C \u2022<\/p>\n","protected":false},"featured_media":9753,"template":"","meta":[],"product_cat":[342],"product_tag":[],"class_list":["post-9752","product","type-product","status-publish","has-post-thumbnail","hentry","product_cat-hidraulike"],"_links":{"self":[{"href":"https:\/\/hidrosistem.al\/new\/wp-json\/wp\/v2\/product\/9752","targetHints":{"allow":["GET"]}}],"collection":[{"href":"https:\/\/hidrosistem.al\/new\/wp-json\/wp\/v2\/product"}],"about":[{"href":"https:\/\/hidrosistem.al\/new\/wp-json\/wp\/v2\/types\/product"}],"version-history":[{"count":1,"href":"https:\/\/hidrosistem.al\/new\/wp-json\/wp\/v2\/product\/9752\/revisions"}],"predecessor-version":[{"id":9757,"href":"https:\/\/hidrosistem.al\/new\/wp-json\/wp\/v2\/product\/9752\/revisions\/9757"}],"wp:featuredmedia":[{"embeddable":true,"href":"https:\/\/hidrosistem.al\/new\/wp-json\/wp\/v2\/media\/9753"}],"wp:attachment":[{"href":"https:\/\/hidrosistem.al\/new\/wp-json\/wp\/v2\/media?parent=9752"}],"wp:term":[{"taxonomy":"product_cat","embeddable":true,"href":"https:\/\/hidrosistem.al\/new\/wp-json\/wp\/v2\/product_cat?post=9752"},{"taxonomy":"product_tag","embeddable":true,"href":"https:\/\/hidrosistem.al\/new\/wp-json\/wp\/v2\/product_tag?post=9752"}],"curies":[{"name":"wp","href":"https:\/\/api.w.org\/{rel}","templated":true}]}}