{"id":9734,"date":"2023-10-26T06:40:13","date_gmt":"2023-10-26T06:40:13","guid":{"rendered":"https:\/\/hidrosistem.al\/new\/?post_type=product&#038;p=9734"},"modified":"2023-10-26T06:40:13","modified_gmt":"2023-10-26T06:40:13","slug":"filter-uje-per-kaldaje-pa-manometer","status":"publish","type":"product","link":"https:\/\/hidrosistem.al\/new\/product\/filter-uje-per-kaldaje-pa-manometer\/","title":{"rendered":"Filter uje per kaldaje pa manometer"},"content":{"rendered":"<p>Filter bronzi p\u00ebr uje te ngrohte sanitar Materiali i trupit: bronz<br \/>\nCB770S<br \/>\nMateriali i sit\u00ebs rrjet\u00eb: \u00e7eliku AISI 304<br \/>\nNiveli i filtrimit: 300 pm<br \/>\nPresioni nominal: 25 bar<br \/>\n\u2022 Maks. Temperatura e pun\u00ebs: 95\u00b0C<\/p>\n","protected":false},"excerpt":{"rendered":"<p>Filter bronzi p\u00ebr uje te ngrohte sanitar Materiali i trupit: bronz CB770S Materiali i sit\u00ebs rrjet\u00eb: \u00e7eliku AISI 304 Niveli<\/p>\n","protected":false},"featured_media":9735,"template":"","meta":[],"product_cat":[342],"product_tag":[],"class_list":["post-9734","product","type-product","status-publish","has-post-thumbnail","hentry","product_cat-hidraulike"],"_links":{"self":[{"href":"https:\/\/hidrosistem.al\/new\/wp-json\/wp\/v2\/product\/9734","targetHints":{"allow":["GET"]}}],"collection":[{"href":"https:\/\/hidrosistem.al\/new\/wp-json\/wp\/v2\/product"}],"about":[{"href":"https:\/\/hidrosistem.al\/new\/wp-json\/wp\/v2\/types\/product"}],"version-history":[{"count":1,"href":"https:\/\/hidrosistem.al\/new\/wp-json\/wp\/v2\/product\/9734\/revisions"}],"predecessor-version":[{"id":9738,"href":"https:\/\/hidrosistem.al\/new\/wp-json\/wp\/v2\/product\/9734\/revisions\/9738"}],"wp:featuredmedia":[{"embeddable":true,"href":"https:\/\/hidrosistem.al\/new\/wp-json\/wp\/v2\/media\/9735"}],"wp:attachment":[{"href":"https:\/\/hidrosistem.al\/new\/wp-json\/wp\/v2\/media?parent=9734"}],"wp:term":[{"taxonomy":"product_cat","embeddable":true,"href":"https:\/\/hidrosistem.al\/new\/wp-json\/wp\/v2\/product_cat?post=9734"},{"taxonomy":"product_tag","embeddable":true,"href":"https:\/\/hidrosistem.al\/new\/wp-json\/wp\/v2\/product_tag?post=9734"}],"curies":[{"name":"wp","href":"https:\/\/api.w.org\/{rel}","templated":true}]}}