{"id":9623,"date":"2023-10-26T05:41:19","date_gmt":"2023-10-26T05:41:19","guid":{"rendered":"https:\/\/hidrosistem.al\/new\/?post_type=product&#038;p=9623"},"modified":"2026-02-04T10:11:37","modified_gmt":"2026-02-04T10:11:37","slug":"separator-per-kaldaje-d65-far-225865","status":"publish","type":"product","link":"https:\/\/hidrosistem.al\/new\/product\/separator-per-kaldaje-d65-far-225865\/","title":{"rendered":"Filt\u00ebr uji p\u00ebr sisteme t\u00eb ndryshme i kromuar FAR"},"content":{"rendered":"<p>FAR \u00ebsht\u00eb nj\u00eb kompani italiane e \u00e7ertifikuar q\u00eb projekton, prodhon dhe ofron komponent\u00eb t\u00eb kualitetit t\u00eb lart\u00eb p\u00ebr sisteme ngrohjeje, sanitare dhe t\u00eb energjis\u00eb s\u00eb rinovueshme. Produktet e tyre p\u00ebrfshijn\u00eb valvola, kolektor\u00eb, lidhje, manifolde dhe aksesor\u00eb p\u00ebr sisteme ngrohjeje qendrore, n\u00ebnngrohje dyshemeje dhe aplikime t\u00eb tjera n\u00eb HVAC. T\u00eb gjitha artikujt prodhohen me materialet e certifikuara dhe testohen sipas standardeve nd\u00ebrkomb\u00ebtare p\u00ebr performanc\u00eb, siguri dhe efikasitet energjetik. FAR \u00ebsht\u00eb e njohur p\u00ebr zgjidhje t\u00eb besueshme dhe inovative \u201cMade in Italy\u201d, me nj\u00eb gam\u00eb q\u00eb p\u00ebrmbush nevojat teknike t\u00eb projekteve moderne t\u00eb instalimeve.<\/p>\n","protected":false},"excerpt":{"rendered":"<p>FAR \u00ebsht\u00eb nj\u00eb kompani italiane e \u00e7ertifikuar q\u00eb projekton, prodhon dhe ofron komponent\u00eb t\u00eb kualitetit t\u00eb lart\u00eb p\u00ebr sisteme ngrohjeje,<\/p>\n","protected":false},"featured_media":15708,"template":"","meta":[],"product_cat":[342,516],"product_tag":[],"class_list":["post-9623","product","type-product","status-publish","has-post-thumbnail","hentry","product_cat-hidraulike","product_cat-filtra-uji"],"_links":{"self":[{"href":"https:\/\/hidrosistem.al\/new\/wp-json\/wp\/v2\/product\/9623","targetHints":{"allow":["GET"]}}],"collection":[{"href":"https:\/\/hidrosistem.al\/new\/wp-json\/wp\/v2\/product"}],"about":[{"href":"https:\/\/hidrosistem.al\/new\/wp-json\/wp\/v2\/types\/product"}],"version-history":[{"count":2,"href":"https:\/\/hidrosistem.al\/new\/wp-json\/wp\/v2\/product\/9623\/revisions"}],"predecessor-version":[{"id":15711,"href":"https:\/\/hidrosistem.al\/new\/wp-json\/wp\/v2\/product\/9623\/revisions\/15711"}],"wp:featuredmedia":[{"embeddable":true,"href":"https:\/\/hidrosistem.al\/new\/wp-json\/wp\/v2\/media\/15708"}],"wp:attachment":[{"href":"https:\/\/hidrosistem.al\/new\/wp-json\/wp\/v2\/media?parent=9623"}],"wp:term":[{"taxonomy":"product_cat","embeddable":true,"href":"https:\/\/hidrosistem.al\/new\/wp-json\/wp\/v2\/product_cat?post=9623"},{"taxonomy":"product_tag","embeddable":true,"href":"https:\/\/hidrosistem.al\/new\/wp-json\/wp\/v2\/product_tag?post=9623"}],"curies":[{"name":"wp","href":"https:\/\/api.w.org\/{rel}","templated":true}]}}