{"id":9560,"date":"2023-10-24T22:43:23","date_gmt":"2023-10-24T22:43:23","guid":{"rendered":"https:\/\/hidrosistem.al\/new\/?post_type=product&#038;p=9560"},"modified":"2023-11-25T08:35:38","modified_gmt":"2023-11-25T08:35:38","slug":"pompe-kaldaje-wilo-top-s50-7-2165530","status":"publish","type":"product","link":"https:\/\/hidrosistem.al\/new\/product\/pompe-kaldaje-wilo-top-s50-7-2165530\/","title":{"rendered":"Pompe kaldaje Wilo TOP-S50\/7 (2165530)"},"content":{"rendered":"<p><span data-sheets-value=\"{&quot;1&quot;:2,&quot;2&quot;:&quot;P\u00ebrdoret p\u00ebr sistemet ngroh\u00ebse me uj\u00eb t\u00eb nxeht\u00eb te t\u00eb gjitha sistemeve, me impiantet e kondicionimit t\u00eb ajrit, me qarqet e mbyllura t\u00eb ftohjes dhe impiantet e qarkullimit industrial.\\n\\nPomp\u00eb qarkulluese me rotor t\u00eb lagur me lidhje me bashkues t\u00eb filetuar ose me flanxh\u00eb, shkall\u00eb shpejt\u00ebsie me zgjedhje paraprake p\u00ebr p\u00ebrshtatjen e fuqis\u00eb.\\n\\nT\u00ebr\u00ebsia e pajisjeve dhe funksionimi\\n\\nP\u00ebrshtatje manuale e fuqis\u00eb me 3 shkall\u00eb shpejt\u00ebsie\\nPompat me motor 1~:\\nP2 deri n\u00eb 90 W: Mbrojtje e brendshme kund\u00ebr temperaturave t\u00eb larta t\u00eb palejueshme t\u00eb bobinave\\nP2 \u2265 180 W: Motor t\u00ebr\u00ebsisht i mbrojtur n\u00ebp\u00ebrmjet kontakteve t\u00eb mbrojtjes termike t\u00eb lidhura me relen\u00eb termike t\u00eb motorit (opsionale: SK 602N\/SK 622N)\\nPompat me motor 3~:\\nP2 deri n\u00eb 90 W: Mbrojtje e brendshme kund\u00ebr temperaturave t\u00eb larta t\u00eb palejueshme t\u00eb bobinave\\nP2 \u2265 180 W: Motor t\u00ebr\u00ebsisht i mbrojtur n\u00ebp\u00ebrmjet kontakteve t\u00eb mbrojtjes termike t\u00eb lidhura me relen\u00eb termike t\u00eb motorit (opsionale: SK 602N\/SK 622N)\\nLinja ushqyese 3~, 230 V me spin\u00eb elektrike opsionale\\nTrup pompe e veshur me material KTL p\u00ebr mbrojtje optimale nga korrozioni\\nFlanxh\u00eb e kombinuar PN 6\/PN 10 (n\u00eb DN 40 deri n\u00eb DN 65)\\nShtresa termoizoluese p\u00ebr zbatimet n\u00eb ngrohje&quot;}\" data-sheets-userformat=\"{&quot;2&quot;:14829,&quot;3&quot;:{&quot;1&quot;:0,&quot;3&quot;:1},&quot;5&quot;:{&quot;1&quot;:[{&quot;1&quot;:2,&quot;2&quot;:0,&quot;5&quot;:{&quot;1&quot;:2,&quot;2&quot;:0}},{&quot;1&quot;:0,&quot;2&quot;:0,&quot;3&quot;:3},{&quot;1&quot;:1,&quot;2&quot;:0,&quot;4&quot;:2}]},&quot;6&quot;:{&quot;1&quot;:[{&quot;1&quot;:2,&quot;2&quot;:0,&quot;5&quot;:{&quot;1&quot;:2,&quot;2&quot;:0}},{&quot;1&quot;:0,&quot;2&quot;:0,&quot;3&quot;:3},{&quot;1&quot;:1,&quot;2&quot;:0,&quot;4&quot;:2}]},&quot;8&quot;:{&quot;1&quot;:[{&quot;1&quot;:2,&quot;2&quot;:0,&quot;5&quot;:{&quot;1&quot;:2,&quot;2&quot;:0}},{&quot;1&quot;:0,&quot;2&quot;:0,&quot;3&quot;:3},{&quot;1&quot;:1,&quot;2&quot;:0,&quot;4&quot;:2}]},&quot;9&quot;:0,&quot;10&quot;:0,&quot;11&quot;:4,&quot;14&quot;:{&quot;1&quot;:2,&quot;2&quot;:0},&quot;15&quot;:&quot;Times New Roman&quot;,&quot;16&quot;:9}\">P\u00ebrdoret p\u00ebr sistemet ngroh\u00ebse me uj\u00eb t\u00eb nxeht\u00eb te t\u00eb gjitha sistemeve, me impiantet e kondicionimit t\u00eb ajrit, me qarqet e mbyllura t\u00eb ftohjes dhe impiantet e qarkullimit industrial.<\/p>\n<p>Pomp\u00eb qarkulluese me rotor t\u00eb lagur me lidhje me bashkues t\u00eb filetuar ose me flanxh\u00eb, shkall\u00eb shpejt\u00ebsie me zgjedhje paraprake p\u00ebr p\u00ebrshtatjen e fuqis\u00eb.<\/p>\n<p>T\u00ebr\u00ebsia e pajisjeve dhe funksionimi<\/p>\n<p>P\u00ebrshtatje manuale e fuqis\u00eb me 3 shkall\u00eb shpejt\u00ebsie<br \/>\nPompat me motor 1~:<br \/>\nP2 deri n\u00eb 90 W: Mbrojtje e brendshme kund\u00ebr temperaturave t\u00eb larta t\u00eb palejueshme t\u00eb bobinave<br \/>\nP2 \u2265 180 W: Motor t\u00ebr\u00ebsisht i mbrojtur n\u00ebp\u00ebrmjet kontakteve t\u00eb mbrojtjes termike t\u00eb lidhura me relen\u00eb termike t\u00eb motorit (opsionale: SK 602N\/SK 622N)<br \/>\nPompat me motor 3~:<br \/>\nP2 deri n\u00eb 90 W: Mbrojtje e brendshme kund\u00ebr temperaturave t\u00eb larta t\u00eb palejueshme t\u00eb bobinave<br \/>\nP2 \u2265 180 W: Motor t\u00ebr\u00ebsisht i mbrojtur n\u00ebp\u00ebrmjet kontakteve t\u00eb mbrojtjes termike t\u00eb lidhura me relen\u00eb termike t\u00eb motorit (opsionale: SK 602N\/SK 622N)<br \/>\nLinja ushqyese 3~, 230 V me spin\u00eb elektrike opsionale<br \/>\nTrup pompe e veshur me material KTL p\u00ebr mbrojtje optimale nga korrozioni<br \/>\nFlanxh\u00eb e kombinuar PN 6\/PN 10 (n\u00eb DN 40 deri n\u00eb DN 65)<br \/>\nShtresa termoizoluese p\u00ebr zbatimet n\u00eb ngrohje<\/span><\/p>\n","protected":false},"excerpt":{"rendered":"<p>P\u00ebrdoret p\u00ebr sistemet ngroh\u00ebse me uj\u00eb t\u00eb nxeht\u00eb te t\u00eb gjitha sistemeve, me impiantet e kondicionimit t\u00eb ajrit, me qarqet<\/p>\n","protected":false},"featured_media":9562,"template":"","meta":[],"product_cat":[523],"product_tag":[],"class_list":["post-9560","product","type-product","status-publish","has-post-thumbnail","hentry","product_cat-pompa-qarkulluese"],"_links":{"self":[{"href":"https:\/\/hidrosistem.al\/new\/wp-json\/wp\/v2\/product\/9560","targetHints":{"allow":["GET"]}}],"collection":[{"href":"https:\/\/hidrosistem.al\/new\/wp-json\/wp\/v2\/product"}],"about":[{"href":"https:\/\/hidrosistem.al\/new\/wp-json\/wp\/v2\/types\/product"}],"version-history":[{"count":1,"href":"https:\/\/hidrosistem.al\/new\/wp-json\/wp\/v2\/product\/9560\/revisions"}],"predecessor-version":[{"id":9563,"href":"https:\/\/hidrosistem.al\/new\/wp-json\/wp\/v2\/product\/9560\/revisions\/9563"}],"wp:featuredmedia":[{"embeddable":true,"href":"https:\/\/hidrosistem.al\/new\/wp-json\/wp\/v2\/media\/9562"}],"wp:attachment":[{"href":"https:\/\/hidrosistem.al\/new\/wp-json\/wp\/v2\/media?parent=9560"}],"wp:term":[{"taxonomy":"product_cat","embeddable":true,"href":"https:\/\/hidrosistem.al\/new\/wp-json\/wp\/v2\/product_cat?post=9560"},{"taxonomy":"product_tag","embeddable":true,"href":"https:\/\/hidrosistem.al\/new\/wp-json\/wp\/v2\/product_tag?post=9560"}],"curies":[{"name":"wp","href":"https:\/\/api.w.org\/{rel}","templated":true}]}}