{"id":9557,"date":"2023-10-24T22:41:45","date_gmt":"2023-10-24T22:41:45","guid":{"rendered":"https:\/\/hidrosistem.al\/new\/?post_type=product&#038;p=9557"},"modified":"2023-11-25T08:35:49","modified_gmt":"2023-11-25T08:35:49","slug":"pompe-kaldaje-wilo-star-rs30-8-151-wat-mf-4094375","status":"publish","type":"product","link":"https:\/\/hidrosistem.al\/new\/product\/pompe-kaldaje-wilo-star-rs30-8-151-wat-mf-4094375\/","title":{"rendered":"Pompe kaldaje Wilo STAR-RS30\/8-151 wat MF-4094375"},"content":{"rendered":"<p><span data-sheets-value=\"{&quot;1&quot;:2,&quot;2&quot;:&quot;Pomp\u00eb qarkullimi me rotor t\u00eb lagur p\u00ebr instalim n\u00eb tub, me vendosje manuale t\u00eb numrit t\u00eb rrotullimeve me 3 nivele.\\n\\nMe motor me rrym\u00eb elektrike vet\u00ebmbrojt\u00ebse. Trupi i pomp\u00ebs prej gize t\u00eb hirt\u00eb (giz\u00eb e kuqe n\u00eb var\u00ebsit t\u00eb tipit), helik\u00eb plastike e p\u00ebrforcuar me fib\u00ebr xhami, bosht me \u00e7elik inoksi me kushineta rr\u00ebshqit\u00ebse karboni t\u00eb ngopura me hekur. Zbatimi n\u00eb sistemet e ujit t\u00eb ftoht\u00eb deri n\u00eb -10\u00b0C sipas standardit.\\n\\nSiguri funksionimi p\u00ebrmes boshtit me dritare dhe nj\u00ebsis\u00eb s\u00eb filtrit me fishek&quot;}\" data-sheets-userformat=\"{&quot;2&quot;:14829,&quot;3&quot;:{&quot;1&quot;:0,&quot;3&quot;:1},&quot;5&quot;:{&quot;1&quot;:[{&quot;1&quot;:2,&quot;2&quot;:0,&quot;5&quot;:{&quot;1&quot;:2,&quot;2&quot;:0}},{&quot;1&quot;:0,&quot;2&quot;:0,&quot;3&quot;:3},{&quot;1&quot;:1,&quot;2&quot;:0,&quot;4&quot;:2}]},&quot;6&quot;:{&quot;1&quot;:[{&quot;1&quot;:2,&quot;2&quot;:0,&quot;5&quot;:{&quot;1&quot;:2,&quot;2&quot;:0}},{&quot;1&quot;:0,&quot;2&quot;:0,&quot;3&quot;:3},{&quot;1&quot;:1,&quot;2&quot;:0,&quot;4&quot;:2}]},&quot;8&quot;:{&quot;1&quot;:[{&quot;1&quot;:2,&quot;2&quot;:0,&quot;5&quot;:{&quot;1&quot;:2,&quot;2&quot;:0}},{&quot;1&quot;:0,&quot;2&quot;:0,&quot;3&quot;:3},{&quot;1&quot;:1,&quot;2&quot;:0,&quot;4&quot;:2}]},&quot;9&quot;:0,&quot;10&quot;:0,&quot;11&quot;:4,&quot;14&quot;:{&quot;1&quot;:2,&quot;2&quot;:0},&quot;15&quot;:&quot;Times New Roman&quot;,&quot;16&quot;:9}\">Pomp\u00eb qarkullimi me rotor t\u00eb lagur p\u00ebr instalim n\u00eb tub, me vendosje manuale t\u00eb numrit t\u00eb rrotullimeve me 3 nivele.<\/p>\n<p>Me motor me rrym\u00eb elektrike vet\u00ebmbrojt\u00ebse. Trupi i pomp\u00ebs prej gize t\u00eb hirt\u00eb (giz\u00eb e kuqe n\u00eb var\u00ebsit t\u00eb tipit), helik\u00eb plastike e p\u00ebrforcuar me fib\u00ebr xhami, bosht me \u00e7elik inoksi me kushineta rr\u00ebshqit\u00ebse karboni t\u00eb ngopura me hekur. Zbatimi n\u00eb sistemet e ujit t\u00eb ftoht\u00eb deri n\u00eb -10\u00b0C sipas standardit.<\/p>\n<p>Siguri funksionimi p\u00ebrmes boshtit me dritare dhe nj\u00ebsis\u00eb s\u00eb filtrit me fishek<\/span><\/p>\n","protected":false},"excerpt":{"rendered":"<p>Pomp\u00eb qarkullimi me rotor t\u00eb lagur p\u00ebr instalim n\u00eb tub, me vendosje manuale t\u00eb numrit t\u00eb rrotullimeve me 3 nivele.<\/p>\n","protected":false},"featured_media":9558,"template":"","meta":[],"product_cat":[523],"product_tag":[],"class_list":["post-9557","product","type-product","status-publish","has-post-thumbnail","hentry","product_cat-pompa-qarkulluese"],"_links":{"self":[{"href":"https:\/\/hidrosistem.al\/new\/wp-json\/wp\/v2\/product\/9557","targetHints":{"allow":["GET"]}}],"collection":[{"href":"https:\/\/hidrosistem.al\/new\/wp-json\/wp\/v2\/product"}],"about":[{"href":"https:\/\/hidrosistem.al\/new\/wp-json\/wp\/v2\/types\/product"}],"version-history":[{"count":1,"href":"https:\/\/hidrosistem.al\/new\/wp-json\/wp\/v2\/product\/9557\/revisions"}],"predecessor-version":[{"id":9559,"href":"https:\/\/hidrosistem.al\/new\/wp-json\/wp\/v2\/product\/9557\/revisions\/9559"}],"wp:featuredmedia":[{"embeddable":true,"href":"https:\/\/hidrosistem.al\/new\/wp-json\/wp\/v2\/media\/9558"}],"wp:attachment":[{"href":"https:\/\/hidrosistem.al\/new\/wp-json\/wp\/v2\/media?parent=9557"}],"wp:term":[{"taxonomy":"product_cat","embeddable":true,"href":"https:\/\/hidrosistem.al\/new\/wp-json\/wp\/v2\/product_cat?post=9557"},{"taxonomy":"product_tag","embeddable":true,"href":"https:\/\/hidrosistem.al\/new\/wp-json\/wp\/v2\/product_tag?post=9557"}],"curies":[{"name":"wp","href":"https:\/\/api.w.org\/{rel}","templated":true}]}}