{"id":9527,"date":"2023-10-24T22:24:05","date_gmt":"2023-10-24T22:24:05","guid":{"rendered":"https:\/\/hidrosistem.al\/new\/?post_type=product&#038;p=9527"},"modified":"2023-11-25T08:47:30","modified_gmt":"2023-11-25T08:47:30","slug":"pompe-dranazhishatervani-wilo-ts32-12a-10m-ca-600-watdalje-1-1-4trup-inoks-mf-6043945","status":"publish","type":"product","link":"https:\/\/hidrosistem.al\/new\/product\/pompe-dranazhishatervani-wilo-ts32-12a-10m-ca-600-watdalje-1-1-4trup-inoks-mf-6043945\/","title":{"rendered":"Pompe dranazhi&#038;shatervani Wilo TS32\/12A 10M CA-600 wat,dalje 1.1\/4,trup inoks-MF-6043945"},"content":{"rendered":"<p><span data-sheets-value=\"{&quot;1&quot;:2,&quot;2&quot;:&quot;Konstruksioni\\n\\nPomp\u00eb me motor t\u00eb zhytur p\u00ebr montim stacionar dhe t\u00eb transportuesh\u00ebm brenda n\u00eb uj\u00eb. Pomp\u00eb me galexhant elektrik t\u00eb montuar p\u00ebr funksionim t\u00eb plot\u00eb automatik.\\n\\nAnwendung\\n\\nP\u00ebr pompim n\u00eb zonat sht\u00ebpiake t\u00eb:\\n\\nUjra t\u00eb ndotura pa fekale\\nUj\u00eb i ndotur (me sasi t\u00eb pakta r\u00ebre dhe zhavorri)\\nKonstruksioni\\n\\nPomp\u00eb e uj\u00ebrave t\u00eb zeza me helik\u00eb t\u00eb hapur disa-kanaleshe dhe lidhje vertikale e filetuar. Trupi i pomp\u00ebs dhe rrjeta filtruese mbrojt\u00ebse prej inoksi, helika prej materiali kompozit. Motor 1~ (me ftohje me k\u00ebmish\u00eb) me kondensator pune t\u00eb integruar dhe monitorim termik t\u00eb motorit, me vet\u00ebveprim automatik. Karkas\u00eb e motorit prej inoksi. Foleja e permistopit e mbushur me vaj me premistop t\u00eb dyfisht\u00eb: n\u00eb an\u00ebn e motorit \u00ebsht\u00eb nj\u00eb unaz\u00eb mbajt\u00ebse e premistopit, n\u00eb an\u00ebn e pomp\u00ebs nj\u00eb bllokues mekanik i montuar. Kabllo e lidhjes elektrike me galexhant elektrik dhe spin\u00eb t\u00eb integruar (CEE 7\/7).\\n\\nDor\u00ebzimi\\n\\nPomp\u00eb\\nValvul moskthimi e montuar paraprakisht\\nBashkues tubi fleksib\u00ebl, i ofruar\\nManuali i instalimit dhe m\u00ebnyr\u00ebs s\u00eb pun\u00ebs&quot;}\" data-sheets-userformat=\"{&quot;2&quot;:14829,&quot;3&quot;:{&quot;1&quot;:0,&quot;3&quot;:1},&quot;5&quot;:{&quot;1&quot;:[{&quot;1&quot;:2,&quot;2&quot;:0,&quot;5&quot;:{&quot;1&quot;:2,&quot;2&quot;:0}},{&quot;1&quot;:0,&quot;2&quot;:0,&quot;3&quot;:3},{&quot;1&quot;:1,&quot;2&quot;:0,&quot;4&quot;:2}]},&quot;6&quot;:{&quot;1&quot;:[{&quot;1&quot;:2,&quot;2&quot;:0,&quot;5&quot;:{&quot;1&quot;:2,&quot;2&quot;:0}},{&quot;1&quot;:0,&quot;2&quot;:0,&quot;3&quot;:3},{&quot;1&quot;:1,&quot;2&quot;:0,&quot;4&quot;:2}]},&quot;8&quot;:{&quot;1&quot;:[{&quot;1&quot;:2,&quot;2&quot;:0,&quot;5&quot;:{&quot;1&quot;:2,&quot;2&quot;:0}},{&quot;1&quot;:0,&quot;2&quot;:0,&quot;3&quot;:3},{&quot;1&quot;:1,&quot;2&quot;:0,&quot;4&quot;:2}]},&quot;9&quot;:0,&quot;10&quot;:0,&quot;11&quot;:4,&quot;14&quot;:{&quot;1&quot;:2,&quot;2&quot;:0},&quot;15&quot;:&quot;Times New Roman&quot;,&quot;16&quot;:9}\">Konstruksioni<\/p>\n<p>Pomp\u00eb me motor t\u00eb zhytur p\u00ebr montim stacionar dhe t\u00eb transportuesh\u00ebm brenda n\u00eb uj\u00eb. Pomp\u00eb me galexhant elektrik t\u00eb montuar p\u00ebr funksionim t\u00eb plot\u00eb automatik.<\/p>\n<p>Anwendung<\/p>\n<p>P\u00ebr pompim n\u00eb zonat sht\u00ebpiake t\u00eb:<\/p>\n<p>Ujra t\u00eb ndotura pa fekale<br \/>\nUj\u00eb i ndotur (me sasi t\u00eb pakta r\u00ebre dhe zhavorri)<br \/>\nKonstruksioni<\/p>\n<p>Pomp\u00eb e uj\u00ebrave t\u00eb zeza me helik\u00eb t\u00eb hapur disa-kanaleshe dhe lidhje vertikale e filetuar. Trupi i pomp\u00ebs dhe rrjeta filtruese mbrojt\u00ebse prej inoksi, helika prej materiali kompozit. Motor 1~ (me ftohje me k\u00ebmish\u00eb) me kondensator pune t\u00eb integruar dhe monitorim termik t\u00eb motorit, me vet\u00ebveprim automatik. Karkas\u00eb e motorit prej inoksi. Foleja e permistopit e mbushur me vaj me premistop t\u00eb dyfisht\u00eb: n\u00eb an\u00ebn e motorit \u00ebsht\u00eb nj\u00eb unaz\u00eb mbajt\u00ebse e premistopit, n\u00eb an\u00ebn e pomp\u00ebs nj\u00eb bllokues mekanik i montuar. Kabllo e lidhjes elektrike me galexhant elektrik dhe spin\u00eb t\u00eb integruar (CEE 7\/7).<\/p>\n<p>Dor\u00ebzimi<\/p>\n<p>Pomp\u00eb<br \/>\nValvul moskthimi e montuar paraprakisht<br \/>\nBashkues tubi fleksib\u00ebl, i ofruar<br \/>\nManuali i instalimit dhe m\u00ebnyr\u00ebs s\u00eb pun\u00ebs<\/span><\/p>\n","protected":false},"excerpt":{"rendered":"<p>Konstruksioni Pomp\u00eb me motor t\u00eb zhytur p\u00ebr montim stacionar dhe t\u00eb transportuesh\u00ebm brenda n\u00eb uj\u00eb. Pomp\u00eb me galexhant elektrik t\u00eb<\/p>\n","protected":false},"featured_media":9528,"template":"","meta":[],"product_cat":[525],"product_tag":[],"class_list":["post-9527","product","type-product","status-publish","has-post-thumbnail","hentry","product_cat-pompa-dranazhimi"],"_links":{"self":[{"href":"https:\/\/hidrosistem.al\/new\/wp-json\/wp\/v2\/product\/9527","targetHints":{"allow":["GET"]}}],"collection":[{"href":"https:\/\/hidrosistem.al\/new\/wp-json\/wp\/v2\/product"}],"about":[{"href":"https:\/\/hidrosistem.al\/new\/wp-json\/wp\/v2\/types\/product"}],"version-history":[{"count":1,"href":"https:\/\/hidrosistem.al\/new\/wp-json\/wp\/v2\/product\/9527\/revisions"}],"predecessor-version":[{"id":9529,"href":"https:\/\/hidrosistem.al\/new\/wp-json\/wp\/v2\/product\/9527\/revisions\/9529"}],"wp:featuredmedia":[{"embeddable":true,"href":"https:\/\/hidrosistem.al\/new\/wp-json\/wp\/v2\/media\/9528"}],"wp:attachment":[{"href":"https:\/\/hidrosistem.al\/new\/wp-json\/wp\/v2\/media?parent=9527"}],"wp:term":[{"taxonomy":"product_cat","embeddable":true,"href":"https:\/\/hidrosistem.al\/new\/wp-json\/wp\/v2\/product_cat?post=9527"},{"taxonomy":"product_tag","embeddable":true,"href":"https:\/\/hidrosistem.al\/new\/wp-json\/wp\/v2\/product_tag?post=9527"}],"curies":[{"name":"wp","href":"https:\/\/api.w.org\/{rel}","templated":true}]}}