{"id":9517,"date":"2023-10-24T22:17:50","date_gmt":"2023-10-24T22:17:50","guid":{"rendered":"https:\/\/hidrosistem.al\/new\/?post_type=product&#038;p=9517"},"modified":"2023-11-25T08:52:56","modified_gmt":"2023-11-25T08:52:56","slug":"pompe-zhytese-wilo-first-spu4-04-14-b-x14-50-1-230-1-1-kw6083336","status":"publish","type":"product","link":"https:\/\/hidrosistem.al\/new\/product\/pompe-zhytese-wilo-first-spu4-04-14-b-x14-50-1-230-1-1-kw6083336\/","title":{"rendered":"Pompe zhytese Wilo FIRST SPU4.04-14-B\/X14-50-1-230 ,1.1 kw(6083336)"},"content":{"rendered":"<p><span data-sheets-value=\"{&quot;1&quot;:2,&quot;2&quot;:&quot;Pomp\u00eb zhyt\u00ebse me motor q\u00eb zhytet plot\u00ebsisht n\u00ebn uj\u00eb, me shum\u00eb helika, me helika radiale ose gjysm\u00eb-aksiale n\u00eb versionin me k\u00ebmish\u00eb mb\u00ebshtjell\u00ebse ftoh\u00ebse p\u00ebr instalim vertikal ose horizontal, me valvul moskthimi t\u00eb integruar. Motor nj\u00ebfazor ose trefazor rezistent ndaj korrozionit p\u00ebr nisje direkte i mbushur me vaj, i pajisur me mbrojtje nga r\u00ebra dhe bllokues mekanik, si dhe kushineta vet\u00eblubrifikuese. Motori ftohet n\u00ebp\u00ebrmjet l\u00ebngut. Prandaj agregati duhet t\u00eb vihet n\u00eb pun\u00eb gjithmon\u00eb i zhytur. P\u00ebr instalimin horizontal \u00ebsht\u00eb e nevojshme nj\u00eb k\u00ebmish\u00eb ftoh\u00ebse. P\u00ebr pompimin e ujit nga puset me nj\u00eb thell\u00ebsi maksimale t\u00eb zhytjes prej 200 m dhe nj\u00eb p\u00ebrmbajtje maksimale t\u00eb r\u00ebr\u00ebs prej 50 g\/m\u00b3.\\n\\nDor\u00ebzimi\\n\\nSistem hidraulik + motor plot\u00ebsisht i montuar\\n2\/2,5 m kabllo i shkurt\u00ebr i montuar me aft\u00ebsi p\u00ebr zhytje\\nManuali i instalimit dhe p\u00ebrdorimit\\nSh\u00ebnim\\n\\nVersioni nj\u00eb fazor k\u00ebrkon nj\u00eb panel elektrik me kondensator, mbrojtje termike t\u00eb motorit dhe \u00e7el\u00ebs p\u00ebr ndezje\/fikje (aksesor opsional).&quot;}\" data-sheets-userformat=\"{&quot;2&quot;:14845,&quot;3&quot;:{&quot;1&quot;:0,&quot;3&quot;:1},&quot;5&quot;:{&quot;1&quot;:[{&quot;1&quot;:2,&quot;2&quot;:0,&quot;5&quot;:{&quot;1&quot;:2,&quot;2&quot;:0}},{&quot;1&quot;:0,&quot;2&quot;:0,&quot;3&quot;:3},{&quot;1&quot;:1,&quot;2&quot;:0,&quot;4&quot;:2}]},&quot;6&quot;:{&quot;1&quot;:[{&quot;1&quot;:2,&quot;2&quot;:0,&quot;5&quot;:{&quot;1&quot;:2,&quot;2&quot;:0}},{&quot;1&quot;:0,&quot;2&quot;:0,&quot;3&quot;:3},{&quot;1&quot;:1,&quot;2&quot;:0,&quot;4&quot;:2}]},&quot;7&quot;:{&quot;1&quot;:[{&quot;1&quot;:2,&quot;2&quot;:0,&quot;5&quot;:{&quot;1&quot;:2,&quot;2&quot;:0}},{&quot;1&quot;:0,&quot;2&quot;:0,&quot;3&quot;:3},{&quot;1&quot;:1,&quot;2&quot;:0,&quot;4&quot;:1}]},&quot;8&quot;:{&quot;1&quot;:[{&quot;1&quot;:2,&quot;2&quot;:0,&quot;5&quot;:{&quot;1&quot;:2,&quot;2&quot;:0}},{&quot;1&quot;:0,&quot;2&quot;:0,&quot;3&quot;:3},{&quot;1&quot;:1,&quot;2&quot;:0,&quot;4&quot;:2}]},&quot;9&quot;:0,&quot;10&quot;:0,&quot;11&quot;:4,&quot;14&quot;:{&quot;1&quot;:2,&quot;2&quot;:0},&quot;15&quot;:&quot;Times New Roman&quot;,&quot;16&quot;:9}\">Pomp\u00eb zhyt\u00ebse me motor q\u00eb zhytet plot\u00ebsisht n\u00ebn uj\u00eb, me shum\u00eb helika, me helika radiale ose gjysm\u00eb-aksiale n\u00eb versionin me k\u00ebmish\u00eb mb\u00ebshtjell\u00ebse ftoh\u00ebse p\u00ebr instalim vertikal ose horizontal, me valvul moskthimi t\u00eb integruar. Motor nj\u00ebfazor ose trefazor rezistent ndaj korrozionit p\u00ebr nisje direkte i mbushur me vaj, i pajisur me mbrojtje nga r\u00ebra dhe bllokues mekanik, si dhe kushineta vet\u00eblubrifikuese. Motori ftohet n\u00ebp\u00ebrmjet l\u00ebngut. Prandaj agregati duhet t\u00eb vihet n\u00eb pun\u00eb gjithmon\u00eb i zhytur. P\u00ebr instalimin horizontal \u00ebsht\u00eb e nevojshme nj\u00eb k\u00ebmish\u00eb ftoh\u00ebse. P\u00ebr pompimin e ujit nga puset me nj\u00eb thell\u00ebsi maksimale t\u00eb zhytjes prej 200 m dhe nj\u00eb p\u00ebrmbajtje maksimale t\u00eb r\u00ebr\u00ebs prej 50 g\/m\u00b3.<\/span><\/p>\n<p>Dor\u00ebzimi<\/p>\n<p>Sistem hidraulik + motor plot\u00ebsisht i montuar<br \/>\n2\/2,5 m kabllo i shkurt\u00ebr i montuar me aft\u00ebsi p\u00ebr zhytje<br \/>\nManuali i instalimit dhe p\u00ebrdorimit<br \/>\nSh\u00ebnim<\/p>\n<p>Versioni nj\u00eb fazor k\u00ebrkon nj\u00eb panel elektrik me kondensator, mbrojtje termike t\u00eb motorit dhe \u00e7el\u00ebs p\u00ebr ndezje\/fikje (aksesor opsional).<\/p>\n","protected":false},"excerpt":{"rendered":"<p>Pomp\u00eb zhyt\u00ebse me motor q\u00eb zhytet plot\u00ebsisht n\u00ebn uj\u00eb, me shum\u00eb helika, me helika radiale ose gjysm\u00eb-aksiale n\u00eb versionin me<\/p>\n","protected":false},"featured_media":9513,"template":"","meta":[],"product_cat":[524],"product_tag":[],"class_list":["post-9517","product","type-product","status-publish","has-post-thumbnail","hentry","product_cat-pompa-zhytese"],"_links":{"self":[{"href":"https:\/\/hidrosistem.al\/new\/wp-json\/wp\/v2\/product\/9517","targetHints":{"allow":["GET"]}}],"collection":[{"href":"https:\/\/hidrosistem.al\/new\/wp-json\/wp\/v2\/product"}],"about":[{"href":"https:\/\/hidrosistem.al\/new\/wp-json\/wp\/v2\/types\/product"}],"version-history":[{"count":1,"href":"https:\/\/hidrosistem.al\/new\/wp-json\/wp\/v2\/product\/9517\/revisions"}],"predecessor-version":[{"id":9518,"href":"https:\/\/hidrosistem.al\/new\/wp-json\/wp\/v2\/product\/9517\/revisions\/9518"}],"wp:featuredmedia":[{"embeddable":true,"href":"https:\/\/hidrosistem.al\/new\/wp-json\/wp\/v2\/media\/9513"}],"wp:attachment":[{"href":"https:\/\/hidrosistem.al\/new\/wp-json\/wp\/v2\/media?parent=9517"}],"wp:term":[{"taxonomy":"product_cat","embeddable":true,"href":"https:\/\/hidrosistem.al\/new\/wp-json\/wp\/v2\/product_cat?post=9517"},{"taxonomy":"product_tag","embeddable":true,"href":"https:\/\/hidrosistem.al\/new\/wp-json\/wp\/v2\/product_tag?post=9517"}],"curies":[{"name":"wp","href":"https:\/\/api.w.org\/{rel}","templated":true}]}}