{"id":9494,"date":"2023-10-24T22:06:58","date_gmt":"2023-10-24T22:06:58","guid":{"rendered":"https:\/\/hidrosistem.al\/new\/?post_type=product&#038;p=9494"},"modified":"2023-11-25T09:22:51","modified_gmt":"2023-11-25T09:22:51","slug":"ene-zgjerimi-10-bar-ngrohje-ftohje-wilo","status":"publish","type":"product","link":"https:\/\/hidrosistem.al\/new\/product\/ene-zgjerimi-10-bar-ngrohje-ftohje-wilo\/","title":{"rendered":"Ene zgjerimi ,10 bar ngrohje\/ftohje -Wilo"},"content":{"rendered":"<p>En\u00eb zgjerimi me membran\u00eb gome t\u00eb z\u00ebv\u00ebnd\u00ebsueshme vertikale dhe horizontale  <\/p>\n<p>Fushat e p\u00ebrdorimit <\/p>\n<p>P\u00ebr t\u00eb ruajtur presionin n\u00eb sistemet e mbyllura t\u00eb ngrohje\/ftohjes, ajrit t\u00ebkondicionuar, furnizimin me uj\u00eb  t\u00eb nd\u00ebrtesave t\u00eb ndryshme dhe p\u00ebr t\u00eb mbrojtur sistemin nga goditjet hidraulike  si dhe pompat  e furnizimit me uj\u00eb nga takimet\/stakimet e shpeshta<\/p>\n","protected":false},"excerpt":{"rendered":"<p>En\u00eb zgjerimi me membran\u00eb gome t\u00eb z\u00ebv\u00ebnd\u00ebsueshme vertikale dhe horizontale Fushat e p\u00ebrdorimit P\u00ebr t\u00eb ruajtur presionin n\u00eb sistemet e<\/p>\n","protected":false},"featured_media":9495,"template":"","meta":[],"product_cat":[526],"product_tag":[],"class_list":["post-9494","product","type-product","status-publish","has-post-thumbnail","hentry","product_cat-ene-zgjerimi"],"_links":{"self":[{"href":"https:\/\/hidrosistem.al\/new\/wp-json\/wp\/v2\/product\/9494","targetHints":{"allow":["GET"]}}],"collection":[{"href":"https:\/\/hidrosistem.al\/new\/wp-json\/wp\/v2\/product"}],"about":[{"href":"https:\/\/hidrosistem.al\/new\/wp-json\/wp\/v2\/types\/product"}],"version-history":[{"count":1,"href":"https:\/\/hidrosistem.al\/new\/wp-json\/wp\/v2\/product\/9494\/revisions"}],"predecessor-version":[{"id":9505,"href":"https:\/\/hidrosistem.al\/new\/wp-json\/wp\/v2\/product\/9494\/revisions\/9505"}],"wp:featuredmedia":[{"embeddable":true,"href":"https:\/\/hidrosistem.al\/new\/wp-json\/wp\/v2\/media\/9495"}],"wp:attachment":[{"href":"https:\/\/hidrosistem.al\/new\/wp-json\/wp\/v2\/media?parent=9494"}],"wp:term":[{"taxonomy":"product_cat","embeddable":true,"href":"https:\/\/hidrosistem.al\/new\/wp-json\/wp\/v2\/product_cat?post=9494"},{"taxonomy":"product_tag","embeddable":true,"href":"https:\/\/hidrosistem.al\/new\/wp-json\/wp\/v2\/product_tag?post=9494"}],"curies":[{"name":"wp","href":"https:\/\/api.w.org\/{rel}","templated":true}]}}