{"id":9434,"date":"2023-10-24T21:19:32","date_gmt":"2023-10-24T21:19:32","guid":{"rendered":"https:\/\/hidrosistem.al\/new\/?post_type=product&#038;p=9434"},"modified":"2023-11-25T09:45:28","modified_gmt":"2023-11-25T09:45:28","slug":"pompe-kaldaje-wilo-star-rs-25-6-mf-4032956","status":"publish","type":"product","link":"https:\/\/hidrosistem.al\/new\/product\/pompe-kaldaje-wilo-star-rs-25-6-mf-4032956\/","title":{"rendered":"Pompe Kaldaje Wilo STAR-RS 25\/6-MF-4032956"},"content":{"rendered":"<p><span data-sheets-value=\"{&quot;1&quot;:2,&quot;2&quot;:&quot;Pomp\u00eb qarkullimi me rotor p\u00ebr instalimin e tubave ,me \u00e7el\u00ebs manual shpejt\u00ebsie me 3 faza.\\n\\nMe motor rezistent ndaj rrym\u00ebs. Kutia e pomp\u00ebs prej gize (bronz n\u00eb var\u00ebsi t\u00eb llojit te modelit ), shtyt\u00ebs i b\u00ebr\u00eb nga plastika e p\u00ebrforcuar me qelq, bosht prej \u00e7eliku inox me kushineta t\u00eb thjeshta karboni t\u00eb ngopur me metal. P\u00ebrdoret si etalon n\u00eb sistemet me uj\u00eb t\u00eb ftoht\u00eb deri n\u00eb -10\u00b0C.\\n\\nSiguria ofrohet fal\u00eb boshtit t\u00eb perforuar dhe nj\u00ebsis\u00eb s\u00eb filtrit p\u00ebrpara fishekut .&quot;}\" data-sheets-userformat=\"{&quot;2&quot;:14829,&quot;3&quot;:{&quot;1&quot;:0,&quot;3&quot;:1},&quot;5&quot;:{&quot;1&quot;:[{&quot;1&quot;:2,&quot;2&quot;:0,&quot;5&quot;:{&quot;1&quot;:2,&quot;2&quot;:0}},{&quot;1&quot;:0,&quot;2&quot;:0,&quot;3&quot;:3},{&quot;1&quot;:1,&quot;2&quot;:0,&quot;4&quot;:2}]},&quot;6&quot;:{&quot;1&quot;:[{&quot;1&quot;:2,&quot;2&quot;:0,&quot;5&quot;:{&quot;1&quot;:2,&quot;2&quot;:0}},{&quot;1&quot;:0,&quot;2&quot;:0,&quot;3&quot;:3},{&quot;1&quot;:1,&quot;2&quot;:0,&quot;4&quot;:2}]},&quot;8&quot;:{&quot;1&quot;:[{&quot;1&quot;:2,&quot;2&quot;:0,&quot;5&quot;:{&quot;1&quot;:2,&quot;2&quot;:0}},{&quot;1&quot;:0,&quot;2&quot;:0,&quot;3&quot;:3},{&quot;1&quot;:1,&quot;2&quot;:0,&quot;4&quot;:2}]},&quot;9&quot;:0,&quot;10&quot;:1,&quot;11&quot;:4,&quot;14&quot;:{&quot;1&quot;:2,&quot;2&quot;:0},&quot;15&quot;:&quot;Times New Roman&quot;,&quot;16&quot;:8}\">Pomp\u00eb qarkullimi me rotor p\u00ebr instalimin e tubave ,me \u00e7el\u00ebs manual shpejt\u00ebsie me 3 faza.<\/span><\/p>\n<p>Me motor rezistent ndaj rrym\u00ebs. Kutia e pomp\u00ebs prej gize (bronz n\u00eb var\u00ebsi t\u00eb llojit te modelit ), shtyt\u00ebs i b\u00ebr\u00eb nga plastika e p\u00ebrforcuar me qelq, bosht prej \u00e7eliku inox me kushineta t\u00eb thjeshta karboni t\u00eb ngopur me metal. P\u00ebrdoret si etalon n\u00eb sistemet me uj\u00eb t\u00eb ftoht\u00eb deri n\u00eb -10\u00b0C.<\/p>\n<p>Siguria ofrohet fal\u00eb boshtit t\u00eb perforuar dhe nj\u00ebsis\u00eb s\u00eb filtrit p\u00ebrpara fishekut .<\/p>\n","protected":false},"excerpt":{"rendered":"<p>Pomp\u00eb qarkullimi me rotor p\u00ebr instalimin e tubave ,me \u00e7el\u00ebs manual shpejt\u00ebsie me 3 faza. Me motor rezistent ndaj rrym\u00ebs.<\/p>\n","protected":false},"featured_media":9432,"template":"","meta":[],"product_cat":[523],"product_tag":[],"class_list":["post-9434","product","type-product","status-publish","has-post-thumbnail","hentry","product_cat-pompa-qarkulluese"],"_links":{"self":[{"href":"https:\/\/hidrosistem.al\/new\/wp-json\/wp\/v2\/product\/9434","targetHints":{"allow":["GET"]}}],"collection":[{"href":"https:\/\/hidrosistem.al\/new\/wp-json\/wp\/v2\/product"}],"about":[{"href":"https:\/\/hidrosistem.al\/new\/wp-json\/wp\/v2\/types\/product"}],"version-history":[{"count":1,"href":"https:\/\/hidrosistem.al\/new\/wp-json\/wp\/v2\/product\/9434\/revisions"}],"predecessor-version":[{"id":9435,"href":"https:\/\/hidrosistem.al\/new\/wp-json\/wp\/v2\/product\/9434\/revisions\/9435"}],"wp:featuredmedia":[{"embeddable":true,"href":"https:\/\/hidrosistem.al\/new\/wp-json\/wp\/v2\/media\/9432"}],"wp:attachment":[{"href":"https:\/\/hidrosistem.al\/new\/wp-json\/wp\/v2\/media?parent=9434"}],"wp:term":[{"taxonomy":"product_cat","embeddable":true,"href":"https:\/\/hidrosistem.al\/new\/wp-json\/wp\/v2\/product_cat?post=9434"},{"taxonomy":"product_tag","embeddable":true,"href":"https:\/\/hidrosistem.al\/new\/wp-json\/wp\/v2\/product_tag?post=9434"}],"curies":[{"name":"wp","href":"https:\/\/api.w.org\/{rel}","templated":true}]}}