{"id":9150,"date":"2023-10-16T00:32:17","date_gmt":"2023-10-16T00:32:17","guid":{"rendered":"https:\/\/hidrosistem.al\/new\/?post_type=product&#038;p=9150"},"modified":"2023-10-16T00:35:13","modified_gmt":"2023-10-16T00:35:13","slug":"saracinesk-me-hollandez","status":"publish","type":"product","link":"https:\/\/hidrosistem.al\/new\/product\/saracinesk-me-hollandez\/","title":{"rendered":"SARACINESK ME HOLLANDEZ"},"content":{"rendered":"<p>Valvul sferike uji me lidh\u00ebs me doreze T e kuqe .<br \/>\n\u2022 Fije ISO 228<br \/>\n\u2022 Intervali i temperatur\u00ebs min -10\u00b0C &#8211; max +I20\u00b0C .<br \/>\nValvula e p\u00ebrshtatshme p\u00ebr shp\u00ebrndarjen dhe<br \/>\nnd\u00ebrprerjen e l\u00ebngjeve q\u00eb jan\u00eb p\u00ebrgjith\u00ebsisht jo korrozive,<br \/>\nn\u00eb p\u00ebrputhje me materialet e valvulave.<br \/>\nSektori i sistemeve hidraulike , ngrohjes, industris\u00eb dhe bujq\u00ebsis\u00eb jan\u00eb fushat<br \/>\nideale t\u00eb aplikimit.<br \/>\n\u00cbsht\u00eb nj\u00eb valvul me hapje t\u00eb plot\u00eb dhe vula e sferike \u00ebsht\u00eb e garantuar nga dy<br \/>\nndenj\u00ebse PTFE.<br \/>\nGrumbullimi i mekanizmit t\u00eb funksionimit p\u00ebrmban dy Unaza 0 me nj\u00eb trung<br \/>\nt\u00eb instaluar brenda dhe sistem kund\u00ebr nxjerrjes.<br \/>\nK\u00ebshillohet q\u00eb t\u00eb kryhet nj\u00eb cik\u00ebl i plot\u00eb manovrimi t\u00eb pakt\u00ebn nj\u00eb her\u00eb n\u00eb tre muaj,<br \/>\nn\u00eb m\u00ebnyr\u00eb q\u00eb t\u00eb parandalohen depozitimet e g\u00eblqeres q\u00eb mund t\u00eb komprometojn\u00eb<br \/>\nfunksionimin e valvul\u00ebs.<\/p>\n","protected":false},"excerpt":{"rendered":"<p>Valvul sferike uji me lidh\u00ebs me doreze T e kuqe . \u2022 Fije ISO 228 \u2022 Intervali i temperatur\u00ebs min<\/p>\n","protected":false},"featured_media":9163,"template":"","meta":[],"product_cat":[342],"product_tag":[],"class_list":["post-9150","product","type-product","status-publish","has-post-thumbnail","hentry","product_cat-hidraulike"],"_links":{"self":[{"href":"https:\/\/hidrosistem.al\/new\/wp-json\/wp\/v2\/product\/9150","targetHints":{"allow":["GET"]}}],"collection":[{"href":"https:\/\/hidrosistem.al\/new\/wp-json\/wp\/v2\/product"}],"about":[{"href":"https:\/\/hidrosistem.al\/new\/wp-json\/wp\/v2\/types\/product"}],"version-history":[{"count":1,"href":"https:\/\/hidrosistem.al\/new\/wp-json\/wp\/v2\/product\/9150\/revisions"}],"predecessor-version":[{"id":9166,"href":"https:\/\/hidrosistem.al\/new\/wp-json\/wp\/v2\/product\/9150\/revisions\/9166"}],"wp:featuredmedia":[{"embeddable":true,"href":"https:\/\/hidrosistem.al\/new\/wp-json\/wp\/v2\/media\/9163"}],"wp:attachment":[{"href":"https:\/\/hidrosistem.al\/new\/wp-json\/wp\/v2\/media?parent=9150"}],"wp:term":[{"taxonomy":"product_cat","embeddable":true,"href":"https:\/\/hidrosistem.al\/new\/wp-json\/wp\/v2\/product_cat?post=9150"},{"taxonomy":"product_tag","embeddable":true,"href":"https:\/\/hidrosistem.al\/new\/wp-json\/wp\/v2\/product_tag?post=9150"}],"curies":[{"name":"wp","href":"https:\/\/api.w.org\/{rel}","templated":true}]}}