{"id":9076,"date":"2023-10-15T23:58:14","date_gmt":"2023-10-15T23:58:14","guid":{"rendered":"https:\/\/hidrosistem.al\/new\/?post_type=product&#038;p=9076"},"modified":"2026-02-02T09:45:01","modified_gmt":"2026-02-02T09:45:01","slug":"reduksion-pp-magna-fi-40-32-i-shkurter-i-bardhe","status":"publish","type":"product","link":"https:\/\/hidrosistem.al\/new\/product\/reduksion-pp-magna-fi-40-32-i-shkurter-i-bardhe\/","title":{"rendered":"Reduksion Magnaplast PP \u00d840\/32 i shkurt\u00ebr, i bardh\u00eb"},"content":{"rendered":"<p>Magnaplast \u00ebsht\u00eb nj\u00eb prodhues lider i sistemeve moderne t\u00eb kanalizimeve dhe tubacioneve plastike, pjes\u00eb e nj\u00eb holdingu t\u00eb njohur gjerman t\u00eb p\u00ebrpunimit t\u00eb plastik\u00ebs. Me nj\u00eb rrjet t\u00eb zhvilluar distribuimi dhe l\u00ebnd\u00eb t\u00eb para cil\u00ebsore, produkte t\u00eb mark\u00ebs Magnaplast ofrojn\u00eb zgjidhje efektive, t\u00eb q\u00ebndrueshme dhe me performanc\u00eb t\u00eb lart\u00eb p\u00ebr projekte t\u00eb brendshme dhe t\u00eb jashtme infrastrukturale.<\/p>\n","protected":false},"excerpt":{"rendered":"<p>Magnaplast \u00ebsht\u00eb nj\u00eb prodhues lider i sistemeve moderne t\u00eb kanalizimeve dhe tubacioneve plastike, pjes\u00eb e nj\u00eb holdingu t\u00eb njohur gjerman<\/p>\n","protected":false},"featured_media":15223,"template":"","meta":[],"product_cat":[342,463,520],"product_tag":[],"class_list":["post-9076","product","type-product","status-publish","has-post-thumbnail","hentry","product_cat-hidraulike","product_cat-rakorderi","product_cat-rakorderi-pp"],"_links":{"self":[{"href":"https:\/\/hidrosistem.al\/new\/wp-json\/wp\/v2\/product\/9076","targetHints":{"allow":["GET"]}}],"collection":[{"href":"https:\/\/hidrosistem.al\/new\/wp-json\/wp\/v2\/product"}],"about":[{"href":"https:\/\/hidrosistem.al\/new\/wp-json\/wp\/v2\/types\/product"}],"version-history":[{"count":3,"href":"https:\/\/hidrosistem.al\/new\/wp-json\/wp\/v2\/product\/9076\/revisions"}],"predecessor-version":[{"id":15227,"href":"https:\/\/hidrosistem.al\/new\/wp-json\/wp\/v2\/product\/9076\/revisions\/15227"}],"wp:featuredmedia":[{"embeddable":true,"href":"https:\/\/hidrosistem.al\/new\/wp-json\/wp\/v2\/media\/15223"}],"wp:attachment":[{"href":"https:\/\/hidrosistem.al\/new\/wp-json\/wp\/v2\/media?parent=9076"}],"wp:term":[{"taxonomy":"product_cat","embeddable":true,"href":"https:\/\/hidrosistem.al\/new\/wp-json\/wp\/v2\/product_cat?post=9076"},{"taxonomy":"product_tag","embeddable":true,"href":"https:\/\/hidrosistem.al\/new\/wp-json\/wp\/v2\/product_tag?post=9076"}],"curies":[{"name":"wp","href":"https:\/\/api.w.org\/{rel}","templated":true}]}}