{"id":9075,"date":"2023-10-15T23:57:53","date_gmt":"2023-10-15T23:57:53","guid":{"rendered":"https:\/\/hidrosistem.al\/new\/?post_type=product&#038;p=9075"},"modified":"2023-10-15T23:57:53","modified_gmt":"2023-10-15T23:57:53","slug":"demm-grup-lavapjate-i-bardhe-me-krahe-cod-8085b","status":"publish","type":"product","link":"https:\/\/hidrosistem.al\/new\/product\/demm-grup-lavapjate-i-bardhe-me-krahe-cod-8085b\/","title":{"rendered":"Demm-Grup lavapjate i Bardhe me krahe (cod.8085B)"},"content":{"rendered":"<p>DEMM Rubinetteria me pasion mbi 50 vjet q\u00eb punon n\u00eb sektorin e rubineteve hidrosanitare. Demm Rubinetteria vazhdimisht investon n\u00eb k\u00ebrkimin dhe zhvillimin e produkteve t\u00eb reja projektuar p\u00ebr t\u00eb pasur efikasitet maksimal duke siguruar dizajni dhe cil\u00ebsia. DEMM, garanton siguri dhe besueshm\u00ebri n\u00eb p\u00ebrputhje me standardet e larta nd\u00ebrkomb\u00ebtare t\u00eb cil\u00ebsis\u00eb.<\/p>\n","protected":false},"excerpt":{"rendered":"<p>DEMM Rubinetteria me pasion mbi 50 vjet q\u00eb punon n\u00eb sektorin e rubineteve hidrosanitare. Demm Rubinetteria vazhdimisht investon n\u00eb k\u00ebrkimin<\/p>\n","protected":false},"featured_media":9077,"template":"","meta":[],"product_cat":[340],"product_tag":[],"class_list":["post-9075","product","type-product","status-publish","has-post-thumbnail","hentry","product_cat-hidrosanitare"],"_links":{"self":[{"href":"https:\/\/hidrosistem.al\/new\/wp-json\/wp\/v2\/product\/9075","targetHints":{"allow":["GET"]}}],"collection":[{"href":"https:\/\/hidrosistem.al\/new\/wp-json\/wp\/v2\/product"}],"about":[{"href":"https:\/\/hidrosistem.al\/new\/wp-json\/wp\/v2\/types\/product"}],"version-history":[{"count":1,"href":"https:\/\/hidrosistem.al\/new\/wp-json\/wp\/v2\/product\/9075\/revisions"}],"predecessor-version":[{"id":9079,"href":"https:\/\/hidrosistem.al\/new\/wp-json\/wp\/v2\/product\/9075\/revisions\/9079"}],"wp:featuredmedia":[{"embeddable":true,"href":"https:\/\/hidrosistem.al\/new\/wp-json\/wp\/v2\/media\/9077"}],"wp:attachment":[{"href":"https:\/\/hidrosistem.al\/new\/wp-json\/wp\/v2\/media?parent=9075"}],"wp:term":[{"taxonomy":"product_cat","embeddable":true,"href":"https:\/\/hidrosistem.al\/new\/wp-json\/wp\/v2\/product_cat?post=9075"},{"taxonomy":"product_tag","embeddable":true,"href":"https:\/\/hidrosistem.al\/new\/wp-json\/wp\/v2\/product_tag?post=9075"}],"curies":[{"name":"wp","href":"https:\/\/api.w.org\/{rel}","templated":true}]}}