{"id":8850,"date":"2023-10-15T23:02:36","date_gmt":"2023-10-15T23:02:36","guid":{"rendered":"https:\/\/hidrosistem.al\/new\/?post_type=product&#038;p=8850"},"modified":"2025-12-03T10:03:14","modified_gmt":"2025-12-03T10:03:14","slug":"demm-grup-dushikollone-cod-1584117841","status":"publish","type":"product","link":"https:\/\/hidrosistem.al\/new\/product\/demm-grup-dushikollone-cod-1584117841\/","title":{"rendered":"Grup dushi+kollon\u00eb Demm"},"content":{"rendered":"<p>DEMM Rubinetteria \u00ebsht\u00eb nj\u00eb mark\u00eb italiane me mbi 50 vjet p\u00ebrvoj\u00eb n\u00eb treg, e specializuar n\u00eb rubinet\u00eb dhe pajisje sanitare me standarde t\u00eb larta cil\u00ebsie. Kombinon dizajnin elegant me teknologji t\u00eb besueshme p\u00ebr tualete dhe kuzhina moderne. DEMM, garanton siguri dhe besueshm\u00ebri n\u00eb p\u00ebrputhje me standardet e larta nd\u00ebrkomb\u00ebtare t\u00eb cil\u00ebsis\u00eb.<\/p>\n<p>Kodi i produktit: 15841, 17841<\/p>\n","protected":false},"excerpt":{"rendered":"<p>DEMM Rubinetteria \u00ebsht\u00eb nj\u00eb mark\u00eb italiane me mbi 50 vjet p\u00ebrvoj\u00eb n\u00eb treg, e specializuar n\u00eb rubinet\u00eb dhe pajisje sanitare<\/p>\n","protected":false},"featured_media":8852,"template":"","meta":[],"product_cat":[340,485,579],"product_tag":[],"class_list":["post-8850","product","type-product","status-publish","has-post-thumbnail","hentry","product_cat-hidrosanitare","product_cat-kabina-dushi","product_cat-grup-dushi"],"_links":{"self":[{"href":"https:\/\/hidrosistem.al\/new\/wp-json\/wp\/v2\/product\/8850","targetHints":{"allow":["GET"]}}],"collection":[{"href":"https:\/\/hidrosistem.al\/new\/wp-json\/wp\/v2\/product"}],"about":[{"href":"https:\/\/hidrosistem.al\/new\/wp-json\/wp\/v2\/types\/product"}],"version-history":[{"count":4,"href":"https:\/\/hidrosistem.al\/new\/wp-json\/wp\/v2\/product\/8850\/revisions"}],"predecessor-version":[{"id":13190,"href":"https:\/\/hidrosistem.al\/new\/wp-json\/wp\/v2\/product\/8850\/revisions\/13190"}],"wp:featuredmedia":[{"embeddable":true,"href":"https:\/\/hidrosistem.al\/new\/wp-json\/wp\/v2\/media\/8852"}],"wp:attachment":[{"href":"https:\/\/hidrosistem.al\/new\/wp-json\/wp\/v2\/media?parent=8850"}],"wp:term":[{"taxonomy":"product_cat","embeddable":true,"href":"https:\/\/hidrosistem.al\/new\/wp-json\/wp\/v2\/product_cat?post=8850"},{"taxonomy":"product_tag","embeddable":true,"href":"https:\/\/hidrosistem.al\/new\/wp-json\/wp\/v2\/product_tag?post=8850"}],"curies":[{"name":"wp","href":"https:\/\/api.w.org\/{rel}","templated":true}]}}