{"id":8635,"date":"2023-10-15T22:06:48","date_gmt":"2023-10-15T22:06:48","guid":{"rendered":"https:\/\/hidrosistem.al\/new\/?post_type=product&#038;p=8635"},"modified":"2023-10-15T22:06:48","modified_gmt":"2023-10-15T22:06:48","slug":"kalorifer-banje-celiku-bombe","status":"publish","type":"product","link":"https:\/\/hidrosistem.al\/new\/product\/kalorifer-banje-celiku-bombe\/","title":{"rendered":"Kalorifer banje celiku bombe"},"content":{"rendered":"<p>Kompania \u00ebsht\u00eb nj\u00eb pioniere n\u00eb industrin\u00eb e ngrohjes, hidraulik\u00ebs dhe ajrit t\u00eb kondicionuar, dhe ka qen\u00eb e till\u00eb q\u00eb nga themelimi i saj deri m\u00eb sot. Ne prodhojm\u00eb dhe importojm\u00eb produkte inovative nga industri q\u00eb jan\u00eb lider n\u00eb fushat e tyre dhe eksportojm\u00eb n\u00eb mbi 21 vende.<\/p>\n","protected":false},"excerpt":{"rendered":"<p>Kompania \u00ebsht\u00eb nj\u00eb pioniere n\u00eb industrin\u00eb e ngrohjes, hidraulik\u00ebs dhe ajrit t\u00eb kondicionuar, dhe ka qen\u00eb e till\u00eb q\u00eb nga<\/p>\n","protected":false},"featured_media":8637,"template":"","meta":[],"product_cat":[342],"product_tag":[],"class_list":["post-8635","product","type-product","status-publish","has-post-thumbnail","hentry","product_cat-hidraulike"],"_links":{"self":[{"href":"https:\/\/hidrosistem.al\/new\/wp-json\/wp\/v2\/product\/8635","targetHints":{"allow":["GET"]}}],"collection":[{"href":"https:\/\/hidrosistem.al\/new\/wp-json\/wp\/v2\/product"}],"about":[{"href":"https:\/\/hidrosistem.al\/new\/wp-json\/wp\/v2\/types\/product"}],"version-history":[{"count":1,"href":"https:\/\/hidrosistem.al\/new\/wp-json\/wp\/v2\/product\/8635\/revisions"}],"predecessor-version":[{"id":8643,"href":"https:\/\/hidrosistem.al\/new\/wp-json\/wp\/v2\/product\/8635\/revisions\/8643"}],"wp:featuredmedia":[{"embeddable":true,"href":"https:\/\/hidrosistem.al\/new\/wp-json\/wp\/v2\/media\/8637"}],"wp:attachment":[{"href":"https:\/\/hidrosistem.al\/new\/wp-json\/wp\/v2\/media?parent=8635"}],"wp:term":[{"taxonomy":"product_cat","embeddable":true,"href":"https:\/\/hidrosistem.al\/new\/wp-json\/wp\/v2\/product_cat?post=8635"},{"taxonomy":"product_tag","embeddable":true,"href":"https:\/\/hidrosistem.al\/new\/wp-json\/wp\/v2\/product_tag?post=8635"}],"curies":[{"name":"wp","href":"https:\/\/api.w.org\/{rel}","templated":true}]}}