{"id":8596,"date":"2023-10-15T21:58:08","date_gmt":"2023-10-15T21:58:08","guid":{"rendered":"https:\/\/hidrosistem.al\/new\/?post_type=product&#038;p=8596"},"modified":"2023-10-16T00:20:47","modified_gmt":"2023-10-16T00:20:47","slug":"rezistence-per-kalorifere-banjo-600-w-me-timertouche-bardhe","status":"publish","type":"product","link":"https:\/\/hidrosistem.al\/new\/product\/rezistence-per-kalorifere-banjo-600-w-me-timertouche-bardhe\/","title":{"rendered":"Rezistence per Kalorifere Banjo me timer+touch,e bardhe"},"content":{"rendered":"<p>Kompania \u00ebsht\u00eb nj\u00eb pioniere n\u00eb industrin\u00eb e ngrohjes, hidraulik\u00ebs dhe ajrit t\u00eb kondicionuar, dhe ka qen\u00eb e till\u00eb q\u00eb nga themelimi i saj deri m\u00eb sot. Ne prodhojm\u00eb dhe importojm\u00eb produkte inovative nga industri q\u00eb jan\u00eb lider n\u00eb fushat e tyre dhe eksportojm\u00eb n\u00eb mbi 21 vende.<\/p>\n","protected":false},"excerpt":{"rendered":"<p>Kompania \u00ebsht\u00eb nj\u00eb pioniere n\u00eb industrin\u00eb e ngrohjes, hidraulik\u00ebs dhe ajrit t\u00eb kondicionuar, dhe ka qen\u00eb e till\u00eb q\u00eb nga<\/p>\n","protected":false},"featured_media":8597,"template":"","meta":[],"product_cat":[342],"product_tag":[],"class_list":["post-8596","product","type-product","status-publish","has-post-thumbnail","hentry","product_cat-hidraulike"],"_links":{"self":[{"href":"https:\/\/hidrosistem.al\/new\/wp-json\/wp\/v2\/product\/8596","targetHints":{"allow":["GET"]}}],"collection":[{"href":"https:\/\/hidrosistem.al\/new\/wp-json\/wp\/v2\/product"}],"about":[{"href":"https:\/\/hidrosistem.al\/new\/wp-json\/wp\/v2\/types\/product"}],"version-history":[{"count":2,"href":"https:\/\/hidrosistem.al\/new\/wp-json\/wp\/v2\/product\/8596\/revisions"}],"predecessor-version":[{"id":8605,"href":"https:\/\/hidrosistem.al\/new\/wp-json\/wp\/v2\/product\/8596\/revisions\/8605"}],"wp:featuredmedia":[{"embeddable":true,"href":"https:\/\/hidrosistem.al\/new\/wp-json\/wp\/v2\/media\/8597"}],"wp:attachment":[{"href":"https:\/\/hidrosistem.al\/new\/wp-json\/wp\/v2\/media?parent=8596"}],"wp:term":[{"taxonomy":"product_cat","embeddable":true,"href":"https:\/\/hidrosistem.al\/new\/wp-json\/wp\/v2\/product_cat?post=8596"},{"taxonomy":"product_tag","embeddable":true,"href":"https:\/\/hidrosistem.al\/new\/wp-json\/wp\/v2\/product_tag?post=8596"}],"curies":[{"name":"wp","href":"https:\/\/api.w.org\/{rel}","templated":true}]}}