{"id":8522,"date":"2023-10-15T21:44:38","date_gmt":"2023-10-15T21:44:38","guid":{"rendered":"https:\/\/hidrosistem.al\/new\/?post_type=product&#038;p=8522"},"modified":"2023-10-15T21:44:38","modified_gmt":"2023-10-15T21:44:38","slug":"valvul-termikepresioni-per-panel-diellor-22x3-4","status":"publish","type":"product","link":"https:\/\/hidrosistem.al\/new\/product\/valvul-termikepresioni-per-panel-diellor-22x3-4\/","title":{"rendered":"Valvul termike&#038;presioni per panel diellor 22&#215;3\/4&#8243;"},"content":{"rendered":"<p>Kompania \u00ebsht\u00eb nj\u00eb pioniere n\u00eb industrin\u00eb e ngrohjes, hidraulik\u00ebs dhe ajrit t\u00eb kondicionuar, dhe ka qen\u00eb e till\u00eb q\u00eb nga themelimi i saj deri m\u00eb sot. Ne prodhojm\u00eb dhe importojm\u00eb produkte inovative nga industri q\u00eb jan\u00eb lider n\u00eb fushat e tyre dhe eksportojm\u00eb n\u00eb mbi 21 vende.<\/p>\n","protected":false},"excerpt":{"rendered":"<p>Kompania \u00ebsht\u00eb nj\u00eb pioniere n\u00eb industrin\u00eb e ngrohjes, hidraulik\u00ebs dhe ajrit t\u00eb kondicionuar, dhe ka qen\u00eb e till\u00eb q\u00eb nga<\/p>\n","protected":false},"featured_media":8525,"template":"","meta":[],"product_cat":[342],"product_tag":[],"class_list":["post-8522","product","type-product","status-publish","has-post-thumbnail","hentry","product_cat-hidraulike"],"_links":{"self":[{"href":"https:\/\/hidrosistem.al\/new\/wp-json\/wp\/v2\/product\/8522","targetHints":{"allow":["GET"]}}],"collection":[{"href":"https:\/\/hidrosistem.al\/new\/wp-json\/wp\/v2\/product"}],"about":[{"href":"https:\/\/hidrosistem.al\/new\/wp-json\/wp\/v2\/types\/product"}],"version-history":[{"count":1,"href":"https:\/\/hidrosistem.al\/new\/wp-json\/wp\/v2\/product\/8522\/revisions"}],"predecessor-version":[{"id":8526,"href":"https:\/\/hidrosistem.al\/new\/wp-json\/wp\/v2\/product\/8522\/revisions\/8526"}],"wp:featuredmedia":[{"embeddable":true,"href":"https:\/\/hidrosistem.al\/new\/wp-json\/wp\/v2\/media\/8525"}],"wp:attachment":[{"href":"https:\/\/hidrosistem.al\/new\/wp-json\/wp\/v2\/media?parent=8522"}],"wp:term":[{"taxonomy":"product_cat","embeddable":true,"href":"https:\/\/hidrosistem.al\/new\/wp-json\/wp\/v2\/product_cat?post=8522"},{"taxonomy":"product_tag","embeddable":true,"href":"https:\/\/hidrosistem.al\/new\/wp-json\/wp\/v2\/product_tag?post=8522"}],"curies":[{"name":"wp","href":"https:\/\/api.w.org\/{rel}","templated":true}]}}