{"id":8263,"date":"2023-10-14T07:47:41","date_gmt":"2023-10-14T07:47:41","guid":{"rendered":"https:\/\/hidrosistem.al\/new\/?post_type=product&#038;p=8263"},"modified":"2023-11-07T08:34:23","modified_gmt":"2023-11-07T08:34:23","slug":"pakete-elektronike-bolieri-smart-box-wi-fi","status":"publish","type":"product","link":"https:\/\/hidrosistem.al\/new\/product\/pakete-elektronike-bolieri-smart-box-wi-fi\/","title":{"rendered":"Pakete elektronike bolieri-Smart box wi-fi"},"content":{"rendered":"<p>ECOFER prodhon produkte inovative n\u00eb p\u00ebrputhje me direktivat, standardet dhe rregulloret m\u00eb t\u00eb fundit evropiane, t\u00eb disponueshme n\u00eb tregun grek, Evrop\u00eb, Afrik\u00ebn e Veriut, Lindjen e Mesme, Emiratet e Bashkuara Arabe dhe Arabin\u00eb Saudite.<\/p>\n","protected":false},"excerpt":{"rendered":"<p>ECOFER prodhon produkte inovative n\u00eb p\u00ebrputhje me direktivat, standardet dhe rregulloret m\u00eb t\u00eb fundit evropiane, t\u00eb disponueshme n\u00eb tregun grek,<\/p>\n","protected":false},"featured_media":8264,"template":"","meta":[],"product_cat":[494],"product_tag":[],"class_list":["post-8263","product","type-product","status-publish","has-post-thumbnail","hentry","product_cat-stacion-qarkullues"],"_links":{"self":[{"href":"https:\/\/hidrosistem.al\/new\/wp-json\/wp\/v2\/product\/8263","targetHints":{"allow":["GET"]}}],"collection":[{"href":"https:\/\/hidrosistem.al\/new\/wp-json\/wp\/v2\/product"}],"about":[{"href":"https:\/\/hidrosistem.al\/new\/wp-json\/wp\/v2\/types\/product"}],"version-history":[{"count":1,"href":"https:\/\/hidrosistem.al\/new\/wp-json\/wp\/v2\/product\/8263\/revisions"}],"predecessor-version":[{"id":8265,"href":"https:\/\/hidrosistem.al\/new\/wp-json\/wp\/v2\/product\/8263\/revisions\/8265"}],"wp:featuredmedia":[{"embeddable":true,"href":"https:\/\/hidrosistem.al\/new\/wp-json\/wp\/v2\/media\/8264"}],"wp:attachment":[{"href":"https:\/\/hidrosistem.al\/new\/wp-json\/wp\/v2\/media?parent=8263"}],"wp:term":[{"taxonomy":"product_cat","embeddable":true,"href":"https:\/\/hidrosistem.al\/new\/wp-json\/wp\/v2\/product_cat?post=8263"},{"taxonomy":"product_tag","embeddable":true,"href":"https:\/\/hidrosistem.al\/new\/wp-json\/wp\/v2\/product_tag?post=8263"}],"curies":[{"name":"wp","href":"https:\/\/api.w.org\/{rel}","templated":true}]}}