{"id":8209,"date":"2023-10-14T07:26:43","date_gmt":"2023-10-14T07:26:43","guid":{"rendered":"https:\/\/hidrosistem.al\/new\/?post_type=product&#038;p=8209"},"modified":"2023-11-10T17:28:24","modified_gmt":"2023-11-10T17:28:24","slug":"bolier-elektrik-80-lt-v4kw-elco","status":"publish","type":"product","link":"https:\/\/hidrosistem.al\/new\/product\/bolier-elektrik-80-lt-v4kw-elco\/","title":{"rendered":"Bolier elektrik 80 lt V,4kw-ELCO"},"content":{"rendered":"<p>ELCO VAGIONIS S.A. \u00ebsht\u00eb sot nj\u00eb nga kompanit\u00eb m\u00eb t\u00eb m\u00ebdha t\u00eb prodhimit t\u00eb pajisjeve sht\u00ebpiake n\u00eb Greqi. Nj\u00eb kompani e suksesshme dhe konkurruese e themeluar n\u00eb vitin 1960 nga familja Vgionis, duke pasur gjithmon\u00eb n\u00eb qend\u00ebr t\u00eb aktiviteteve risit\u00eb, partner\u00ebt dhe klient\u00ebt.ELCO \u00ebsht\u00eb prodhues dhe distributor i nj\u00eb linje t\u00eb plot\u00eb t\u00eb produkteve t\u00eb ngrohjes s\u00eb ujit, e cila p\u00ebrfshin ngroh\u00ebs elektrik\u00eb t\u00eb ujit, ngroh\u00ebs diellor\u00eb t\u00eb ujit si dhe kaldaja vertikale t\u00eb dhomave t\u00eb kaldajave n\u00ebn mark\u00ebn ELCO si dhe markat e klient\u00ebve t\u00eb saj.<\/p>\n<p>Kapaciteti: 80 litra<br \/>\nKapaciteti i p\u00ebrshtatsh\u00ebm p\u00ebr 3-4 persona<br \/>\nKaldaja \u00e7eliku e specifikimeve speciale e testuar n\u00eb 16 bar<br \/>\nMbrojtja e brendshme e bojlerit me nj\u00eb shtres\u00eb t\u00eb ve\u00e7ant\u00eb xham DURO GLASS<br \/>\nMbrojtje katodike e bojlerit me shuf\u00ebr shum\u00eb t\u00eb madhe magnezi ELCO<br \/>\nRezistenca 3,0 kW ose 3,7 kW me ngarkes\u00eb t\u00eb ul\u00ebt 316L<br \/>\nTermostat sigurie me sigures\u00eb t\u00eb ve\u00e7ant\u00eb termoelektrike t\u00eb integruar<br \/>\nValvul sigurie me membrane dhe kullim<br \/>\nTermometri i jasht\u00ebm<br \/>\nDrita treguese e fuqis\u00eb<br \/>\nFllanxha e madhe inspektimi p\u00ebr mir\u00ebmbajtje m\u00eb t\u00eb leht\u00eb t\u00eb ngroh\u00ebsit t\u00eb ujit<br \/>\nIzolim ekologjik i p\u00ebrforcuar nga poliuretani<br \/>\n5 vjet garanci<\/p>\n","protected":false},"excerpt":{"rendered":"<p>ELCO VAGIONIS S.A. \u00ebsht\u00eb sot nj\u00eb nga kompanit\u00eb m\u00eb t\u00eb m\u00ebdha t\u00eb prodhimit t\u00eb pajisjeve sht\u00ebpiake n\u00eb Greqi. Nj\u00eb kompani<\/p>\n","protected":false},"featured_media":8210,"template":"","meta":[],"product_cat":[500],"product_tag":[],"class_list":["post-8209","product","type-product","status-publish","has-post-thumbnail","hentry","product_cat-bolier-panele-diellore"],"_links":{"self":[{"href":"https:\/\/hidrosistem.al\/new\/wp-json\/wp\/v2\/product\/8209","targetHints":{"allow":["GET"]}}],"collection":[{"href":"https:\/\/hidrosistem.al\/new\/wp-json\/wp\/v2\/product"}],"about":[{"href":"https:\/\/hidrosistem.al\/new\/wp-json\/wp\/v2\/types\/product"}],"version-history":[{"count":1,"href":"https:\/\/hidrosistem.al\/new\/wp-json\/wp\/v2\/product\/8209\/revisions"}],"predecessor-version":[{"id":8211,"href":"https:\/\/hidrosistem.al\/new\/wp-json\/wp\/v2\/product\/8209\/revisions\/8211"}],"wp:featuredmedia":[{"embeddable":true,"href":"https:\/\/hidrosistem.al\/new\/wp-json\/wp\/v2\/media\/8210"}],"wp:attachment":[{"href":"https:\/\/hidrosistem.al\/new\/wp-json\/wp\/v2\/media?parent=8209"}],"wp:term":[{"taxonomy":"product_cat","embeddable":true,"href":"https:\/\/hidrosistem.al\/new\/wp-json\/wp\/v2\/product_cat?post=8209"},{"taxonomy":"product_tag","embeddable":true,"href":"https:\/\/hidrosistem.al\/new\/wp-json\/wp\/v2\/product_tag?post=8209"}],"curies":[{"name":"wp","href":"https:\/\/api.w.org\/{rel}","templated":true}]}}