{"id":8201,"date":"2023-10-14T07:21:59","date_gmt":"2023-10-14T07:21:59","guid":{"rendered":"https:\/\/hidrosistem.al\/new\/?post_type=product&#038;p=8201"},"modified":"2023-11-10T19:35:51","modified_gmt":"2023-11-10T19:35:51","slug":"thermostat-dushi-elektrik-dg-elco","status":"publish","type":"product","link":"https:\/\/hidrosistem.al\/new\/product\/thermostat-dushi-elektrik-dg-elco\/","title":{"rendered":"Thermostat dushi elektrik (DG)-ELCO"},"content":{"rendered":"<p>ELCO VAGIONIS S.A. \u00ebsht\u00eb sot nj\u00eb nga kompanit\u00eb m\u00eb t\u00eb m\u00ebdha t\u00eb prodhimit t\u00eb pajisjeve sht\u00ebpiake n\u00eb Greqi. Nj\u00eb kompani e suksesshme dhe konkurruese e themeluar n\u00eb vitin 1960 nga familja Vgionis, duke pasur gjithmon\u00eb n\u00eb qend\u00ebr t\u00eb aktiviteteve risit\u00eb, partner\u00ebt dhe klient\u00ebt.ELCO \u00ebsht\u00eb prodhues dhe distributor i nj\u00eb linje t\u00eb plot\u00eb t\u00eb produkteve t\u00eb ngrohjes s\u00eb ujit, e cila p\u00ebrfshin ngroh\u00ebs elektrik\u00eb t\u00eb ujit, ngroh\u00ebs diellor\u00eb t\u00eb ujit si dhe kaldaja vertikale t\u00eb dhomave t\u00eb kaldajave n\u00ebn mark\u00ebn ELCO si dhe markat e klient\u00ebve t\u00eb saj.<\/p>\n","protected":false},"excerpt":{"rendered":"<p>ELCO VAGIONIS S.A. \u00ebsht\u00eb sot nj\u00eb nga kompanit\u00eb m\u00eb t\u00eb m\u00ebdha t\u00eb prodhimit t\u00eb pajisjeve sht\u00ebpiake n\u00eb Greqi. Nj\u00eb kompani<\/p>\n","protected":false},"featured_media":8202,"template":"","meta":[],"product_cat":[506],"product_tag":[],"class_list":["post-8201","product","type-product","status-publish","has-post-thumbnail","hentry","product_cat-aksesore"],"_links":{"self":[{"href":"https:\/\/hidrosistem.al\/new\/wp-json\/wp\/v2\/product\/8201","targetHints":{"allow":["GET"]}}],"collection":[{"href":"https:\/\/hidrosistem.al\/new\/wp-json\/wp\/v2\/product"}],"about":[{"href":"https:\/\/hidrosistem.al\/new\/wp-json\/wp\/v2\/types\/product"}],"version-history":[{"count":1,"href":"https:\/\/hidrosistem.al\/new\/wp-json\/wp\/v2\/product\/8201\/revisions"}],"predecessor-version":[{"id":8203,"href":"https:\/\/hidrosistem.al\/new\/wp-json\/wp\/v2\/product\/8201\/revisions\/8203"}],"wp:featuredmedia":[{"embeddable":true,"href":"https:\/\/hidrosistem.al\/new\/wp-json\/wp\/v2\/media\/8202"}],"wp:attachment":[{"href":"https:\/\/hidrosistem.al\/new\/wp-json\/wp\/v2\/media?parent=8201"}],"wp:term":[{"taxonomy":"product_cat","embeddable":true,"href":"https:\/\/hidrosistem.al\/new\/wp-json\/wp\/v2\/product_cat?post=8201"},{"taxonomy":"product_tag","embeddable":true,"href":"https:\/\/hidrosistem.al\/new\/wp-json\/wp\/v2\/product_tag?post=8201"}],"curies":[{"name":"wp","href":"https:\/\/api.w.org\/{rel}","templated":true}]}}