{"id":8199,"date":"2023-10-14T07:20:12","date_gmt":"2023-10-14T07:20:12","guid":{"rendered":"https:\/\/hidrosistem.al\/new\/?post_type=product&#038;p=8199"},"modified":"2023-11-10T17:28:49","modified_gmt":"2023-11-10T17:28:49","slug":"bolier-elektrik-80-lt-h4kw-elco","status":"publish","type":"product","link":"https:\/\/hidrosistem.al\/new\/product\/bolier-elektrik-80-lt-h4kw-elco\/","title":{"rendered":"Bolier elektrik 80 lt H,4kw-ELCO"},"content":{"rendered":"<p>ELCO VAGIONIS S.A. \u00ebsht\u00eb sot nj\u00eb nga kompanit\u00eb m\u00eb t\u00eb m\u00ebdha t\u00eb prodhimit t\u00eb pajisjeve sht\u00ebpiake n\u00eb Greqi. Nj\u00eb kompani e suksesshme dhe konkurruese e themeluar n\u00eb vitin 1960 nga familja Vgionis, duke pasur gjithmon\u00eb n\u00eb qend\u00ebr t\u00eb aktiviteteve risit\u00eb, partner\u00ebt dhe klient\u00ebt.ELCO \u00ebsht\u00eb prodhues dhe distributor i nj\u00eb linje t\u00eb plot\u00eb t\u00eb produkteve t\u00eb ngrohjes s\u00eb ujit, e cila p\u00ebrfshin ngroh\u00ebs elektrik\u00eb t\u00eb ujit, ngroh\u00ebs diellor\u00eb t\u00eb ujit si dhe kaldaja vertikale t\u00eb dhomave t\u00eb kaldajave n\u00ebn mark\u00ebn ELCO si dhe markat e klient\u00ebve t\u00eb saj.<\/p>\n<p>Pesha: 31 kg<br \/>\nLloji: Ngroh\u00ebs + Bojler<br \/>\nPresioni: Maksimumi 10 bar<br \/>\nI pershtatshem per Individe: 3-4<br \/>\nSegregacioni: 80 Lt<br \/>\nTermostat: Gama e kontrollit nga 30 n\u00eb 80oC, Mbrojtje me siguri termoelektrike<br \/>\nIzolimi : Poliuretani i ngurt\u00eb i zgjeruar pa trash\u00ebsi HCFC T\u00eb pakt\u00ebn 25 mm<br \/>\nShkalla e mbrojtjes: IP23<\/p>\n","protected":false},"excerpt":{"rendered":"<p>ELCO VAGIONIS S.A. \u00ebsht\u00eb sot nj\u00eb nga kompanit\u00eb m\u00eb t\u00eb m\u00ebdha t\u00eb prodhimit t\u00eb pajisjeve sht\u00ebpiake n\u00eb Greqi. Nj\u00eb kompani<\/p>\n","protected":false},"featured_media":8191,"template":"","meta":[],"product_cat":[500],"product_tag":[],"class_list":["post-8199","product","type-product","status-publish","has-post-thumbnail","hentry","product_cat-bolier-panele-diellore"],"_links":{"self":[{"href":"https:\/\/hidrosistem.al\/new\/wp-json\/wp\/v2\/product\/8199","targetHints":{"allow":["GET"]}}],"collection":[{"href":"https:\/\/hidrosistem.al\/new\/wp-json\/wp\/v2\/product"}],"about":[{"href":"https:\/\/hidrosistem.al\/new\/wp-json\/wp\/v2\/types\/product"}],"version-history":[{"count":1,"href":"https:\/\/hidrosistem.al\/new\/wp-json\/wp\/v2\/product\/8199\/revisions"}],"predecessor-version":[{"id":8200,"href":"https:\/\/hidrosistem.al\/new\/wp-json\/wp\/v2\/product\/8199\/revisions\/8200"}],"wp:featuredmedia":[{"embeddable":true,"href":"https:\/\/hidrosistem.al\/new\/wp-json\/wp\/v2\/media\/8191"}],"wp:attachment":[{"href":"https:\/\/hidrosistem.al\/new\/wp-json\/wp\/v2\/media?parent=8199"}],"wp:term":[{"taxonomy":"product_cat","embeddable":true,"href":"https:\/\/hidrosistem.al\/new\/wp-json\/wp\/v2\/product_cat?post=8199"},{"taxonomy":"product_tag","embeddable":true,"href":"https:\/\/hidrosistem.al\/new\/wp-json\/wp\/v2\/product_tag?post=8199"}],"curies":[{"name":"wp","href":"https:\/\/api.w.org\/{rel}","templated":true}]}}