{"id":8104,"date":"2023-10-10T23:47:03","date_gmt":"2023-10-10T23:47:03","guid":{"rendered":"https:\/\/hidrosistem.al\/new\/?post_type=product&#038;p=8104"},"modified":"2023-11-07T08:26:09","modified_gmt":"2023-11-07T08:26:09","slug":"panel-diellor-hidrotherm-inox-2-300-litra","status":"publish","type":"product","link":"https:\/\/hidrosistem.al\/new\/product\/panel-diellor-hidrotherm-inox-2-300-litra\/","title":{"rendered":"Panel Diellor Hidrotherm INOX 2 300 Litra"},"content":{"rendered":"<div class=\"elementor-element elementor-element-07fb005 wd-single-content elementor-widget elementor-widget-wd_single_product_content\" data-id=\"07fb005\" data-element_type=\"widget\" data-widget_type=\"wd_single_product_content.default\">\n<div class=\"elementor-widget-container\">\n<div class=\"group final-completion w-full text-token-text-primary border-b border-black\/10 gizmo:border-0 dark:border-gray-900\/50 gizmo:dark:border-0 bg-gray-50 gizmo:bg-transparent dark:bg-[#444654] gizmo:dark:bg-transparent\" data-testid=\"conversation-turn-3\">\n<div class=\"p-4 justify-center text-base md:gap-6 md:py-6 m-auto\">\n<div class=\"flex flex-1 gap-4 text-base mx-auto md:gap-6 gizmo:gap-3 gizmo:md:px-5 gizmo:lg:px-1 gizmo:xl:px-5 md:max-w-2xl lg:max-w-[38rem] gizmo:md:max-w-3xl gizmo:lg:max-w-[40rem] gizmo:xl:max-w-[48rem] xl:max-w-3xl }\">\n<div class=\"relative flex w-[calc(100%-50px)] flex-col gap-1 gizmo:w-full md:gap-3 lg:w-[calc(100%-115px)] agent-turn\">\n<div class=\"flex flex-grow flex-col gap-3 max-w-full\">\n<div class=\"min-h-[20px] flex flex-col items-start gap-3 whitespace-pre-wrap break-words overflow-x-auto\">\n<div class=\"markdown prose w-full break-words dark:prose-invert dark\">\n<p>Paneli Diellor \u201cHidrotherm\u201d \u00ebsht\u00eb nj\u00eb panel diellor me karakteristika t\u00eb ve\u00e7anta, i p\u00ebrb\u00ebr\u00eb prej 100% inoks, me nj\u00eb kapacitet prej 300 litra. Ky panel diellor \u00ebsht\u00eb i stamposur me kujdes p\u00ebr t\u00eb siguruar cil\u00ebsi t\u00eb lart\u00eb dhe durabilitet. P\u00ebr m\u00eb tep\u00ebr, ai vjen me tre pasqyra t\u00eb ve\u00e7anta \u201cFull Blue\u201d q\u00eb ofrojne nj\u00eb reflektim t\u00eb mir\u00ebfillt\u00eb me tre pasqyrat me dimensione 2\u00d71.<\/p>\n<p>Montimi i k\u00ebtij paneli diellor \u00ebsht\u00eb shum\u00eb fleksib\u00ebl, duke ofruar opsionet e instalimit n\u00eb tarac\u00eb ose n\u00eb cati. Kjo e b\u00ebn at\u00eb nj\u00eb zgjedhje t\u00eb shk\u00eblqyer p\u00ebr t\u00eb p\u00ebrfituar nga energjia diellore n\u00eb m\u00ebnyr\u00eb efikase dhe t\u00eb siguruar uj\u00eb t\u00eb ngroht\u00eb ose sistem ngrohjeje n\u00eb m\u00ebnyr\u00eb ekologjike.<\/p>\n<p>Karakteristikat :<\/p>\n<div class=\"group w-full text-token-text-primary border-b border-black\/10 gizmo:border-0 dark:border-gray-900\/50 gizmo:dark:border-0 gizmo:bg-transparent dark:bg-gray-800 gizmo:dark:bg-transparent\" data-testid=\"conversation-turn-2\">\n<div class=\"p-4 justify-center text-base md:gap-6 md:py-6 m-auto\">\n<div class=\"flex flex-1 gap-4 text-base mx-auto md:gap-6 gizmo:gap-3 gizmo:md:px-5 gizmo:lg:px-1 gizmo:xl:px-5 md:max-w-2xl lg:max-w-[38rem] gizmo:md:max-w-3xl gizmo:lg:max-w-[40rem] gizmo:xl:max-w-[48rem] xl:max-w-3xl }\">\n<div class=\"relative flex w-[calc(100%-50px)] flex-col gap-1 gizmo:w-full md:gap-3 lg:w-[calc(100%-115px)] gizmo:text-gizmo-gray-600 gizmo:dark:text-gray-300\">\n<div class=\"flex flex-grow flex-col gap-3 max-w-full\">\n<div class=\"min-h-[20px] flex flex-col items-start gap-3 whitespace-pre-wrap break-words overflow-x-auto\">\n<div class=\"\"><span data-sheets-value=\"{&quot;1&quot;:2,&quot;2&quot;:&quot;Panel Diellor Hidrotherm\\nBolieri 300 lt 100% inox,i stamposur \\nPasqyra Blue Stript me 3 pasqyra 2x1 \\nMontimi Tarace\/Cati &quot;}\" data-sheets-userformat=\"{&quot;2&quot;:14655,&quot;3&quot;:{&quot;1&quot;:0,&quot;3&quot;:1},&quot;4&quot;:{&quot;1&quot;:3,&quot;3&quot;:2},&quot;5&quot;:{&quot;1&quot;:[{&quot;1&quot;:2,&quot;2&quot;:0,&quot;5&quot;:{&quot;1&quot;:2,&quot;2&quot;:0}},{&quot;1&quot;:0,&quot;2&quot;:0,&quot;3&quot;:3},{&quot;1&quot;:1,&quot;2&quot;:0,&quot;4&quot;:1}]},&quot;6&quot;:{&quot;1&quot;:[{&quot;1&quot;:2,&quot;2&quot;:0,&quot;5&quot;:{&quot;1&quot;:2,&quot;2&quot;:0}},{&quot;1&quot;:0,&quot;2&quot;:0,&quot;3&quot;:3},{&quot;1&quot;:1,&quot;2&quot;:0,&quot;4&quot;:1}]},&quot;7&quot;:{&quot;1&quot;:[{&quot;1&quot;:2,&quot;2&quot;:0,&quot;5&quot;:{&quot;1&quot;:2,&quot;2&quot;:0}},{&quot;1&quot;:0,&quot;2&quot;:0,&quot;3&quot;:3},{&quot;1&quot;:1,&quot;2&quot;:0,&quot;4&quot;:1}]},&quot;8&quot;:{&quot;1&quot;:[{&quot;1&quot;:2,&quot;2&quot;:0,&quot;5&quot;:{&quot;1&quot;:2,&quot;2&quot;:0}},{&quot;1&quot;:0,&quot;2&quot;:0,&quot;3&quot;:3},{&quot;1&quot;:1,&quot;2&quot;:0,&quot;4&quot;:1}]},&quot;11&quot;:4,&quot;14&quot;:{&quot;1&quot;:3,&quot;3&quot;:1},&quot;15&quot;:&quot;Calibri&quot;,&quot;16&quot;:11}\">Bolieri 300 lt 100% inox,i stamposur<br \/>\nPasqyra Full Blue me 3 pasqyra 2&#215;1<br \/>\nMontimi Tarace\/Cati <\/span><\/div>\n<\/div>\n<\/div>\n<\/div>\n<\/div>\n<\/div>\n<\/div>\n<\/div>\n<\/div>\n<\/div>\n<\/div>\n<\/div>\n<\/div>\n<\/div>\n<\/div>\n<\/div>\n<section class=\"wd-negative-gap elementor-section elementor-inner-section elementor-element elementor-element-5c6deb2a elementor-section-content-bottom elementor-section-boxed elementor-section-height-default elementor-section-height-default wd-section-disabled\" data-id=\"5c6deb2a\" data-element_type=\"section\">\n<div class=\"elementor-container elementor-column-gap-no\"><\/div>\n<\/section>\n","protected":false},"excerpt":{"rendered":"<p>Paneli Diellor \u201cHidrotherm\u201d \u00ebsht\u00eb nj\u00eb panel diellor me karakteristika t\u00eb ve\u00e7anta, i p\u00ebrb\u00ebr\u00eb prej 100% inoks, me nj\u00eb kapacitet prej<\/p>\n","protected":false},"featured_media":8105,"template":"","meta":[],"product_cat":[493],"product_tag":[],"class_list":["post-8104","product","type-product","status-publish","has-post-thumbnail","hentry","product_cat-panel-diellor"],"_links":{"self":[{"href":"https:\/\/hidrosistem.al\/new\/wp-json\/wp\/v2\/product\/8104","targetHints":{"allow":["GET"]}}],"collection":[{"href":"https:\/\/hidrosistem.al\/new\/wp-json\/wp\/v2\/product"}],"about":[{"href":"https:\/\/hidrosistem.al\/new\/wp-json\/wp\/v2\/types\/product"}],"version-history":[{"count":1,"href":"https:\/\/hidrosistem.al\/new\/wp-json\/wp\/v2\/product\/8104\/revisions"}],"predecessor-version":[{"id":8106,"href":"https:\/\/hidrosistem.al\/new\/wp-json\/wp\/v2\/product\/8104\/revisions\/8106"}],"wp:featuredmedia":[{"embeddable":true,"href":"https:\/\/hidrosistem.al\/new\/wp-json\/wp\/v2\/media\/8105"}],"wp:attachment":[{"href":"https:\/\/hidrosistem.al\/new\/wp-json\/wp\/v2\/media?parent=8104"}],"wp:term":[{"taxonomy":"product_cat","embeddable":true,"href":"https:\/\/hidrosistem.al\/new\/wp-json\/wp\/v2\/product_cat?post=8104"},{"taxonomy":"product_tag","embeddable":true,"href":"https:\/\/hidrosistem.al\/new\/wp-json\/wp\/v2\/product_tag?post=8104"}],"curies":[{"name":"wp","href":"https:\/\/api.w.org\/{rel}","templated":true}]}}