{"id":8035,"date":"2023-10-10T22:53:49","date_gmt":"2023-10-10T22:53:49","guid":{"rendered":"https:\/\/hidrosistem.al\/new\/?post_type=product&#038;p=8035"},"modified":"2023-11-21T10:45:35","modified_gmt":"2023-11-21T10:45:35","slug":"panel-diellor-hidrotherm-metalixato-2-120-litra","status":"publish","type":"product","link":"https:\/\/hidrosistem.al\/new\/product\/panel-diellor-hidrotherm-metalixato-2-120-litra\/","title":{"rendered":"Panel Diellor Hidrotherm Metalixato 2 120 Litra"},"content":{"rendered":"<p>Paneli Diellor \u201cHidrotherm Metalixato 2&#8243; \u00ebsht\u00eb nj\u00eb panel diellor me nj\u00eb kapacitet prej 120 litra, i p\u00ebrb\u00ebr\u00eb\u00a0 metalixato. Ky panel diellor \u00ebsht\u00eb i dizajnuar p\u00ebr t\u00eb siguruar nj\u00eb efikasitet maksimal n\u00eb kapjen e energjis\u00eb diellore.<\/p>\n<div class=\"group final-completion w-full text-token-text-primary border-b border-black\/10 gizmo:border-0 dark:border-gray-900\/50 gizmo:dark:border-0 bg-gray-50 gizmo:bg-transparent dark:bg-[#444654] gizmo:dark:bg-transparent\" data-testid=\"conversation-turn-5\">\n<div class=\"p-4 justify-center text-base md:gap-6 md:py-6 m-auto\">\n<div class=\"flex flex-1 gap-4 text-base mx-auto md:gap-6 gizmo:gap-3 gizmo:md:px-5 gizmo:lg:px-1 gizmo:xl:px-5 md:max-w-2xl lg:max-w-[38rem] gizmo:md:max-w-3xl gizmo:lg:max-w-[40rem] gizmo:xl:max-w-[48rem] xl:max-w-3xl }\">\n<div class=\"relative flex w-[calc(100%-50px)] flex-col gap-1 gizmo:w-full md:gap-3 lg:w-[calc(100%-115px)] agent-turn\">\n<div class=\"flex flex-grow flex-col gap-3 max-w-full\">\n<div class=\"min-h-[20px] flex flex-col items-start gap-3 whitespace-pre-wrap break-words overflow-x-auto\">\n<div class=\"markdown prose w-full break-words dark:prose-invert dark\">\n<p>Pasqyra e p\u00ebrfshir\u00eb n\u00eb k\u00ebt\u00eb sistem \u00ebsht\u00eb modeli &#8220;Full Blue&#8221; dhe ka nj\u00eb pasqyr\u00eb me dimensione 2&#215;1. Ky tip i pasqyr\u00ebs siguron nj\u00eb reflektim optimal t\u00eb rrezeve diellore p\u00ebr t\u00eb p\u00ebrmir\u00ebsuar performanc\u00ebn e panelit diellor.<\/p>\n<p>Montimi i k\u00ebtij paneli diellor \u00ebsht\u00eb i p\u00ebrshtatsh\u00ebm p\u00ebr instalim n\u00eb tarac\u00eb ose n\u00eb cati. Kjo e b\u00ebn at\u00eb nj\u00eb zgjedhje t\u00eb shk\u00eblqyer p\u00ebr t\u00eb p\u00ebrfituar nga energjia diellore n\u00eb m\u00ebnyr\u00eb efikase dhe p\u00ebr t\u00eb siguruar uj\u00eb t\u00eb ngroht\u00eb ose sistem ngrohjeje n\u00eb nj\u00eb m\u00ebnyr\u00eb ekologjike.<\/p>\n<p>Karakteristikat :<\/p>\n<p><span data-sheets-value=\"{&quot;1&quot;:2,&quot;2&quot;:&quot;Panel Diellor Hidrotherm\\nBolieri 120 lt Metalizato,\\nPasqyra Blue Stript me 1 Pasqyra 2x1\\nMontim Tarace\/Cati&quot;}\" data-sheets-userformat=\"{&quot;2&quot;:14655,&quot;3&quot;:{&quot;1&quot;:0,&quot;3&quot;:1},&quot;4&quot;:{&quot;1&quot;:3,&quot;3&quot;:2},&quot;5&quot;:{&quot;1&quot;:[{&quot;1&quot;:2,&quot;2&quot;:0,&quot;5&quot;:{&quot;1&quot;:2,&quot;2&quot;:0}},{&quot;1&quot;:0,&quot;2&quot;:0,&quot;3&quot;:3},{&quot;1&quot;:1,&quot;2&quot;:0,&quot;4&quot;:1}]},&quot;6&quot;:{&quot;1&quot;:[{&quot;1&quot;:2,&quot;2&quot;:0,&quot;5&quot;:{&quot;1&quot;:2,&quot;2&quot;:0}},{&quot;1&quot;:0,&quot;2&quot;:0,&quot;3&quot;:3},{&quot;1&quot;:1,&quot;2&quot;:0,&quot;4&quot;:1}]},&quot;7&quot;:{&quot;1&quot;:[{&quot;1&quot;:2,&quot;2&quot;:0,&quot;5&quot;:{&quot;1&quot;:2,&quot;2&quot;:0}},{&quot;1&quot;:0,&quot;2&quot;:0,&quot;3&quot;:3},{&quot;1&quot;:1,&quot;2&quot;:0,&quot;4&quot;:1}]},&quot;8&quot;:{&quot;1&quot;:[{&quot;1&quot;:2,&quot;2&quot;:0,&quot;5&quot;:{&quot;1&quot;:2,&quot;2&quot;:0}},{&quot;1&quot;:0,&quot;2&quot;:0,&quot;3&quot;:3},{&quot;1&quot;:1,&quot;2&quot;:0,&quot;4&quot;:1}]},&quot;11&quot;:4,&quot;14&quot;:{&quot;1&quot;:3,&quot;3&quot;:1},&quot;15&quot;:&quot;Calibri&quot;,&quot;16&quot;:11}\">Bolieri 120 lt Metalizato,<br \/>\nPasqyra Full Blue me 1 Pasqyra 2&#215;1<br \/>\nMontim Tarace\/Cati<\/span><\/p>\n<\/div>\n<\/div>\n<\/div>\n<\/div>\n<\/div>\n<\/div>\n<\/div>\n","protected":false},"excerpt":{"rendered":"<p>Paneli Diellor \u201cHidrotherm Metalixato 2&#8243; \u00ebsht\u00eb nj\u00eb panel diellor me nj\u00eb kapacitet prej 120 litra, i p\u00ebrb\u00ebr\u00eb\u00a0 metalixato. Ky panel<\/p>\n","protected":false},"featured_media":8033,"template":"","meta":[],"product_cat":[493],"product_tag":[],"class_list":["post-8035","product","type-product","status-publish","has-post-thumbnail","hentry","product_cat-panel-diellor"],"_links":{"self":[{"href":"https:\/\/hidrosistem.al\/new\/wp-json\/wp\/v2\/product\/8035","targetHints":{"allow":["GET"]}}],"collection":[{"href":"https:\/\/hidrosistem.al\/new\/wp-json\/wp\/v2\/product"}],"about":[{"href":"https:\/\/hidrosistem.al\/new\/wp-json\/wp\/v2\/types\/product"}],"version-history":[{"count":2,"href":"https:\/\/hidrosistem.al\/new\/wp-json\/wp\/v2\/product\/8035\/revisions"}],"predecessor-version":[{"id":8038,"href":"https:\/\/hidrosistem.al\/new\/wp-json\/wp\/v2\/product\/8035\/revisions\/8038"}],"wp:featuredmedia":[{"embeddable":true,"href":"https:\/\/hidrosistem.al\/new\/wp-json\/wp\/v2\/media\/8033"}],"wp:attachment":[{"href":"https:\/\/hidrosistem.al\/new\/wp-json\/wp\/v2\/media?parent=8035"}],"wp:term":[{"taxonomy":"product_cat","embeddable":true,"href":"https:\/\/hidrosistem.al\/new\/wp-json\/wp\/v2\/product_cat?post=8035"},{"taxonomy":"product_tag","embeddable":true,"href":"https:\/\/hidrosistem.al\/new\/wp-json\/wp\/v2\/product_tag?post=8035"}],"curies":[{"name":"wp","href":"https:\/\/api.w.org\/{rel}","templated":true}]}}