{"id":8029,"date":"2023-10-10T22:45:18","date_gmt":"2023-10-10T22:45:18","guid":{"rendered":"https:\/\/hidrosistem.al\/new\/?post_type=product&#038;p=8029"},"modified":"2023-11-07T08:27:14","modified_gmt":"2023-11-07T08:27:14","slug":"panel-diellor-hidrotherm-inox-magnetic-3-120-litra","status":"publish","type":"product","link":"https:\/\/hidrosistem.al\/new\/product\/panel-diellor-hidrotherm-inox-magnetic-3-120-litra\/","title":{"rendered":"Panel Diellor Hidrotherm INOX magnetic 3 120 Litra"},"content":{"rendered":"<p>Paneli Diellor \u201cHidrotherm INOX magnetic 3&#8243; \u00ebsht\u00eb nj\u00eb panel diellor me nj\u00eb kapacitet prej 120 litra, i p\u00ebrb\u00ebr\u00eb\u00a0 nga inoks 100% i cili \u00ebsht\u00eb edhe i karakterizuar nga tipar\u00eb magnetik. Ky panel diellor \u00ebsht\u00eb i dizajnuar p\u00ebr t\u00eb siguruar nj\u00eb efikasitet maksimal n\u00eb kapjen e energjis\u00eb diellore.<\/p>\n<div class=\"group final-completion w-full text-token-text-primary border-b border-black\/10 gizmo:border-0 dark:border-gray-900\/50 gizmo:dark:border-0 bg-gray-50 gizmo:bg-transparent dark:bg-[#444654] gizmo:dark:bg-transparent\" data-testid=\"conversation-turn-5\">\n<div class=\"p-4 justify-center text-base md:gap-6 md:py-6 m-auto\">\n<div class=\"flex flex-1 gap-4 text-base mx-auto md:gap-6 gizmo:gap-3 gizmo:md:px-5 gizmo:lg:px-1 gizmo:xl:px-5 md:max-w-2xl lg:max-w-[38rem] gizmo:md:max-w-3xl gizmo:lg:max-w-[40rem] gizmo:xl:max-w-[48rem] xl:max-w-3xl }\">\n<div class=\"relative flex w-[calc(100%-50px)] flex-col gap-1 gizmo:w-full md:gap-3 lg:w-[calc(100%-115px)] agent-turn\">\n<div class=\"flex flex-grow flex-col gap-3 max-w-full\">\n<div class=\"min-h-[20px] flex flex-col items-start gap-3 whitespace-pre-wrap break-words overflow-x-auto\">\n<div class=\"markdown prose w-full break-words dark:prose-invert dark\">\n<p>Pasqyra e p\u00ebrfshir\u00eb n\u00eb k\u00ebt\u00eb sistem \u00ebsht\u00eb modeli &#8220;Full Blue Extra&#8221; dhe ka nj\u00eb pasqyr\u00eb me dimensione 2&#215;1. Ky tip i pasqyr\u00ebs siguron nj\u00eb reflektim optimal t\u00eb rrezeve diellore p\u00ebr t\u00eb p\u00ebrmir\u00ebsuar performanc\u00ebn e panelit diellor.<\/p>\n<p>Montimi i k\u00ebtij paneli diellor \u00ebsht\u00eb i p\u00ebrshtatsh\u00ebm p\u00ebr instalim n\u00eb tarac\u00eb ose n\u00eb cati. Kjo e b\u00ebn at\u00eb nj\u00eb zgjedhje t\u00eb shk\u00eblqyer p\u00ebr t\u00eb p\u00ebrfituar nga energjia diellore n\u00eb m\u00ebnyr\u00eb efikase dhe p\u00ebr t\u00eb siguruar uj\u00eb t\u00eb ngroht\u00eb ose sistem ngrohjeje n\u00eb nj\u00eb m\u00ebnyr\u00eb ekologjike.<\/p>\n<p>Karakteristikat :<\/p>\n<p>Bolieri 120 lt inox Magnetik<br \/>\nPasqyra Full Blue Extra me 1 Pasqyra 2X1<br \/>\nMontim Tarace\/Cati<\/p>\n<\/div>\n<\/div>\n<\/div>\n<\/div>\n<\/div>\n<\/div>\n<\/div>\n","protected":false},"excerpt":{"rendered":"<p>Paneli Diellor \u201cHidrotherm INOX magnetic 3&#8243; \u00ebsht\u00eb nj\u00eb panel diellor me nj\u00eb kapacitet prej 120 litra, i p\u00ebrb\u00ebr\u00eb\u00a0 nga inoks<\/p>\n","protected":false},"featured_media":8030,"template":"","meta":[],"product_cat":[493],"product_tag":[],"class_list":["post-8029","product","type-product","status-publish","has-post-thumbnail","hentry","product_cat-panel-diellor"],"_links":{"self":[{"href":"https:\/\/hidrosistem.al\/new\/wp-json\/wp\/v2\/product\/8029","targetHints":{"allow":["GET"]}}],"collection":[{"href":"https:\/\/hidrosistem.al\/new\/wp-json\/wp\/v2\/product"}],"about":[{"href":"https:\/\/hidrosistem.al\/new\/wp-json\/wp\/v2\/types\/product"}],"version-history":[{"count":1,"href":"https:\/\/hidrosistem.al\/new\/wp-json\/wp\/v2\/product\/8029\/revisions"}],"predecessor-version":[{"id":8031,"href":"https:\/\/hidrosistem.al\/new\/wp-json\/wp\/v2\/product\/8029\/revisions\/8031"}],"wp:featuredmedia":[{"embeddable":true,"href":"https:\/\/hidrosistem.al\/new\/wp-json\/wp\/v2\/media\/8030"}],"wp:attachment":[{"href":"https:\/\/hidrosistem.al\/new\/wp-json\/wp\/v2\/media?parent=8029"}],"wp:term":[{"taxonomy":"product_cat","embeddable":true,"href":"https:\/\/hidrosistem.al\/new\/wp-json\/wp\/v2\/product_cat?post=8029"},{"taxonomy":"product_tag","embeddable":true,"href":"https:\/\/hidrosistem.al\/new\/wp-json\/wp\/v2\/product_tag?post=8029"}],"curies":[{"name":"wp","href":"https:\/\/api.w.org\/{rel}","templated":true}]}}