{"id":7988,"date":"2023-10-09T21:17:52","date_gmt":"2023-10-09T21:17:52","guid":{"rendered":"https:\/\/hidrosistem.al\/new\/?post_type=product&#038;p=7988"},"modified":"2026-02-06T10:20:13","modified_gmt":"2026-02-06T10:20:13","slug":"pajisje-per-montimin-e-kapseve","status":"publish","type":"product","link":"https:\/\/hidrosistem.al\/new\/product\/pajisje-per-montimin-e-kapseve\/","title":{"rendered":"Pajisje p\u00ebr montimin e kap\u00ebseve APE"},"content":{"rendered":"<p>APE Raccorderie \u00ebsht\u00eb nj\u00eb kompani italiane q\u00eb projekton, prodhon dhe shp\u00ebrndan sisteme lidh\u00ebse p\u00ebr tubacione dhe komponent\u00eb hidraulik\u00eb p\u00ebr uj\u00eb, ngrohje dhe gaz. Ajo ofron nj\u00eb gam\u00eb t\u00eb gjer\u00eb produktesh duke i b\u00ebr\u00eb ato t\u00eb p\u00ebrshtatshme p\u00ebr instalime sanitare, ngrohje dhe gaz natyral. T\u00eb gjitha produktet jan\u00eb \u201cMade in Italy\u201d dhe kalojn\u00eb kontroll t\u00eb rrept\u00eb cil\u00ebsie gjat\u00eb gjith\u00eb pro\u00e7esit t\u00eb prodhimit. APE Raccorderie ka origjin\u00ebn si nj\u00eb biznes artizanal dhe \u00ebsht\u00eb sot nj\u00eb prodhues me p\u00ebrvoj\u00eb dhe kapacitete t\u00eb zhvilluara industriale.<\/p>\n","protected":false},"excerpt":{"rendered":"<p>APE Raccorderie \u00ebsht\u00eb nj\u00eb kompani italiane q\u00eb projekton, prodhon dhe shp\u00ebrndan sisteme lidh\u00ebse p\u00ebr tubacione dhe komponent\u00eb hidraulik\u00eb p\u00ebr uj\u00eb,<\/p>\n","protected":false},"featured_media":16343,"template":"","meta":[],"product_cat":[342,458],"product_tag":[],"class_list":["post-7988","product","type-product","status-publish","has-post-thumbnail","hentry","product_cat-hidraulike","product_cat-aksesore-te-tjere"],"_links":{"self":[{"href":"https:\/\/hidrosistem.al\/new\/wp-json\/wp\/v2\/product\/7988","targetHints":{"allow":["GET"]}}],"collection":[{"href":"https:\/\/hidrosistem.al\/new\/wp-json\/wp\/v2\/product"}],"about":[{"href":"https:\/\/hidrosistem.al\/new\/wp-json\/wp\/v2\/types\/product"}],"version-history":[{"count":3,"href":"https:\/\/hidrosistem.al\/new\/wp-json\/wp\/v2\/product\/7988\/revisions"}],"predecessor-version":[{"id":16344,"href":"https:\/\/hidrosistem.al\/new\/wp-json\/wp\/v2\/product\/7988\/revisions\/16344"}],"wp:featuredmedia":[{"embeddable":true,"href":"https:\/\/hidrosistem.al\/new\/wp-json\/wp\/v2\/media\/16343"}],"wp:attachment":[{"href":"https:\/\/hidrosistem.al\/new\/wp-json\/wp\/v2\/media?parent=7988"}],"wp:term":[{"taxonomy":"product_cat","embeddable":true,"href":"https:\/\/hidrosistem.al\/new\/wp-json\/wp\/v2\/product_cat?post=7988"},{"taxonomy":"product_tag","embeddable":true,"href":"https:\/\/hidrosistem.al\/new\/wp-json\/wp\/v2\/product_tag?post=7988"}],"curies":[{"name":"wp","href":"https:\/\/api.w.org\/{rel}","templated":true}]}}