{"id":7955,"date":"2023-10-09T21:01:14","date_gmt":"2023-10-09T21:01:14","guid":{"rendered":"https:\/\/hidrosistem.al\/new\/?post_type=product&#038;p=7955"},"modified":"2026-02-06T08:57:29","modified_gmt":"2026-02-06T08:57:29","slug":"kolektor-bronxi-i-nikeluar-ape","status":"publish","type":"product","link":"https:\/\/hidrosistem.al\/new\/product\/kolektor-bronxi-i-nikeluar-ape\/","title":{"rendered":"Kolektor 1&#8243;FF art. 990 APE"},"content":{"rendered":"<p>Kolektor\u00ebt shp\u00ebrndar\u00ebs APE ofrojn\u00eb nj\u00eb zgjidhje t\u00eb avancuar p\u00ebr menaxhimin dhe shp\u00ebrndarjen e rrjedh\u00ebs n\u00eb sistemet e ngrohjes, uj\u00ebsjell\u00ebsit dhe instalimeve hidraulike. T\u00eb nd\u00ebrtuar me materiale cil\u00ebsore dhe pre\u00e7izion t\u00eb lart\u00eb, k\u00ebta kolektor\u00eb garantojn\u00eb funksionim t\u00eb q\u00ebndruesh\u00ebm, instalim t\u00eb thjesht\u00eb dhe efikasitet maksimal n\u00eb \u00e7do projekt. Projektuar p\u00ebr t\u00eb siguruar kontroll optimal dhe shp\u00ebrndarje uniforme t\u00eb rrjedh\u00ebs.<\/p>\n","protected":false},"excerpt":{"rendered":"<p>Kolektor\u00ebt shp\u00ebrndar\u00ebs APE ofrojn\u00eb nj\u00eb zgjidhje t\u00eb avancuar p\u00ebr menaxhimin dhe shp\u00ebrndarjen e rrjedh\u00ebs n\u00eb sistemet e ngrohjes, uj\u00ebsjell\u00ebsit dhe<\/p>\n","protected":false},"featured_media":12564,"template":"","meta":[],"product_cat":[342,463,521],"product_tag":[],"class_list":["post-7955","product","type-product","status-publish","has-post-thumbnail","hentry","product_cat-hidraulike","product_cat-rakorderi","product_cat-kolektore"],"_links":{"self":[{"href":"https:\/\/hidrosistem.al\/new\/wp-json\/wp\/v2\/product\/7955","targetHints":{"allow":["GET"]}}],"collection":[{"href":"https:\/\/hidrosistem.al\/new\/wp-json\/wp\/v2\/product"}],"about":[{"href":"https:\/\/hidrosistem.al\/new\/wp-json\/wp\/v2\/types\/product"}],"version-history":[{"count":4,"href":"https:\/\/hidrosistem.al\/new\/wp-json\/wp\/v2\/product\/7955\/revisions"}],"predecessor-version":[{"id":16308,"href":"https:\/\/hidrosistem.al\/new\/wp-json\/wp\/v2\/product\/7955\/revisions\/16308"}],"wp:featuredmedia":[{"embeddable":true,"href":"https:\/\/hidrosistem.al\/new\/wp-json\/wp\/v2\/media\/12564"}],"wp:attachment":[{"href":"https:\/\/hidrosistem.al\/new\/wp-json\/wp\/v2\/media?parent=7955"}],"wp:term":[{"taxonomy":"product_cat","embeddable":true,"href":"https:\/\/hidrosistem.al\/new\/wp-json\/wp\/v2\/product_cat?post=7955"},{"taxonomy":"product_tag","embeddable":true,"href":"https:\/\/hidrosistem.al\/new\/wp-json\/wp\/v2\/product_tag?post=7955"}],"curies":[{"name":"wp","href":"https:\/\/api.w.org\/{rel}","templated":true}]}}