{"id":7946,"date":"2023-10-09T20:57:26","date_gmt":"2023-10-09T20:57:26","guid":{"rendered":"https:\/\/hidrosistem.al\/new\/?post_type=product&#038;p=7946"},"modified":"2026-02-03T14:20:15","modified_gmt":"2026-02-03T14:20:15","slug":"tub-pex-al-pex-pa-veshje-i-drejte-fi-vavin","status":"publish","type":"product","link":"https:\/\/hidrosistem.al\/new\/product\/tub-pex-al-pex-pa-veshje-i-drejte-fi-vavin\/","title":{"rendered":"Tub Multistrat APE, i drejt\u00eb PeXb\/Al\/PeXb"},"content":{"rendered":"<p>Tubat multistrat\u00eb APE jan\u00eb zgjidhje profesionale p\u00ebr impiante hidraulike dhe ngrohjeje, t\u00eb p\u00ebrb\u00ebra nga shtresa t\u00eb kombinuara PEX\u2013Al\u2013PEX q\u00eb garantojn\u00eb rezistenc\u00eb t\u00eb lart\u00eb, fleksibilitet dhe q\u00ebndrueshm\u00ebri afatgjat\u00eb. Fal\u00eb barrier\u00ebs s\u00eb aluminit, ato ofrojn\u00eb stabilitet dimensional, mbrojtje ndaj oksigjenit dhe instalim t\u00eb sigurt, duke i b\u00ebr\u00eb ideale p\u00ebr sisteme uji t\u00eb ngroht\u00eb\/ftoht\u00eb dhe ngrohje n\u00eb dysheme.<\/p>\n","protected":false},"excerpt":{"rendered":"<p>Tubat multistrat\u00eb APE jan\u00eb zgjidhje profesionale p\u00ebr impiante hidraulike dhe ngrohjeje, t\u00eb p\u00ebrb\u00ebra nga shtresa t\u00eb kombinuara PEX\u2013Al\u2013PEX q\u00eb garantojn\u00eb<\/p>\n","protected":false},"featured_media":15662,"template":"","meta":[],"product_cat":[509],"product_tag":[],"class_list":["post-7946","product","type-product","status-publish","has-post-thumbnail","hentry","product_cat-tuba-multistrat"],"_links":{"self":[{"href":"https:\/\/hidrosistem.al\/new\/wp-json\/wp\/v2\/product\/7946","targetHints":{"allow":["GET"]}}],"collection":[{"href":"https:\/\/hidrosistem.al\/new\/wp-json\/wp\/v2\/product"}],"about":[{"href":"https:\/\/hidrosistem.al\/new\/wp-json\/wp\/v2\/types\/product"}],"version-history":[{"count":3,"href":"https:\/\/hidrosistem.al\/new\/wp-json\/wp\/v2\/product\/7946\/revisions"}],"predecessor-version":[{"id":15663,"href":"https:\/\/hidrosistem.al\/new\/wp-json\/wp\/v2\/product\/7946\/revisions\/15663"}],"wp:featuredmedia":[{"embeddable":true,"href":"https:\/\/hidrosistem.al\/new\/wp-json\/wp\/v2\/media\/15662"}],"wp:attachment":[{"href":"https:\/\/hidrosistem.al\/new\/wp-json\/wp\/v2\/media?parent=7946"}],"wp:term":[{"taxonomy":"product_cat","embeddable":true,"href":"https:\/\/hidrosistem.al\/new\/wp-json\/wp\/v2\/product_cat?post=7946"},{"taxonomy":"product_tag","embeddable":true,"href":"https:\/\/hidrosistem.al\/new\/wp-json\/wp\/v2\/product_tag?post=7946"}],"curies":[{"name":"wp","href":"https:\/\/api.w.org\/{rel}","templated":true}]}}