{"id":7911,"date":"2023-10-09T20:36:09","date_gmt":"2023-10-09T20:36:09","guid":{"rendered":"https:\/\/hidrosistem.al\/new\/?post_type=product&#038;p=7911"},"modified":"2026-02-03T15:06:19","modified_gmt":"2026-02-03T15:06:19","slug":"tub-gazi-pex-al-pex-me-shllang-te-verdhe-fi-ape","status":"publish","type":"product","link":"https:\/\/hidrosistem.al\/new\/product\/tub-gazi-pex-al-pex-me-shllang-te-verdhe-fi-ape\/","title":{"rendered":"Tub Multigaz APE, PeXb\/Al\/PeXb me shllang t\u00eb verdh\u00eb"},"content":{"rendered":"<p>Tub gazi PEX\u2013Al\u2013PEX me shllang\u00eb t\u00eb verdh\u00eb APE \u00ebsht\u00eb projektuar posa\u00e7\u00ebrisht p\u00ebr instalime gazi, duke garantuar siguri maksimale, rezistenc\u00eb t\u00eb lart\u00eb ndaj presionit dhe jet\u00ebgjat\u00ebsi. Struktura multistrat\u00eb PEX\u2013Al\u2013PEX siguron barrier\u00eb totale ndaj difuzionit, stabilitet dimensional dhe mbrojtje optimale, nd\u00ebrsa shllanga mbrojt\u00ebse e verdh\u00eb e b\u00ebn tubin leht\u00ebsisht t\u00eb identifikuesh\u00ebm sipas standardeve p\u00ebr impiante gazi.<\/p>\n","protected":false},"excerpt":{"rendered":"<p>Tub gazi PEX\u2013Al\u2013PEX me shllang\u00eb t\u00eb verdh\u00eb APE \u00ebsht\u00eb projektuar posa\u00e7\u00ebrisht p\u00ebr instalime gazi, duke garantuar siguri maksimale, rezistenc\u00eb t\u00eb<\/p>\n","protected":false},"featured_media":15678,"template":"","meta":[],"product_cat":[509],"product_tag":[],"class_list":["post-7911","product","type-product","status-publish","has-post-thumbnail","hentry","product_cat-tuba-multistrat"],"_links":{"self":[{"href":"https:\/\/hidrosistem.al\/new\/wp-json\/wp\/v2\/product\/7911","targetHints":{"allow":["GET"]}}],"collection":[{"href":"https:\/\/hidrosistem.al\/new\/wp-json\/wp\/v2\/product"}],"about":[{"href":"https:\/\/hidrosistem.al\/new\/wp-json\/wp\/v2\/types\/product"}],"version-history":[{"count":3,"href":"https:\/\/hidrosistem.al\/new\/wp-json\/wp\/v2\/product\/7911\/revisions"}],"predecessor-version":[{"id":15680,"href":"https:\/\/hidrosistem.al\/new\/wp-json\/wp\/v2\/product\/7911\/revisions\/15680"}],"wp:featuredmedia":[{"embeddable":true,"href":"https:\/\/hidrosistem.al\/new\/wp-json\/wp\/v2\/media\/15678"}],"wp:attachment":[{"href":"https:\/\/hidrosistem.al\/new\/wp-json\/wp\/v2\/media?parent=7911"}],"wp:term":[{"taxonomy":"product_cat","embeddable":true,"href":"https:\/\/hidrosistem.al\/new\/wp-json\/wp\/v2\/product_cat?post=7911"},{"taxonomy":"product_tag","embeddable":true,"href":"https:\/\/hidrosistem.al\/new\/wp-json\/wp\/v2\/product_tag?post=7911"}],"curies":[{"name":"wp","href":"https:\/\/api.w.org\/{rel}","templated":true}]}}