{"id":7844,"date":"2023-10-09T01:18:57","date_gmt":"2023-10-09T01:18:57","guid":{"rendered":"https:\/\/hidrosistem.al\/new\/?post_type=product&#038;p=7844"},"modified":"2026-02-04T13:51:24","modified_gmt":"2026-02-04T13:51:24","slug":"sarqineske-gazi-ff-ape","status":"publish","type":"product","link":"https:\/\/hidrosistem.al\/new\/product\/sarqineske-gazi-ff-ape\/","title":{"rendered":"Sar\u00e7inesk\u00eb Gazi APE"},"content":{"rendered":"<p>APE \u00ebsht\u00eb nj\u00eb nga kompanit\u00eb e pakta q\u00eb, deri m\u00eb sot, p\u00ebrdor konceptin e nj\u00eb kompanie sistemi duke prodhuar t\u00eb gjith\u00eb lidhjen e tubave n\u00eb t\u00eb nj\u00ebjt\u00ebn fabrik\u00eb n\u00eb Brescia p\u00ebr ta b\u00ebr\u00eb marr\u00ebdh\u00ebnien e fort\u00eb midis kompanis\u00eb\/territorit edhe m\u00eb kohezive, duke formuar identitetin e saj. \u00e7do dit\u00eb, duke investuar nj\u00eb pjes\u00eb t\u00eb madhe t\u00eb kapitalit t\u00eb saj n\u00eb k\u00ebrkimin dhe zhvillimin e teknologjive t\u00eb reja q\u00eb synojn\u00eb p\u00ebrmir\u00ebsimin e sistemit t\u00eb prodhimit.<\/p>\n","protected":false},"excerpt":{"rendered":"<p>APE \u00ebsht\u00eb nj\u00eb nga kompanit\u00eb e pakta q\u00eb, deri m\u00eb sot, p\u00ebrdor konceptin e nj\u00eb kompanie sistemi duke prodhuar t\u00eb<\/p>\n","protected":false},"featured_media":15846,"template":"","meta":[],"product_cat":[342,555,553],"product_tag":[],"class_list":["post-7844","product","type-product","status-publish","has-post-thumbnail","hentry","product_cat-hidraulike","product_cat-valvola","product_cat-saracineska-gazi"],"_links":{"self":[{"href":"https:\/\/hidrosistem.al\/new\/wp-json\/wp\/v2\/product\/7844","targetHints":{"allow":["GET"]}}],"collection":[{"href":"https:\/\/hidrosistem.al\/new\/wp-json\/wp\/v2\/product"}],"about":[{"href":"https:\/\/hidrosistem.al\/new\/wp-json\/wp\/v2\/types\/product"}],"version-history":[{"count":2,"href":"https:\/\/hidrosistem.al\/new\/wp-json\/wp\/v2\/product\/7844\/revisions"}],"predecessor-version":[{"id":15845,"href":"https:\/\/hidrosistem.al\/new\/wp-json\/wp\/v2\/product\/7844\/revisions\/15845"}],"wp:featuredmedia":[{"embeddable":true,"href":"https:\/\/hidrosistem.al\/new\/wp-json\/wp\/v2\/media\/15846"}],"wp:attachment":[{"href":"https:\/\/hidrosistem.al\/new\/wp-json\/wp\/v2\/media?parent=7844"}],"wp:term":[{"taxonomy":"product_cat","embeddable":true,"href":"https:\/\/hidrosistem.al\/new\/wp-json\/wp\/v2\/product_cat?post=7844"},{"taxonomy":"product_tag","embeddable":true,"href":"https:\/\/hidrosistem.al\/new\/wp-json\/wp\/v2\/product_tag?post=7844"}],"curies":[{"name":"wp","href":"https:\/\/api.w.org\/{rel}","templated":true}]}}