{"id":7307,"date":"2023-10-08T20:55:24","date_gmt":"2023-10-08T20:55:24","guid":{"rendered":"https:\/\/hidrosistem.al\/new\/?post_type=product&#038;p=7307"},"modified":"2026-02-03T12:13:25","modified_gmt":"2026-02-03T12:13:25","slug":"buketon-tubi-pe-x-per-sistem-dyshemeje-3-4x-fi-ape","status":"publish","type":"product","link":"https:\/\/hidrosistem.al\/new\/product\/buketon-tubi-pe-x-per-sistem-dyshemeje-3-4x-fi-ape\/","title":{"rendered":"Buketon tubi PEX p\u00ebr sistem dyshemeje 3\/4&#8243; APE"},"content":{"rendered":"<p>Buketon tubi PE-X p\u00ebr sistem dyshemeje 3\/4\u201d \u00d7 \u00d8 \u2013 APE \u00ebsht\u00eb element lidh\u00ebs i projektuar p\u00ebr sisteme ngrohjeje n\u00ebn dysheme. Siguron lidhje t\u00eb fort\u00eb dhe hermetike midis tubit PE-X dhe kolektorit, me rezistenc\u00eb t\u00eb lart\u00eb ndaj temperaturave dhe presionit. I p\u00ebrshtatsh\u00ebm p\u00ebr instalime profesionale dhe p\u00ebrdorim afatgjat\u00eb.<\/p>\n","protected":false},"excerpt":{"rendered":"<p>Buketon tubi PE-X p\u00ebr sistem dyshemeje 3\/4\u201d \u00d7 \u00d8 \u2013 APE \u00ebsht\u00eb element lidh\u00ebs i projektuar p\u00ebr sisteme ngrohjeje n\u00ebn<\/p>\n","protected":false},"featured_media":15625,"template":"","meta":[],"product_cat":[342,463],"product_tag":[],"class_list":["post-7307","product","type-product","status-publish","has-post-thumbnail","hentry","product_cat-hidraulike","product_cat-rakorderi"],"_links":{"self":[{"href":"https:\/\/hidrosistem.al\/new\/wp-json\/wp\/v2\/product\/7307","targetHints":{"allow":["GET"]}}],"collection":[{"href":"https:\/\/hidrosistem.al\/new\/wp-json\/wp\/v2\/product"}],"about":[{"href":"https:\/\/hidrosistem.al\/new\/wp-json\/wp\/v2\/types\/product"}],"version-history":[{"count":3,"href":"https:\/\/hidrosistem.al\/new\/wp-json\/wp\/v2\/product\/7307\/revisions"}],"predecessor-version":[{"id":15626,"href":"https:\/\/hidrosistem.al\/new\/wp-json\/wp\/v2\/product\/7307\/revisions\/15626"}],"wp:featuredmedia":[{"embeddable":true,"href":"https:\/\/hidrosistem.al\/new\/wp-json\/wp\/v2\/media\/15625"}],"wp:attachment":[{"href":"https:\/\/hidrosistem.al\/new\/wp-json\/wp\/v2\/media?parent=7307"}],"wp:term":[{"taxonomy":"product_cat","embeddable":true,"href":"https:\/\/hidrosistem.al\/new\/wp-json\/wp\/v2\/product_cat?post=7307"},{"taxonomy":"product_tag","embeddable":true,"href":"https:\/\/hidrosistem.al\/new\/wp-json\/wp\/v2\/product_tag?post=7307"}],"curies":[{"name":"wp","href":"https:\/\/api.w.org\/{rel}","templated":true}]}}