{"id":7102,"date":"2023-10-06T00:33:00","date_gmt":"2023-10-06T00:33:00","guid":{"rendered":"https:\/\/hidrosistem.al\/new\/?post_type=product&#038;p=7102"},"modified":"2026-02-17T09:29:31","modified_gmt":"2026-02-17T09:29:31","slug":"tapa-bronxi-2-m-cherbros1320160000","status":"publish","type":"product","link":"https:\/\/hidrosistem.al\/new\/product\/tapa-bronxi-2-m-cherbros1320160000\/","title":{"rendered":"Tapa bronxi Cherbros"},"content":{"rendered":"<div class=\"elementor-element elementor-element-07fb005 wd-single-content elementor-widget elementor-widget-wd_single_product_content\" data-id=\"07fb005\" data-element_type=\"widget\" data-widget_type=\"wd_single_product_content.default\">\n<div class=\"elementor-widget-container\">\n<p>Rakorderit\u00eb Cherbros jan\u00eb zgjidhja ideale p\u00ebr instalime hidraulike profesionale dhe sht\u00ebpiake, duke garantuar lidhje t\u00eb sigurta, rezistenc\u00eb afatgjat\u00eb dhe performanc\u00eb t\u00eb lart\u00eb n\u00eb \u00e7do sistem uji apo ngrohjeje. T\u00eb prodhuara sipas standardeve europiane, k\u00ebto rakorderi jan\u00eb nd\u00ebrtuar p\u00ebr t\u00eb p\u00ebrballuar presion t\u00eb lart\u00eb, temperatura ekstreme dhe kushte t\u00eb v\u00ebshtira pune.<\/p>\n<p>&nbsp;<\/p>\n<\/div>\n<\/div>\n<section class=\"wd-negative-gap elementor-section elementor-inner-section elementor-element elementor-element-5c6deb2a elementor-section-content-bottom elementor-section-boxed elementor-section-height-default elementor-section-height-default wd-section-disabled\" data-id=\"5c6deb2a\" data-element_type=\"section\">\n<div class=\"elementor-container elementor-column-gap-no\">\n<div class=\"elementor-column elementor-col-100 elementor-inner-column elementor-element elementor-element-7c8be543\" data-id=\"7c8be543\" data-element_type=\"column\">\n<div class=\"elementor-widget-wrap elementor-element-populated\">\n<div class=\"elementor-element elementor-element-441a09d1 wd-swatch-layout-inline elementor-widget-mobile__width-inherit elementor-widget-tablet__width-inherit wd-single-add-cart text-left wd-btn-design-default wd-design-default elementor-widget elementor-widget-wd_single_product_add_to_cart\" data-id=\"441a09d1\" data-element_type=\"widget\" data-widget_type=\"wd_single_product_add_to_cart.default\">\n<div class=\"elementor-widget-container\">\n<form class=\"cart\" action=\"https:\/\/hidrosistem.al\/new\/product\/nipel-bronxi-1-1-2-cherbros\/\" enctype=\"multipart\/form-data\" method=\"post\">\n<div class=\"quantity\"><\/div>\n<\/form>\n<\/div>\n<\/div>\n<\/div>\n<\/div>\n<\/div>\n<\/section>\n","protected":false},"excerpt":{"rendered":"<p>Rakorderit\u00eb Cherbros jan\u00eb zgjidhja ideale p\u00ebr instalime hidraulike profesionale dhe sht\u00ebpiake, duke garantuar lidhje t\u00eb sigurta, rezistenc\u00eb afatgjat\u00eb dhe performanc\u00eb<\/p>\n","protected":false},"featured_media":16706,"template":"","meta":[],"product_cat":[342,463,508,582],"product_tag":[],"class_list":["post-7102","product","type-product","status-publish","has-post-thumbnail","hentry","product_cat-hidraulike","product_cat-rakorderi","product_cat-rakorderi-bronxi","product_cat-rakorde-te-filetuara-cherbros"],"_links":{"self":[{"href":"https:\/\/hidrosistem.al\/new\/wp-json\/wp\/v2\/product\/7102","targetHints":{"allow":["GET"]}}],"collection":[{"href":"https:\/\/hidrosistem.al\/new\/wp-json\/wp\/v2\/product"}],"about":[{"href":"https:\/\/hidrosistem.al\/new\/wp-json\/wp\/v2\/types\/product"}],"version-history":[{"count":5,"href":"https:\/\/hidrosistem.al\/new\/wp-json\/wp\/v2\/product\/7102\/revisions"}],"predecessor-version":[{"id":17046,"href":"https:\/\/hidrosistem.al\/new\/wp-json\/wp\/v2\/product\/7102\/revisions\/17046"}],"wp:featuredmedia":[{"embeddable":true,"href":"https:\/\/hidrosistem.al\/new\/wp-json\/wp\/v2\/media\/16706"}],"wp:attachment":[{"href":"https:\/\/hidrosistem.al\/new\/wp-json\/wp\/v2\/media?parent=7102"}],"wp:term":[{"taxonomy":"product_cat","embeddable":true,"href":"https:\/\/hidrosistem.al\/new\/wp-json\/wp\/v2\/product_cat?post=7102"},{"taxonomy":"product_tag","embeddable":true,"href":"https:\/\/hidrosistem.al\/new\/wp-json\/wp\/v2\/product_tag?post=7102"}],"curies":[{"name":"wp","href":"https:\/\/api.w.org\/{rel}","templated":true}]}}