{"id":7030,"date":"2023-10-06T00:12:04","date_gmt":"2023-10-06T00:12:04","guid":{"rendered":"https:\/\/hidrosistem.al\/new\/?post_type=product&#038;p=7030"},"modified":"2026-02-12T10:04:55","modified_gmt":"2026-02-12T10:04:55","slug":"kallaj-cherbros-2mm2410200000","status":"publish","type":"product","link":"https:\/\/hidrosistem.al\/new\/product\/kallaj-cherbros-2mm2410200000\/","title":{"rendered":"Material Saldimi p\u00ebr Bak\u00ebr CherBros"},"content":{"rendered":"<p>Material saldimi me pik\u00eb shkrirjeje t\u00eb ul\u00ebt, i projektuar p\u00ebr lidhje t\u00eb sigurta dhe t\u00eb q\u00ebndrueshme n\u00eb punimet me bak\u00ebr dhe aliazh\u00eb t\u00eb tij. P\u00ebrdoret p\u00ebr bashkime q\u00eb k\u00ebrkojn\u00eb nxeht\u00ebsi t\u00eb moderuar, duke krijuar lidhje edhe n\u00eb aplikime hidraulike, instalime tubacionesh dhe pun\u00eb metali pa d\u00ebmtuar materialet p\u00ebrreth. P\u00ebr shkak t\u00eb pik\u00ebs s\u00eb ul\u00ebt t\u00eb shkrirjes, ajo \u00ebsht\u00eb e leht\u00eb p\u00ebr t\u2019u p\u00ebrdorur, ofron konduktivitet t\u00eb mir\u00eb dhe mb\u00ebshtet nj\u00eb pro\u00e7es saldimi efikas dhe t\u00eb past\u00ebr<\/p>\n<p>Kodi i produktit: 2410200000<\/p>\n","protected":false},"excerpt":{"rendered":"<p>Material saldimi me pik\u00eb shkrirjeje t\u00eb ul\u00ebt, i projektuar p\u00ebr lidhje t\u00eb sigurta dhe t\u00eb q\u00ebndrueshme n\u00eb punimet me bak\u00ebr<\/p>\n","protected":false},"featured_media":16656,"template":"","meta":[],"product_cat":[342,458],"product_tag":[],"class_list":["post-7030","product","type-product","status-publish","has-post-thumbnail","hentry","product_cat-hidraulike","product_cat-aksesore-te-tjere"],"_links":{"self":[{"href":"https:\/\/hidrosistem.al\/new\/wp-json\/wp\/v2\/product\/7030","targetHints":{"allow":["GET"]}}],"collection":[{"href":"https:\/\/hidrosistem.al\/new\/wp-json\/wp\/v2\/product"}],"about":[{"href":"https:\/\/hidrosistem.al\/new\/wp-json\/wp\/v2\/types\/product"}],"version-history":[{"count":4,"href":"https:\/\/hidrosistem.al\/new\/wp-json\/wp\/v2\/product\/7030\/revisions"}],"predecessor-version":[{"id":16657,"href":"https:\/\/hidrosistem.al\/new\/wp-json\/wp\/v2\/product\/7030\/revisions\/16657"}],"wp:featuredmedia":[{"embeddable":true,"href":"https:\/\/hidrosistem.al\/new\/wp-json\/wp\/v2\/media\/16656"}],"wp:attachment":[{"href":"https:\/\/hidrosistem.al\/new\/wp-json\/wp\/v2\/media?parent=7030"}],"wp:term":[{"taxonomy":"product_cat","embeddable":true,"href":"https:\/\/hidrosistem.al\/new\/wp-json\/wp\/v2\/product_cat?post=7030"},{"taxonomy":"product_tag","embeddable":true,"href":"https:\/\/hidrosistem.al\/new\/wp-json\/wp\/v2\/product_tag?post=7030"}],"curies":[{"name":"wp","href":"https:\/\/api.w.org\/{rel}","templated":true}]}}