{"id":7027,"date":"2023-10-06T00:11:14","date_gmt":"2023-10-06T00:11:14","guid":{"rendered":"https:\/\/hidrosistem.al\/new\/?post_type=product&#038;p=7027"},"modified":"2026-02-12T09:54:09","modified_gmt":"2026-02-12T09:54:09","slug":"kallaj-cherbros-2-5mm2410970300","status":"publish","type":"product","link":"https:\/\/hidrosistem.al\/new\/product\/kallaj-cherbros-2-5mm2410970300\/","title":{"rendered":"Saldim i but\u00eb p\u00ebr tub bakri CherBros"},"content":{"rendered":"<p>Tel saldimi me p\u00ebrqindje t\u00eb lart\u00eb zinku e aliazh t\u00eb past\u00ebr, ideal p\u00ebr bashkime t\u00eb forta n\u00eb pun\u00ebtari metalike dhe saldim elektrik. Diametri prej 2.5 mm siguron kontroll t\u00eb mir\u00eb t\u00eb rrjedhshm\u00ebris\u00eb s\u00eb materialit gjat\u00eb nxeht\u00ebsis\u00eb, nd\u00ebrsa p\u00ebrzierja tradicionale 97\/3 (97 % metal kryesor + 3 % flux ose p\u00ebrb\u00ebr\u00ebs tjet\u00ebr aktiv) ofron lidhje t\u00eb q\u00ebndrueshme dhe performanc\u00eb t\u00eb mir\u00eb n\u00eb aplikime t\u00eb ndryshme saldimi. Ve\u00e7an\u00ebrisht e p\u00ebrshtatshme p\u00ebr punime mekanike dhe reparime ku k\u00ebrkohet fuqi lidhjeje e mir\u00eb.<\/p>\n","protected":false},"excerpt":{"rendered":"<p>Tel saldimi me p\u00ebrqindje t\u00eb lart\u00eb zinku e aliazh t\u00eb past\u00ebr, ideal p\u00ebr bashkime t\u00eb forta n\u00eb pun\u00ebtari metalike dhe<\/p>\n","protected":false},"featured_media":16653,"template":"","meta":[],"product_cat":[342,458],"product_tag":[],"class_list":["post-7027","product","type-product","status-publish","has-post-thumbnail","hentry","product_cat-hidraulike","product_cat-aksesore-te-tjere"],"_links":{"self":[{"href":"https:\/\/hidrosistem.al\/new\/wp-json\/wp\/v2\/product\/7027","targetHints":{"allow":["GET"]}}],"collection":[{"href":"https:\/\/hidrosistem.al\/new\/wp-json\/wp\/v2\/product"}],"about":[{"href":"https:\/\/hidrosistem.al\/new\/wp-json\/wp\/v2\/types\/product"}],"version-history":[{"count":3,"href":"https:\/\/hidrosistem.al\/new\/wp-json\/wp\/v2\/product\/7027\/revisions"}],"predecessor-version":[{"id":16655,"href":"https:\/\/hidrosistem.al\/new\/wp-json\/wp\/v2\/product\/7027\/revisions\/16655"}],"wp:featuredmedia":[{"embeddable":true,"href":"https:\/\/hidrosistem.al\/new\/wp-json\/wp\/v2\/media\/16653"}],"wp:attachment":[{"href":"https:\/\/hidrosistem.al\/new\/wp-json\/wp\/v2\/media?parent=7027"}],"wp:term":[{"taxonomy":"product_cat","embeddable":true,"href":"https:\/\/hidrosistem.al\/new\/wp-json\/wp\/v2\/product_cat?post=7027"},{"taxonomy":"product_tag","embeddable":true,"href":"https:\/\/hidrosistem.al\/new\/wp-json\/wp\/v2\/product_tag?post=7027"}],"curies":[{"name":"wp","href":"https:\/\/api.w.org\/{rel}","templated":true}]}}