{"id":7002,"date":"2023-10-06T00:04:25","date_gmt":"2023-10-06T00:04:25","guid":{"rendered":"https:\/\/hidrosistem.al\/new\/?post_type=product&#038;p=7002"},"modified":"2023-10-06T00:04:25","modified_gmt":"2023-10-06T00:04:25","slug":"ti-paneli-diellore-22cux22inx-x22cu4004021600","status":"publish","type":"product","link":"https:\/\/hidrosistem.al\/new\/product\/ti-paneli-diellore-22cux22inx-x22cu4004021600\/","title":{"rendered":"Ti paneli diellore 22Cux22Inx-x22Cu(4004021600)"},"content":{"rendered":"<p>Tek ne dhe vet\u00ebm tek ne mund t\u00eb gjeni pajisje me fileto n\u00eb forma dhe madh\u00ebsi t\u00eb ndryshme p\u00ebr t&#8217;u p\u00ebrdorur n\u00eb nd\u00ebrtimin e sistemeve hidraulike dhe ngrohje sipas standardeve dhe prodhuesve m\u00eb t\u00eb lart\u00eb t\u00eb cil\u00ebsis\u00eb!<\/p>\n","protected":false},"excerpt":{"rendered":"<p>Tek ne dhe vet\u00ebm tek ne mund t\u00eb gjeni pajisje me fileto n\u00eb forma dhe madh\u00ebsi t\u00eb ndryshme p\u00ebr t&#8217;u<\/p>\n","protected":false},"featured_media":7003,"template":"","meta":[],"product_cat":[342],"product_tag":[],"class_list":["post-7002","product","type-product","status-publish","has-post-thumbnail","hentry","product_cat-hidraulike"],"_links":{"self":[{"href":"https:\/\/hidrosistem.al\/new\/wp-json\/wp\/v2\/product\/7002","targetHints":{"allow":["GET"]}}],"collection":[{"href":"https:\/\/hidrosistem.al\/new\/wp-json\/wp\/v2\/product"}],"about":[{"href":"https:\/\/hidrosistem.al\/new\/wp-json\/wp\/v2\/types\/product"}],"version-history":[{"count":1,"href":"https:\/\/hidrosistem.al\/new\/wp-json\/wp\/v2\/product\/7002\/revisions"}],"predecessor-version":[{"id":7004,"href":"https:\/\/hidrosistem.al\/new\/wp-json\/wp\/v2\/product\/7002\/revisions\/7004"}],"wp:featuredmedia":[{"embeddable":true,"href":"https:\/\/hidrosistem.al\/new\/wp-json\/wp\/v2\/media\/7003"}],"wp:attachment":[{"href":"https:\/\/hidrosistem.al\/new\/wp-json\/wp\/v2\/media?parent=7002"}],"wp:term":[{"taxonomy":"product_cat","embeddable":true,"href":"https:\/\/hidrosistem.al\/new\/wp-json\/wp\/v2\/product_cat?post=7002"},{"taxonomy":"product_tag","embeddable":true,"href":"https:\/\/hidrosistem.al\/new\/wp-json\/wp\/v2\/product_tag?post=7002"}],"curies":[{"name":"wp","href":"https:\/\/api.w.org\/{rel}","templated":true}]}}