{"id":6731,"date":"2023-10-04T16:39:42","date_gmt":"2023-10-04T16:39:42","guid":{"rendered":"https:\/\/hidrosistem.al\/new\/?post_type=product&#038;p=6731"},"modified":"2023-10-04T16:39:42","modified_gmt":"2023-10-04T16:39:42","slug":"ti-paneli-diellore-22cux22plx22cu4004030000","status":"publish","type":"product","link":"https:\/\/hidrosistem.al\/new\/product\/ti-paneli-diellore-22cux22plx22cu4004030000\/","title":{"rendered":"Ti paneli diellore 22Cux22Plx22Cu(4004030000)"},"content":{"rendered":"<p>Tek ne dhe vet\u00ebm tek ne mund t\u00eb gjeni pajisje me fileto n\u00eb forma dhe madh\u00ebsi t\u00eb ndryshme p\u00ebr t&#8217;u p\u00ebrdorur n\u00eb nd\u00ebrtimin e sistemeve hidraulike dhe ngrohje sipas standardeve dhe prodhuesve m\u00eb t\u00eb lart\u00eb t\u00eb cil\u00ebsis\u00eb!<\/p>\n","protected":false},"excerpt":{"rendered":"<p>Tek ne dhe vet\u00ebm tek ne mund t\u00eb gjeni pajisje me fileto n\u00eb forma dhe madh\u00ebsi t\u00eb ndryshme p\u00ebr t&#8217;u<\/p>\n","protected":false},"featured_media":6732,"template":"","meta":[],"product_cat":[342],"product_tag":[],"class_list":["post-6731","product","type-product","status-publish","has-post-thumbnail","hentry","product_cat-hidraulike"],"_links":{"self":[{"href":"https:\/\/hidrosistem.al\/new\/wp-json\/wp\/v2\/product\/6731","targetHints":{"allow":["GET"]}}],"collection":[{"href":"https:\/\/hidrosistem.al\/new\/wp-json\/wp\/v2\/product"}],"about":[{"href":"https:\/\/hidrosistem.al\/new\/wp-json\/wp\/v2\/types\/product"}],"version-history":[{"count":1,"href":"https:\/\/hidrosistem.al\/new\/wp-json\/wp\/v2\/product\/6731\/revisions"}],"predecessor-version":[{"id":6733,"href":"https:\/\/hidrosistem.al\/new\/wp-json\/wp\/v2\/product\/6731\/revisions\/6733"}],"wp:featuredmedia":[{"embeddable":true,"href":"https:\/\/hidrosistem.al\/new\/wp-json\/wp\/v2\/media\/6732"}],"wp:attachment":[{"href":"https:\/\/hidrosistem.al\/new\/wp-json\/wp\/v2\/media?parent=6731"}],"wp:term":[{"taxonomy":"product_cat","embeddable":true,"href":"https:\/\/hidrosistem.al\/new\/wp-json\/wp\/v2\/product_cat?post=6731"},{"taxonomy":"product_tag","embeddable":true,"href":"https:\/\/hidrosistem.al\/new\/wp-json\/wp\/v2\/product_tag?post=6731"}],"curies":[{"name":"wp","href":"https:\/\/api.w.org\/{rel}","templated":true}]}}