{"id":6702,"date":"2023-10-04T16:29:52","date_gmt":"2023-10-04T16:29:52","guid":{"rendered":"https:\/\/hidrosistem.al\/new\/?post_type=product&#038;p=6702"},"modified":"2026-02-17T10:17:27","modified_gmt":"2026-02-17T10:17:27","slug":"kolektor-1-24x19-5dalje-cherbros38600000805","status":"publish","type":"product","link":"https:\/\/hidrosistem.al\/new\/product\/kolektor-1-24x19-5dalje-cherbros38600000805\/","title":{"rendered":"Kolektor bronxi i nikeluar 1&#8243;24&#215;19, 5 dalje, Cherbros"},"content":{"rendered":"<p>Kolektor\u00ebt EVO t\u00eb Cherbros jan\u00eb komponent\u00eb hidraulik\u00eb t\u00eb projektuar p\u00ebr sisteme uj\u00ebsjell\u00ebsi dhe ngrohjeje me shum\u00eb dalje. T\u00eb pajisur me valvola\/\u00e7el\u00ebsa rregullues, k\u00ebta kolektor\u00eb lejojn\u00eb ndarjen e kontrolluar t\u00eb rrjedh\u00ebs s\u00eb ujit n\u00eb \u00e7do deg\u00eb t\u00eb sistemit, duke siguruar funksionim efikas, t\u00eb besuesh\u00ebm dhe t\u00eb thjesht\u00eb p\u00ebr instaluesit profesional\u00eb. Ideale p\u00ebr distribuimin e ujit ose t\u00eb ngrohjes pran\u00eb radiator\u00ebve dhe qendrave t\u00eb konsumit.<\/p>\n<p>&nbsp;<\/p>\n","protected":false},"excerpt":{"rendered":"<p>Kolektor\u00ebt EVO t\u00eb Cherbros jan\u00eb komponent\u00eb hidraulik\u00eb t\u00eb projektuar p\u00ebr sisteme uj\u00ebsjell\u00ebsi dhe ngrohjeje me shum\u00eb dalje. T\u00eb pajisur me<\/p>\n","protected":false},"featured_media":16789,"template":"","meta":[],"product_cat":[342,463,521],"product_tag":[],"class_list":["post-6702","product","type-product","status-publish","has-post-thumbnail","hentry","product_cat-hidraulike","product_cat-rakorderi","product_cat-kolektore"],"_links":{"self":[{"href":"https:\/\/hidrosistem.al\/new\/wp-json\/wp\/v2\/product\/6702","targetHints":{"allow":["GET"]}}],"collection":[{"href":"https:\/\/hidrosistem.al\/new\/wp-json\/wp\/v2\/product"}],"about":[{"href":"https:\/\/hidrosistem.al\/new\/wp-json\/wp\/v2\/types\/product"}],"version-history":[{"count":4,"href":"https:\/\/hidrosistem.al\/new\/wp-json\/wp\/v2\/product\/6702\/revisions"}],"predecessor-version":[{"id":17067,"href":"https:\/\/hidrosistem.al\/new\/wp-json\/wp\/v2\/product\/6702\/revisions\/17067"}],"wp:featuredmedia":[{"embeddable":true,"href":"https:\/\/hidrosistem.al\/new\/wp-json\/wp\/v2\/media\/16789"}],"wp:attachment":[{"href":"https:\/\/hidrosistem.al\/new\/wp-json\/wp\/v2\/media?parent=6702"}],"wp:term":[{"taxonomy":"product_cat","embeddable":true,"href":"https:\/\/hidrosistem.al\/new\/wp-json\/wp\/v2\/product_cat?post=6702"},{"taxonomy":"product_tag","embeddable":true,"href":"https:\/\/hidrosistem.al\/new\/wp-json\/wp\/v2\/product_tag?post=6702"}],"curies":[{"name":"wp","href":"https:\/\/api.w.org\/{rel}","templated":true}]}}