{"id":6523,"date":"2023-10-03T22:29:23","date_gmt":"2023-10-03T22:29:23","guid":{"rendered":"https:\/\/hidrosistem.al\/new\/?post_type=product&#038;p=6523"},"modified":"2023-10-03T22:29:23","modified_gmt":"2023-10-03T22:29:23","slug":"kanello-hidraulike-me-manjet-sievert","status":"publish","type":"product","link":"https:\/\/hidrosistem.al\/new\/product\/kanello-hidraulike-me-manjet-sievert\/","title":{"rendered":"Kanello hidraulike me manjet Sievert"},"content":{"rendered":"<p>Kanello hidraulike p\u00ebr saldim t\u00eb fort\u00eb dhe t\u00eb but\u00eb me gaz MAPP dhe propan<\/p>\n","protected":false},"excerpt":{"rendered":"<p>Kanello hidraulike p\u00ebr saldim t\u00eb fort\u00eb dhe t\u00eb but\u00eb me gaz MAPP dhe propan<\/p>\n","protected":false},"featured_media":6525,"template":"","meta":[],"product_cat":[344],"product_tag":[],"class_list":["post-6523","product","type-product","status-publish","has-post-thumbnail","hentry","product_cat-vegla-pune"],"_links":{"self":[{"href":"https:\/\/hidrosistem.al\/new\/wp-json\/wp\/v2\/product\/6523","targetHints":{"allow":["GET"]}}],"collection":[{"href":"https:\/\/hidrosistem.al\/new\/wp-json\/wp\/v2\/product"}],"about":[{"href":"https:\/\/hidrosistem.al\/new\/wp-json\/wp\/v2\/types\/product"}],"version-history":[{"count":1,"href":"https:\/\/hidrosistem.al\/new\/wp-json\/wp\/v2\/product\/6523\/revisions"}],"predecessor-version":[{"id":6526,"href":"https:\/\/hidrosistem.al\/new\/wp-json\/wp\/v2\/product\/6523\/revisions\/6526"}],"wp:featuredmedia":[{"embeddable":true,"href":"https:\/\/hidrosistem.al\/new\/wp-json\/wp\/v2\/media\/6525"}],"wp:attachment":[{"href":"https:\/\/hidrosistem.al\/new\/wp-json\/wp\/v2\/media?parent=6523"}],"wp:term":[{"taxonomy":"product_cat","embeddable":true,"href":"https:\/\/hidrosistem.al\/new\/wp-json\/wp\/v2\/product_cat?post=6523"},{"taxonomy":"product_tag","embeddable":true,"href":"https:\/\/hidrosistem.al\/new\/wp-json\/wp\/v2\/product_tag?post=6523"}],"curies":[{"name":"wp","href":"https:\/\/api.w.org\/{rel}","templated":true}]}}