{"id":6495,"date":"2023-10-03T22:12:45","date_gmt":"2023-10-03T22:12:45","guid":{"rendered":"https:\/\/hidrosistem.al\/new\/?post_type=product&#038;p=6495"},"modified":"2023-10-03T22:12:45","modified_gmt":"2023-10-03T22:12:45","slug":"mbledhese-gazi-per-kondicioner","status":"publish","type":"product","link":"https:\/\/hidrosistem.al\/new\/product\/mbledhese-gazi-per-kondicioner\/","title":{"rendered":"Mbledhese gazi per kondicioner"},"content":{"rendered":"<p>Kamera e inspektimit ROCAM 4 plus ju ofron teknologji n\u00eb nivelin m\u00eb t\u00eb lart\u00eb me komoditet t\u00eb lart\u00eb funksionimi t\u00eb nj\u00ebkohsh\u00ebm. Navigimi intuitiv i menys\u00eb ju drejton n\u00eb funksionet e shumta t\u00eb dokumentacionit. Shtyjeni kabllon e kamer\u00ebs 8, 30 ose 65 m t\u00eb gjat\u00eb n\u00eb tubin e uj\u00ebrave t\u00eb zeza p\u00ebr t\u00eb identifikuar leht\u00ebsisht bllokimet ose d\u00ebmtimet.<\/p>\n","protected":false},"excerpt":{"rendered":"<p>Kamera e inspektimit ROCAM 4 plus ju ofron teknologji n\u00eb nivelin m\u00eb t\u00eb lart\u00eb me komoditet t\u00eb lart\u00eb funksionimi t\u00eb<\/p>\n","protected":false},"featured_media":6496,"template":"","meta":[],"product_cat":[344],"product_tag":[],"class_list":["post-6495","product","type-product","status-publish","has-post-thumbnail","hentry","product_cat-vegla-pune"],"_links":{"self":[{"href":"https:\/\/hidrosistem.al\/new\/wp-json\/wp\/v2\/product\/6495","targetHints":{"allow":["GET"]}}],"collection":[{"href":"https:\/\/hidrosistem.al\/new\/wp-json\/wp\/v2\/product"}],"about":[{"href":"https:\/\/hidrosistem.al\/new\/wp-json\/wp\/v2\/types\/product"}],"version-history":[{"count":1,"href":"https:\/\/hidrosistem.al\/new\/wp-json\/wp\/v2\/product\/6495\/revisions"}],"predecessor-version":[{"id":6497,"href":"https:\/\/hidrosistem.al\/new\/wp-json\/wp\/v2\/product\/6495\/revisions\/6497"}],"wp:featuredmedia":[{"embeddable":true,"href":"https:\/\/hidrosistem.al\/new\/wp-json\/wp\/v2\/media\/6496"}],"wp:attachment":[{"href":"https:\/\/hidrosistem.al\/new\/wp-json\/wp\/v2\/media?parent=6495"}],"wp:term":[{"taxonomy":"product_cat","embeddable":true,"href":"https:\/\/hidrosistem.al\/new\/wp-json\/wp\/v2\/product_cat?post=6495"},{"taxonomy":"product_tag","embeddable":true,"href":"https:\/\/hidrosistem.al\/new\/wp-json\/wp\/v2\/product_tag?post=6495"}],"curies":[{"name":"wp","href":"https:\/\/api.w.org\/{rel}","templated":true}]}}