{"id":6492,"date":"2023-10-03T22:10:08","date_gmt":"2023-10-03T22:10:08","guid":{"rendered":"https:\/\/hidrosistem.al\/new\/?post_type=product&#038;p=6492"},"modified":"2023-10-03T22:10:08","modified_gmt":"2023-10-03T22:10:08","slug":"pompe-vakumi-elektrike","status":"publish","type":"product","link":"https:\/\/hidrosistem.al\/new\/product\/pompe-vakumi-elektrike\/","title":{"rendered":"Pompe vakumi elektrike"},"content":{"rendered":"<p>Pomp\u00eb vakumi me dy faza me mat\u00ebs vakumi dhe valvul solenoid pa kthim p\u00ebr t\u00eb mbrojtur sistemin nga ndotja e vajit gjat\u00eb nd\u00ebrprerjes s\u00eb energjis\u00eb.<\/p>\n","protected":false},"excerpt":{"rendered":"<p>Pomp\u00eb vakumi me dy faza me mat\u00ebs vakumi dhe valvul solenoid pa kthim p\u00ebr t\u00eb mbrojtur sistemin nga ndotja e<\/p>\n","protected":false},"featured_media":6493,"template":"","meta":[],"product_cat":[344],"product_tag":[],"class_list":["post-6492","product","type-product","status-publish","has-post-thumbnail","hentry","product_cat-vegla-pune"],"_links":{"self":[{"href":"https:\/\/hidrosistem.al\/new\/wp-json\/wp\/v2\/product\/6492","targetHints":{"allow":["GET"]}}],"collection":[{"href":"https:\/\/hidrosistem.al\/new\/wp-json\/wp\/v2\/product"}],"about":[{"href":"https:\/\/hidrosistem.al\/new\/wp-json\/wp\/v2\/types\/product"}],"version-history":[{"count":1,"href":"https:\/\/hidrosistem.al\/new\/wp-json\/wp\/v2\/product\/6492\/revisions"}],"predecessor-version":[{"id":6494,"href":"https:\/\/hidrosistem.al\/new\/wp-json\/wp\/v2\/product\/6492\/revisions\/6494"}],"wp:featuredmedia":[{"embeddable":true,"href":"https:\/\/hidrosistem.al\/new\/wp-json\/wp\/v2\/media\/6493"}],"wp:attachment":[{"href":"https:\/\/hidrosistem.al\/new\/wp-json\/wp\/v2\/media?parent=6492"}],"wp:term":[{"taxonomy":"product_cat","embeddable":true,"href":"https:\/\/hidrosistem.al\/new\/wp-json\/wp\/v2\/product_cat?post=6492"},{"taxonomy":"product_tag","embeddable":true,"href":"https:\/\/hidrosistem.al\/new\/wp-json\/wp\/v2\/product_tag?post=6492"}],"curies":[{"name":"wp","href":"https:\/\/api.w.org\/{rel}","templated":true}]}}