{"id":6489,"date":"2023-10-03T22:08:32","date_gmt":"2023-10-03T22:08:32","guid":{"rendered":"https:\/\/hidrosistem.al\/new\/?post_type=product&#038;p=6489"},"modified":"2023-10-03T22:08:38","modified_gmt":"2023-10-03T22:08:38","slug":"pajisje-per-hapje-vrimash-per-tubo-hidranti-1-2","status":"publish","type":"product","link":"https:\/\/hidrosistem.al\/new\/product\/pajisje-per-hapje-vrimash-per-tubo-hidranti-1-2\/","title":{"rendered":"Pajisje per hapje vrimash per tubo hidranti 1&#8243;-2&#8243;"},"content":{"rendered":"<p>Pajisje per hapje vrimash , elektro-hidraulik rrotullues p\u00ebr prodhimin e shpejt\u00eb dhe t\u00eb thjesht\u00eb t\u00eb kanaleve n\u00eb tuba \u00e7eliku me \u00d8 1-12&#8243; (33-324 mm) deri n\u00eb nj\u00eb trash\u00ebsi muri 10 mm.<\/p>\n","protected":false},"excerpt":{"rendered":"<p>Pajisje per hapje vrimash , elektro-hidraulik rrotullues p\u00ebr prodhimin e shpejt\u00eb dhe t\u00eb thjesht\u00eb t\u00eb kanaleve n\u00eb tuba \u00e7eliku me<\/p>\n","protected":false},"featured_media":6490,"template":"","meta":[],"product_cat":[344],"product_tag":[],"class_list":["post-6489","product","type-product","status-publish","has-post-thumbnail","hentry","product_cat-vegla-pune"],"_links":{"self":[{"href":"https:\/\/hidrosistem.al\/new\/wp-json\/wp\/v2\/product\/6489","targetHints":{"allow":["GET"]}}],"collection":[{"href":"https:\/\/hidrosistem.al\/new\/wp-json\/wp\/v2\/product"}],"about":[{"href":"https:\/\/hidrosistem.al\/new\/wp-json\/wp\/v2\/types\/product"}],"version-history":[{"count":1,"href":"https:\/\/hidrosistem.al\/new\/wp-json\/wp\/v2\/product\/6489\/revisions"}],"predecessor-version":[{"id":6491,"href":"https:\/\/hidrosistem.al\/new\/wp-json\/wp\/v2\/product\/6489\/revisions\/6491"}],"wp:featuredmedia":[{"embeddable":true,"href":"https:\/\/hidrosistem.al\/new\/wp-json\/wp\/v2\/media\/6490"}],"wp:attachment":[{"href":"https:\/\/hidrosistem.al\/new\/wp-json\/wp\/v2\/media?parent=6489"}],"wp:term":[{"taxonomy":"product_cat","embeddable":true,"href":"https:\/\/hidrosistem.al\/new\/wp-json\/wp\/v2\/product_cat?post=6489"},{"taxonomy":"product_tag","embeddable":true,"href":"https:\/\/hidrosistem.al\/new\/wp-json\/wp\/v2\/product_tag?post=6489"}],"curies":[{"name":"wp","href":"https:\/\/api.w.org\/{rel}","templated":true}]}}