{"id":6486,"date":"2023-10-03T22:07:01","date_gmt":"2023-10-03T22:07:01","guid":{"rendered":"https:\/\/hidrosistem.al\/new\/?post_type=product&#038;p=6486"},"modified":"2023-10-03T22:07:01","modified_gmt":"2023-10-03T22:07:01","slug":"pajisje-per-pastrimin-e-brendshme-te-jashtem-te-tubove-10-54mm","status":"publish","type":"product","link":"https:\/\/hidrosistem.al\/new\/product\/pajisje-per-pastrimin-e-brendshme-te-jashtem-te-tubove-10-54mm\/","title":{"rendered":"Pajisje per pastrimin e brendshme &#038;te jashtem te tubove 10-54mm"},"content":{"rendered":"<p>Duke p\u00ebrdorur k\u00ebt\u00eb p\u00ebrshtat\u00ebs, instaluesit n\u00eb sektorin e hidraulik\u00ebs, ngrohjes dhe ajrit t\u00eb kondicionuar mund t\u00eb heqin nga brenda dhe jasht\u00eb tubat e bakrit, \u00e7elikut dhe inoksit deri n\u00eb \u00d8 54 mm\/ 2&#8243;.<\/p>\n","protected":false},"excerpt":{"rendered":"<p>Duke p\u00ebrdorur k\u00ebt\u00eb p\u00ebrshtat\u00ebs, instaluesit n\u00eb sektorin e hidraulik\u00ebs, ngrohjes dhe ajrit t\u00eb kondicionuar mund t\u00eb heqin nga brenda dhe<\/p>\n","protected":false},"featured_media":6487,"template":"","meta":[],"product_cat":[344],"product_tag":[],"class_list":["post-6486","product","type-product","status-publish","has-post-thumbnail","hentry","product_cat-vegla-pune"],"_links":{"self":[{"href":"https:\/\/hidrosistem.al\/new\/wp-json\/wp\/v2\/product\/6486","targetHints":{"allow":["GET"]}}],"collection":[{"href":"https:\/\/hidrosistem.al\/new\/wp-json\/wp\/v2\/product"}],"about":[{"href":"https:\/\/hidrosistem.al\/new\/wp-json\/wp\/v2\/types\/product"}],"version-history":[{"count":1,"href":"https:\/\/hidrosistem.al\/new\/wp-json\/wp\/v2\/product\/6486\/revisions"}],"predecessor-version":[{"id":6488,"href":"https:\/\/hidrosistem.al\/new\/wp-json\/wp\/v2\/product\/6486\/revisions\/6488"}],"wp:featuredmedia":[{"embeddable":true,"href":"https:\/\/hidrosistem.al\/new\/wp-json\/wp\/v2\/media\/6487"}],"wp:attachment":[{"href":"https:\/\/hidrosistem.al\/new\/wp-json\/wp\/v2\/media?parent=6486"}],"wp:term":[{"taxonomy":"product_cat","embeddable":true,"href":"https:\/\/hidrosistem.al\/new\/wp-json\/wp\/v2\/product_cat?post=6486"},{"taxonomy":"product_tag","embeddable":true,"href":"https:\/\/hidrosistem.al\/new\/wp-json\/wp\/v2\/product_tag?post=6486"}],"curies":[{"name":"wp","href":"https:\/\/api.w.org\/{rel}","templated":true}]}}