{"id":6480,"date":"2023-10-03T22:04:38","date_gmt":"2023-10-03T22:04:38","guid":{"rendered":"https:\/\/hidrosistem.al\/new\/?post_type=product&#038;p=6480"},"modified":"2023-10-03T22:04:38","modified_gmt":"2023-10-03T22:04:38","slug":"celes-papagall-mesatari-zi-10-1-8-2-2","status":"publish","type":"product","link":"https:\/\/hidrosistem.al\/new\/product\/celes-papagall-mesatari-zi-10-1-8-2-2\/","title":{"rendered":"Celes papagall mesatar,i zi 10&#8243;-1\/8-2&#8243;"},"content":{"rendered":"<p>Me pinc\u00ebn e pomp\u00ebs s\u00eb ujit ROGRIP F, mund t\u00eb mbani dhe rrotulloni nj\u00eb shum\u00ebllojshm\u00ebri t\u00eb gjer\u00eb t\u00eb llojeve t\u00eb tubave deri n\u00eb \u00d8 2&#8243;. Doreza e rregullimit me 18 pozicione rregullimi lejon q\u00eb pincat t\u00eb p\u00ebrshtaten shpejt me diametrin e tubit.<\/p>\n","protected":false},"excerpt":{"rendered":"<p>Me pinc\u00ebn e pomp\u00ebs s\u00eb ujit ROGRIP F, mund t\u00eb mbani dhe rrotulloni nj\u00eb shum\u00ebllojshm\u00ebri t\u00eb gjer\u00eb t\u00eb llojeve t\u00eb<\/p>\n","protected":false},"featured_media":6481,"template":"","meta":[],"product_cat":[344],"product_tag":[],"class_list":["post-6480","product","type-product","status-publish","has-post-thumbnail","hentry","product_cat-vegla-pune"],"_links":{"self":[{"href":"https:\/\/hidrosistem.al\/new\/wp-json\/wp\/v2\/product\/6480","targetHints":{"allow":["GET"]}}],"collection":[{"href":"https:\/\/hidrosistem.al\/new\/wp-json\/wp\/v2\/product"}],"about":[{"href":"https:\/\/hidrosistem.al\/new\/wp-json\/wp\/v2\/types\/product"}],"version-history":[{"count":1,"href":"https:\/\/hidrosistem.al\/new\/wp-json\/wp\/v2\/product\/6480\/revisions"}],"predecessor-version":[{"id":6482,"href":"https:\/\/hidrosistem.al\/new\/wp-json\/wp\/v2\/product\/6480\/revisions\/6482"}],"wp:featuredmedia":[{"embeddable":true,"href":"https:\/\/hidrosistem.al\/new\/wp-json\/wp\/v2\/media\/6481"}],"wp:attachment":[{"href":"https:\/\/hidrosistem.al\/new\/wp-json\/wp\/v2\/media?parent=6480"}],"wp:term":[{"taxonomy":"product_cat","embeddable":true,"href":"https:\/\/hidrosistem.al\/new\/wp-json\/wp\/v2\/product_cat?post=6480"},{"taxonomy":"product_tag","embeddable":true,"href":"https:\/\/hidrosistem.al\/new\/wp-json\/wp\/v2\/product_tag?post=6480"}],"curies":[{"name":"wp","href":"https:\/\/api.w.org\/{rel}","templated":true}]}}