{"id":6474,"date":"2023-10-03T22:01:47","date_gmt":"2023-10-03T22:01:47","guid":{"rendered":"https:\/\/hidrosistem.al\/new\/?post_type=product&#038;p=6474"},"modified":"2023-10-03T22:01:48","modified_gmt":"2023-10-03T22:01:48","slug":"koke-prese-elektrike-50mm-pex-al-pex","status":"publish","type":"product","link":"https:\/\/hidrosistem.al\/new\/product\/koke-prese-elektrike-50mm-pex-al-pex\/","title":{"rendered":"Koke prese elektrike 50mm pex-al-pex-"},"content":{"rendered":"<p>Materiale t\u00eb provuara dhe cil\u00ebsi t\u00eb prodhimit jan\u00eb t\u00eb p\u00ebrshtatshme p\u00ebr presimin n\u00eb var\u00ebsi t\u00eb sistemit t\u00eb montimeve metalike dhe plastike. Trajtimi DURA LAZR TEC dhe nj\u00eb ngurt\u00ebsim i pjessh\u00ebm me lazer lejojn\u00eb shtypje t\u00eb sigurta dhe t\u00eb sakta duke rritur nj\u00ebkoh\u00ebsisht jet\u00ebn e sh\u00ebrbimit t\u00eb nofull\u00ebs. Rezultati \u00ebsht\u00eb konsumimi minimal dhe 100% m\u00eb shum\u00eb cikle shtypjeje n\u00eb krahasim me paraardh\u00ebsin e tij. P\u00ebr m\u00eb tep\u00ebr, nj\u00eb mbrojtje speciale afatgjat\u00eb kund\u00ebr korrozionit ndihmon n\u00eb rritjen e jet\u00ebgjat\u00ebsis\u00eb s\u00eb nofull\u00ebs. Fal\u00eb nj\u00eb \u00e7eliku special shum\u00eb elastik, nofullat e presimit jan\u00eb t\u00eb p\u00ebrshtatshme p\u00ebr t\u00eb gjitha makinat e shtypjes me nj\u00eb shtytje boshtore 32-34 kN.<\/p>\n","protected":false},"excerpt":{"rendered":"<p>Materiale t\u00eb provuara dhe cil\u00ebsi t\u00eb prodhimit jan\u00eb t\u00eb p\u00ebrshtatshme p\u00ebr presimin n\u00eb var\u00ebsi t\u00eb sistemit t\u00eb montimeve metalike dhe<\/p>\n","protected":false},"featured_media":6475,"template":"","meta":[],"product_cat":[344],"product_tag":[],"class_list":["post-6474","product","type-product","status-publish","has-post-thumbnail","hentry","product_cat-vegla-pune"],"_links":{"self":[{"href":"https:\/\/hidrosistem.al\/new\/wp-json\/wp\/v2\/product\/6474","targetHints":{"allow":["GET"]}}],"collection":[{"href":"https:\/\/hidrosistem.al\/new\/wp-json\/wp\/v2\/product"}],"about":[{"href":"https:\/\/hidrosistem.al\/new\/wp-json\/wp\/v2\/types\/product"}],"version-history":[{"count":1,"href":"https:\/\/hidrosistem.al\/new\/wp-json\/wp\/v2\/product\/6474\/revisions"}],"predecessor-version":[{"id":6476,"href":"https:\/\/hidrosistem.al\/new\/wp-json\/wp\/v2\/product\/6474\/revisions\/6476"}],"wp:featuredmedia":[{"embeddable":true,"href":"https:\/\/hidrosistem.al\/new\/wp-json\/wp\/v2\/media\/6475"}],"wp:attachment":[{"href":"https:\/\/hidrosistem.al\/new\/wp-json\/wp\/v2\/media?parent=6474"}],"wp:term":[{"taxonomy":"product_cat","embeddable":true,"href":"https:\/\/hidrosistem.al\/new\/wp-json\/wp\/v2\/product_cat?post=6474"},{"taxonomy":"product_tag","embeddable":true,"href":"https:\/\/hidrosistem.al\/new\/wp-json\/wp\/v2\/product_tag?post=6474"}],"curies":[{"name":"wp","href":"https:\/\/api.w.org\/{rel}","templated":true}]}}