{"id":6471,"date":"2023-10-03T21:59:57","date_gmt":"2023-10-03T21:59:57","guid":{"rendered":"https:\/\/hidrosistem.al\/new\/?post_type=product&#038;p=6471"},"modified":"2023-10-03T21:59:57","modified_gmt":"2023-10-03T21:59:57","slug":"manometra-per-matjen-e-gazit-ne-kondicioner","status":"publish","type":"product","link":"https:\/\/hidrosistem.al\/new\/product\/manometra-per-matjen-e-gazit-ne-kondicioner\/","title":{"rendered":"Manometra per matjen e gazit ne kondicioner"},"content":{"rendered":"<p>Kolektor\u00ebt 2-kah\u00ebshe ROTHENBERGER p\u00ebrdoren p\u00ebr v\u00ebnien n\u00eb pun\u00eb dhe mir\u00ebmbajtjen e sistemeve t\u00eb ajrit t\u00eb kondicionuar dhe t\u00eb ftohjes, si dhe pompave t\u00eb nxeht\u00ebsis\u00eb. Dizajni me cil\u00ebsi t\u00eb lart\u00eb me veshje gome q\u00eb thith goditjet siguron nj\u00eb jet\u00eb t\u00eb gjat\u00eb sh\u00ebrbimi.<\/p>\n","protected":false},"excerpt":{"rendered":"<p>Kolektor\u00ebt 2-kah\u00ebshe ROTHENBERGER p\u00ebrdoren p\u00ebr v\u00ebnien n\u00eb pun\u00eb dhe mir\u00ebmbajtjen e sistemeve t\u00eb ajrit t\u00eb kondicionuar dhe t\u00eb ftohjes, si<\/p>\n","protected":false},"featured_media":6472,"template":"","meta":[],"product_cat":[344],"product_tag":[],"class_list":["post-6471","product","type-product","status-publish","has-post-thumbnail","hentry","product_cat-vegla-pune"],"_links":{"self":[{"href":"https:\/\/hidrosistem.al\/new\/wp-json\/wp\/v2\/product\/6471","targetHints":{"allow":["GET"]}}],"collection":[{"href":"https:\/\/hidrosistem.al\/new\/wp-json\/wp\/v2\/product"}],"about":[{"href":"https:\/\/hidrosistem.al\/new\/wp-json\/wp\/v2\/types\/product"}],"version-history":[{"count":1,"href":"https:\/\/hidrosistem.al\/new\/wp-json\/wp\/v2\/product\/6471\/revisions"}],"predecessor-version":[{"id":6473,"href":"https:\/\/hidrosistem.al\/new\/wp-json\/wp\/v2\/product\/6471\/revisions\/6473"}],"wp:featuredmedia":[{"embeddable":true,"href":"https:\/\/hidrosistem.al\/new\/wp-json\/wp\/v2\/media\/6472"}],"wp:attachment":[{"href":"https:\/\/hidrosistem.al\/new\/wp-json\/wp\/v2\/media?parent=6471"}],"wp:term":[{"taxonomy":"product_cat","embeddable":true,"href":"https:\/\/hidrosistem.al\/new\/wp-json\/wp\/v2\/product_cat?post=6471"},{"taxonomy":"product_tag","embeddable":true,"href":"https:\/\/hidrosistem.al\/new\/wp-json\/wp\/v2\/product_tag?post=6471"}],"curies":[{"name":"wp","href":"https:\/\/api.w.org\/{rel}","templated":true}]}}