{"id":6468,"date":"2023-10-03T21:58:29","date_gmt":"2023-10-03T21:58:29","guid":{"rendered":"https:\/\/hidrosistem.al\/new\/?post_type=product&#038;p=6468"},"modified":"2023-10-03T21:58:29","modified_gmt":"2023-10-03T21:58:29","slug":"celes-papagall-mesatari-zi-10-1-8-2","status":"publish","type":"product","link":"https:\/\/hidrosistem.al\/new\/product\/celes-papagall-mesatari-zi-10-1-8-2\/","title":{"rendered":"Celes papagall mesatar,i zi 10&#8243;-1\/8-2&#8243;"},"content":{"rendered":"<p>Mb\u00ebrthimi me 3 pika: shtr\u00ebngim i besuesh\u00ebm dhe kapje e p\u00ebrsosur deri n\u00eb diametrin maksimal t\u00eb tubit<br \/>\nROTHENBERGER Curve-Forma-Dizajn: ve\u00e7an\u00ebrisht ergonomik me diametra t\u00eb m\u00ebdhenj tubash. Zvog\u00eblon rrezikun e shtr\u00ebngimit t\u00eb gisht\u00ebrinjve<br \/>\nDorez\u00eb e gjer\u00eb p\u00ebr m\u00eb shum\u00eb rehati dhe transmetim m\u00eb t\u00eb mir\u00eb t\u00eb energjis\u00eb<\/p>\n","protected":false},"excerpt":{"rendered":"<p>Mb\u00ebrthimi me 3 pika: shtr\u00ebngim i besuesh\u00ebm dhe kapje e p\u00ebrsosur deri n\u00eb diametrin maksimal t\u00eb tubit ROTHENBERGER Curve-Forma-Dizajn: ve\u00e7an\u00ebrisht<\/p>\n","protected":false},"featured_media":6469,"template":"","meta":[],"product_cat":[344],"product_tag":[],"class_list":["post-6468","product","type-product","status-publish","has-post-thumbnail","hentry","product_cat-vegla-pune"],"_links":{"self":[{"href":"https:\/\/hidrosistem.al\/new\/wp-json\/wp\/v2\/product\/6468","targetHints":{"allow":["GET"]}}],"collection":[{"href":"https:\/\/hidrosistem.al\/new\/wp-json\/wp\/v2\/product"}],"about":[{"href":"https:\/\/hidrosistem.al\/new\/wp-json\/wp\/v2\/types\/product"}],"version-history":[{"count":1,"href":"https:\/\/hidrosistem.al\/new\/wp-json\/wp\/v2\/product\/6468\/revisions"}],"predecessor-version":[{"id":6470,"href":"https:\/\/hidrosistem.al\/new\/wp-json\/wp\/v2\/product\/6468\/revisions\/6470"}],"wp:featuredmedia":[{"embeddable":true,"href":"https:\/\/hidrosistem.al\/new\/wp-json\/wp\/v2\/media\/6469"}],"wp:attachment":[{"href":"https:\/\/hidrosistem.al\/new\/wp-json\/wp\/v2\/media?parent=6468"}],"wp:term":[{"taxonomy":"product_cat","embeddable":true,"href":"https:\/\/hidrosistem.al\/new\/wp-json\/wp\/v2\/product_cat?post=6468"},{"taxonomy":"product_tag","embeddable":true,"href":"https:\/\/hidrosistem.al\/new\/wp-json\/wp\/v2\/product_tag?post=6468"}],"curies":[{"name":"wp","href":"https:\/\/api.w.org\/{rel}","templated":true}]}}