{"id":6388,"date":"2023-10-03T15:37:16","date_gmt":"2023-10-03T15:37:16","guid":{"rendered":"https:\/\/hidrosistem.al\/new\/?post_type=product&#038;p=6388"},"modified":"2023-10-03T15:37:16","modified_gmt":"2023-10-03T15:37:16","slug":"kallaj-2mm-250gr","status":"publish","type":"product","link":"https:\/\/hidrosistem.al\/new\/product\/kallaj-2mm-250gr\/","title":{"rendered":"Kallaj 2mm 250gr"},"content":{"rendered":"<p>Saldimet e buta cil\u00ebsore ROTHENBERGER karakterizohen nga vetit\u00eb e shk\u00eblqyera t\u00eb shkrirjes dhe rrjedhjes. Shp\u00ebrndarja e barabart\u00eb e p\u00ebrb\u00ebr\u00ebsve t\u00eb aliazhit siguron p\u00ebrpunim t\u00eb shk\u00eblqyer t\u00eb saldimit.<\/p>\n","protected":false},"excerpt":{"rendered":"<p>Saldimet e buta cil\u00ebsore ROTHENBERGER karakterizohen nga vetit\u00eb e shk\u00eblqyera t\u00eb shkrirjes dhe rrjedhjes. Shp\u00ebrndarja e barabart\u00eb e p\u00ebrb\u00ebr\u00ebsve t\u00eb<\/p>\n","protected":false},"featured_media":6389,"template":"","meta":[],"product_cat":[344],"product_tag":[],"class_list":["post-6388","product","type-product","status-publish","has-post-thumbnail","hentry","product_cat-vegla-pune"],"_links":{"self":[{"href":"https:\/\/hidrosistem.al\/new\/wp-json\/wp\/v2\/product\/6388","targetHints":{"allow":["GET"]}}],"collection":[{"href":"https:\/\/hidrosistem.al\/new\/wp-json\/wp\/v2\/product"}],"about":[{"href":"https:\/\/hidrosistem.al\/new\/wp-json\/wp\/v2\/types\/product"}],"version-history":[{"count":1,"href":"https:\/\/hidrosistem.al\/new\/wp-json\/wp\/v2\/product\/6388\/revisions"}],"predecessor-version":[{"id":6390,"href":"https:\/\/hidrosistem.al\/new\/wp-json\/wp\/v2\/product\/6388\/revisions\/6390"}],"wp:featuredmedia":[{"embeddable":true,"href":"https:\/\/hidrosistem.al\/new\/wp-json\/wp\/v2\/media\/6389"}],"wp:attachment":[{"href":"https:\/\/hidrosistem.al\/new\/wp-json\/wp\/v2\/media?parent=6388"}],"wp:term":[{"taxonomy":"product_cat","embeddable":true,"href":"https:\/\/hidrosistem.al\/new\/wp-json\/wp\/v2\/product_cat?post=6388"},{"taxonomy":"product_tag","embeddable":true,"href":"https:\/\/hidrosistem.al\/new\/wp-json\/wp\/v2\/product_tag?post=6388"}],"curies":[{"name":"wp","href":"https:\/\/api.w.org\/{rel}","templated":true}]}}