{"id":6319,"date":"2023-09-30T18:26:39","date_gmt":"2023-09-30T18:26:39","guid":{"rendered":"https:\/\/hidrosistem.al\/new\/?post_type=product&#038;p=6319"},"modified":"2023-09-30T20:07:58","modified_gmt":"2023-09-30T20:07:58","slug":"test","status":"publish","type":"product","link":"https:\/\/hidrosistem.al\/new\/product\/test\/","title":{"rendered":"test"},"content":{"rendered":"<div class=\"woocommerce-product-details__specs\">\n<div class=\"table-container\"><!-- h4>Spec tecniche<\/h4-->\n<table>\n<thead>\n<tr>\n<th data-name=\"code\">Codice prodotto<\/th>\n<th data-name=\"misura\">Misura<span class=\"unit\">(mm)<\/span><\/th>\n<th style=\"width: 60px;\" data-name=\"busta_nr\">Busta<span class=\"unit\">(nr)<\/span><\/th>\n<th style=\"width: 60px;\" data-name=\"box_nr\">Box<span class=\"unit\">(nr)<\/span><\/th>\n<th style=\"width: 80px;\" data-name=\"new_box_nr\">New Box<span class=\"unit\">(nr) *<\/span><\/th>\n<\/tr>\n<\/thead>\n<tbody>\n<tr>\n<td data-name=\"code\" data-th=\"Codice prodotto\">3AP1510016<\/td>\n<td data-name=\"misura\" data-th=\"Misura (mm)\">\u00d816 (2.0) x \u00d816 (2.0)<\/td>\n<td data-name=\"busta_nr\" data-th=\"Busta (nr)\">10<\/td>\n<td data-name=\"box_nr\" data-th=\"Box (nr)\"><\/td>\n<td data-name=\"new_box_nr\" data-th=\"New Box (nr) *\">90<\/td>\n<\/tr>\n<tr>\n<td data-name=\"code\" data-th=\"Codice prodotto\">3AP1510018<\/td>\n<td data-name=\"misura\" data-th=\"Misura (mm)\">\u00d818 (2.0) x \u00d818 (2.0)<\/td>\n<td data-name=\"busta_nr\" data-th=\"Busta (nr)\">10<\/td>\n<td data-name=\"box_nr\" data-th=\"Box (nr)\">130<\/td>\n<td data-name=\"new_box_nr\" data-th=\"New Box (nr) *\">60**<\/td>\n<\/tr>\n<tr>\n<td data-name=\"code\" data-th=\"Codice prodotto\">3AP1510020<\/td>\n<td data-name=\"misura\" data-th=\"Misura (mm)\">\u00d820 (2.0) x \u00d820 (2.0)<\/td>\n<td data-name=\"busta_nr\" data-th=\"Busta (nr)\">10<\/td>\n<td data-name=\"box_nr\" data-th=\"Box (nr)\"><\/td>\n<td data-name=\"new_box_nr\" data-th=\"New Box (nr) *\">60<\/td>\n<\/tr>\n<tr>\n<td data-name=\"code\" data-th=\"Codice prodotto\">3AP1510026<\/td>\n<td data-name=\"misura\" data-th=\"Misura (mm)\">\u00d826 (3.0) x \u00d826 (3.0)<\/td>\n<td data-name=\"busta_nr\" data-th=\"Busta (nr)\">5<\/td>\n<td data-name=\"box_nr\" data-th=\"Box (nr)\"><\/td>\n<td data-name=\"new_box_nr\" data-th=\"New Box (nr) *\">40<\/td>\n<\/tr>\n<tr>\n<td data-name=\"code\" data-th=\"Codice prodotto\">3AP1510032<\/td>\n<td data-name=\"misura\" data-th=\"Misura (mm)\">\u00d832 (3.0) x \u00d832 (3.0)<\/td>\n<td data-name=\"busta_nr\" data-th=\"Busta (nr)\">5<\/td>\n<td data-name=\"box_nr\" data-th=\"Box (nr)\"><\/td>\n<td data-name=\"new_box_nr\" data-th=\"New Box (nr) *\">20<\/td>\n<\/tr>\n<\/tbody>\n<\/table>\n<div>\n<p style=\"margin-top: .5rem;\">\n<\/div>\n<\/div>\n<\/div>\n","protected":false},"excerpt":{"rendered":"<p>Codice prodotto Misura(mm) Busta(nr) Box(nr) New Box(nr) * 3AP1510016 \u00d816 (2.0) x \u00d816 (2.0) 10 90 3AP1510018 \u00d818 (2.0) x<\/p>\n","protected":false},"featured_media":0,"template":"","meta":[],"product_cat":[22],"product_tag":[],"class_list":["post-6319","product","type-product","status-publish","hentry","product_cat-accessories"],"_links":{"self":[{"href":"https:\/\/hidrosistem.al\/new\/wp-json\/wp\/v2\/product\/6319","targetHints":{"allow":["GET"]}}],"collection":[{"href":"https:\/\/hidrosistem.al\/new\/wp-json\/wp\/v2\/product"}],"about":[{"href":"https:\/\/hidrosistem.al\/new\/wp-json\/wp\/v2\/types\/product"}],"version-history":[{"count":3,"href":"https:\/\/hidrosistem.al\/new\/wp-json\/wp\/v2\/product\/6319\/revisions"}],"predecessor-version":[{"id":6323,"href":"https:\/\/hidrosistem.al\/new\/wp-json\/wp\/v2\/product\/6319\/revisions\/6323"}],"wp:attachment":[{"href":"https:\/\/hidrosistem.al\/new\/wp-json\/wp\/v2\/media?parent=6319"}],"wp:term":[{"taxonomy":"product_cat","embeddable":true,"href":"https:\/\/hidrosistem.al\/new\/wp-json\/wp\/v2\/product_cat?post=6319"},{"taxonomy":"product_tag","embeddable":true,"href":"https:\/\/hidrosistem.al\/new\/wp-json\/wp\/v2\/product_tag?post=6319"}],"curies":[{"name":"wp","href":"https:\/\/api.w.org\/{rel}","templated":true}]}}