{"id":6296,"date":"2023-09-30T07:30:22","date_gmt":"2023-09-30T07:30:22","guid":{"rendered":"https:\/\/hidrosistem.al\/new\/?post_type=product&#038;p=6296"},"modified":"2025-11-18T14:52:43","modified_gmt":"2025-11-18T14:52:43","slug":"telefon-dushi-stella-e-rrumbullaket-198x25mm","status":"publish","type":"product","link":"https:\/\/hidrosistem.al\/new\/product\/telefon-dushi-stella-e-rrumbullaket-198x25mm\/","title":{"rendered":"Telefon dushi Roca Stella e rrumbullak\u00ebt"},"content":{"rendered":"<p><span data-sheets-value=\"{&quot;1&quot;:2,&quot;2&quot;:&quot;Koleksioni Stella : I frym\u00ebzuar nga element\u00ebt baz\u00eb t\u00eb natyr\u00ebs, ky koleksion paraqet nj\u00eb estetik\u00eb t\u00eb bazuar n\u00eb linja t\u00eb thjeshta, t\u00eb pastra dhe bashk\u00ebkohore duke ofruar nj\u00eb gam\u00eb t\u00eb gjer\u00eb zgjidhjesh.&quot;}\" data-sheets-userformat=\"{&quot;2&quot;:513,&quot;3&quot;:{&quot;1&quot;:0},&quot;12&quot;:0}\">Koleksioni Stella : Telefoni i dushit ofron shp\u00ebrndarje t\u00eb k\u00ebndshme t\u00eb ujit fal\u00eb dizajnit ergonomik dhe vrimave t\u00eb optimizuara p\u00ebr presion t\u00eb q\u00ebndruesh\u00ebm. I leht\u00eb, rezistent dhe i thjesht\u00eb p\u00ebr t\u2019u pastruar, ai p\u00ebrshtatet me shumic\u00ebn e garniturave standarde t\u00eb dushit.<\/span><\/p>\n<p>Kodi i produktit ne ROCA : <span data-sheets-value=\"{&quot;1&quot;:2,&quot;2&quot;:&quot;A5B9B61C00&quot;}\" data-sheets-userformat=\"{&quot;2&quot;:12929,&quot;3&quot;:{&quot;1&quot;:0},&quot;10&quot;:2,&quot;12&quot;:0,&quot;15&quot;:&quot;Calibri&quot;,&quot;16&quot;:12}\">A5B9B61C00<\/span><\/p>\n<p>Dimensionet : <span data-sheets-value=\"{&quot;1&quot;:2,&quot;2&quot;:&quot;255 x 160 x 60 mm&quot;}\">198 x 25 mm<\/span><\/p>\n","protected":false},"excerpt":{"rendered":"<p>Koleksioni Stella : Telefoni i dushit ofron shp\u00ebrndarje t\u00eb k\u00ebndshme t\u00eb ujit fal\u00eb dizajnit ergonomik dhe vrimave t\u00eb optimizuara p\u00ebr<\/p>\n","protected":false},"featured_media":6297,"template":"","meta":[],"product_cat":[340,466,473],"product_tag":[],"class_list":["post-6296","product","type-product","status-publish","has-post-thumbnail","hentry","product_cat-hidrosanitare","product_cat-sanitare","product_cat-aksesore-te-tjere-sanitare"],"_links":{"self":[{"href":"https:\/\/hidrosistem.al\/new\/wp-json\/wp\/v2\/product\/6296","targetHints":{"allow":["GET"]}}],"collection":[{"href":"https:\/\/hidrosistem.al\/new\/wp-json\/wp\/v2\/product"}],"about":[{"href":"https:\/\/hidrosistem.al\/new\/wp-json\/wp\/v2\/types\/product"}],"version-history":[{"count":3,"href":"https:\/\/hidrosistem.al\/new\/wp-json\/wp\/v2\/product\/6296\/revisions"}],"predecessor-version":[{"id":12794,"href":"https:\/\/hidrosistem.al\/new\/wp-json\/wp\/v2\/product\/6296\/revisions\/12794"}],"wp:featuredmedia":[{"embeddable":true,"href":"https:\/\/hidrosistem.al\/new\/wp-json\/wp\/v2\/media\/6297"}],"wp:attachment":[{"href":"https:\/\/hidrosistem.al\/new\/wp-json\/wp\/v2\/media?parent=6296"}],"wp:term":[{"taxonomy":"product_cat","embeddable":true,"href":"https:\/\/hidrosistem.al\/new\/wp-json\/wp\/v2\/product_cat?post=6296"},{"taxonomy":"product_tag","embeddable":true,"href":"https:\/\/hidrosistem.al\/new\/wp-json\/wp\/v2\/product_tag?post=6296"}],"curies":[{"name":"wp","href":"https:\/\/api.w.org\/{rel}","templated":true}]}}