{"id":6292,"date":"2023-09-30T07:29:26","date_gmt":"2023-09-30T07:29:26","guid":{"rendered":"https:\/\/hidrosistem.al\/new\/?post_type=product&#038;p=6292"},"modified":"2025-12-04T09:08:34","modified_gmt":"2025-12-04T09:08:34","slug":"koke-dushi-e-rrubullaket-d80","status":"publish","type":"product","link":"https:\/\/hidrosistem.al\/new\/product\/koke-dushi-e-rrubullaket-d80\/","title":{"rendered":"Kok\u00eb dushi Roca e rrumbullak\u00ebt D80"},"content":{"rendered":"<p><span data-sheets-value=\"{&quot;1&quot;:2,&quot;2&quot;:&quot;Koleksioni Stella : I frym\u00ebzuar nga element\u00ebt baz\u00eb t\u00eb natyr\u00ebs, ky koleksion paraqet nj\u00eb estetik\u00eb t\u00eb bazuar n\u00eb linja t\u00eb thjeshta, t\u00eb pastra dhe bashk\u00ebkohore duke ofruar nj\u00eb gam\u00eb t\u00eb gjer\u00eb zgjidhjesh.&quot;}\" data-sheets-userformat=\"{&quot;2&quot;:513,&quot;3&quot;:{&quot;1&quot;:0},&quot;12&quot;:0}\">Koleksioni Stella: Koka e dushit siguron shp\u00ebrndarje uniforme t\u00eb ujit, presion t\u00eb q\u00ebndruesh\u00ebm dhe nj\u00eb p\u00ebrvoj\u00eb t\u00eb k\u00ebndshme larjeje. E prodhuar nga materiale rezistente, \u00ebsht\u00eb e leht\u00eb p\u00ebr t\u2019u pastruar dhe garanton p\u00ebrdorim afatgjat\u00eb.<\/span><\/p>\n<p>Kodi i produktit ne ROCA : <span data-sheets-value=\"{&quot;1&quot;:2,&quot;2&quot;:&quot;A5B9103C00&quot;}\" data-sheets-userformat=\"{&quot;2&quot;:12929,&quot;3&quot;:{&quot;1&quot;:0},&quot;10&quot;:2,&quot;12&quot;:0,&quot;15&quot;:&quot;Calibri&quot;,&quot;16&quot;:12}\">A5B9103C00<\/span><\/p>\n","protected":false},"excerpt":{"rendered":"<p>Koleksioni Stella: Koka e dushit siguron shp\u00ebrndarje uniforme t\u00eb ujit, presion t\u00eb q\u00ebndruesh\u00ebm dhe nj\u00eb p\u00ebrvoj\u00eb t\u00eb k\u00ebndshme larjeje. E<\/p>\n","protected":false},"featured_media":6293,"template":"","meta":[],"product_cat":[340,485,581],"product_tag":[],"class_list":["post-6292","product","type-product","status-publish","has-post-thumbnail","hentry","product_cat-hidrosanitare","product_cat-kabina-dushi","product_cat-koke-dushi"],"_links":{"self":[{"href":"https:\/\/hidrosistem.al\/new\/wp-json\/wp\/v2\/product\/6292","targetHints":{"allow":["GET"]}}],"collection":[{"href":"https:\/\/hidrosistem.al\/new\/wp-json\/wp\/v2\/product"}],"about":[{"href":"https:\/\/hidrosistem.al\/new\/wp-json\/wp\/v2\/types\/product"}],"version-history":[{"count":3,"href":"https:\/\/hidrosistem.al\/new\/wp-json\/wp\/v2\/product\/6292\/revisions"}],"predecessor-version":[{"id":12871,"href":"https:\/\/hidrosistem.al\/new\/wp-json\/wp\/v2\/product\/6292\/revisions\/12871"}],"wp:featuredmedia":[{"embeddable":true,"href":"https:\/\/hidrosistem.al\/new\/wp-json\/wp\/v2\/media\/6293"}],"wp:attachment":[{"href":"https:\/\/hidrosistem.al\/new\/wp-json\/wp\/v2\/media?parent=6292"}],"wp:term":[{"taxonomy":"product_cat","embeddable":true,"href":"https:\/\/hidrosistem.al\/new\/wp-json\/wp\/v2\/product_cat?post=6292"},{"taxonomy":"product_tag","embeddable":true,"href":"https:\/\/hidrosistem.al\/new\/wp-json\/wp\/v2\/product_tag?post=6292"}],"curies":[{"name":"wp","href":"https:\/\/api.w.org\/{rel}","templated":true}]}}