{"id":6256,"date":"2023-09-30T07:16:56","date_gmt":"2023-09-30T07:16:56","guid":{"rendered":"https:\/\/hidrosistem.al\/new\/?post_type=product&#038;p=6256"},"modified":"2025-12-03T09:36:51","modified_gmt":"2025-12-03T09:36:51","slug":"salishent-i-kompletuar-pa-grup-dushi-stella-80-1set","status":"publish","type":"product","link":"https:\/\/hidrosistem.al\/new\/product\/salishent-i-kompletuar-pa-grup-dushi-stella-80-1set\/","title":{"rendered":"Salishent i kompletuar pa grup dushi Roca Stella 80\/1,set"},"content":{"rendered":"<p><span data-sheets-value=\"{&quot;1&quot;:2,&quot;2&quot;:&quot;Koleksioni Stella : I frym\u00ebzuar nga element\u00ebt baz\u00eb t\u00eb natyr\u00ebs, ky koleksion paraqet nj\u00eb estetik\u00eb t\u00eb bazuar n\u00eb linja t\u00eb thjeshta, t\u00eb pastra dhe bashk\u00ebkohore duke ofruar nj\u00eb gam\u00eb t\u00eb gjer\u00eb zgjidhjesh.&quot;}\" data-sheets-userformat=\"{&quot;2&quot;:513,&quot;3&quot;:{&quot;1&quot;:0},&quot;12&quot;:0}\">Koleksioni Stella: F<\/span>unksionalitet dhe stil modern. Salishenti ofron pozicionim t\u00eb rregulluesh\u00ebm t\u00eb kok\u00ebs s\u00eb dushit dhe p\u00ebrdorim praktik t\u00eb p\u00ebrditsh\u00ebm. Me materiale rezistente ndaj lag\u00ebshtir\u00ebs, garanton q\u00ebndrueshm\u00ebri, pastrim t\u00eb leht\u00eb dhe estetik\u00eb moderne.<\/p>\n<p>Kodi i produktit ne ROCA : <span data-sheets-value=\"{&quot;1&quot;:2,&quot;2&quot;:&quot;A5B9403C00&quot;}\" data-sheets-userformat=\"{&quot;2&quot;:12929,&quot;3&quot;:{&quot;1&quot;:0},&quot;10&quot;:2,&quot;12&quot;:0,&quot;15&quot;:&quot;Calibri&quot;,&quot;16&quot;:12}\">A5B9403C00<\/span><\/p>\n","protected":false},"excerpt":{"rendered":"<p>Koleksioni Stella: Funksionalitet dhe stil modern. Salishenti ofron pozicionim t\u00eb rregulluesh\u00ebm t\u00eb kok\u00ebs s\u00eb dushit dhe p\u00ebrdorim praktik t\u00eb p\u00ebrditsh\u00ebm.<\/p>\n","protected":false},"featured_media":6257,"template":"","meta":[],"product_cat":[340,485,580],"product_tag":[],"class_list":["post-6256","product","type-product","status-publish","has-post-thumbnail","hentry","product_cat-hidrosanitare","product_cat-kabina-dushi","product_cat-salishent"],"_links":{"self":[{"href":"https:\/\/hidrosistem.al\/new\/wp-json\/wp\/v2\/product\/6256","targetHints":{"allow":["GET"]}}],"collection":[{"href":"https:\/\/hidrosistem.al\/new\/wp-json\/wp\/v2\/product"}],"about":[{"href":"https:\/\/hidrosistem.al\/new\/wp-json\/wp\/v2\/types\/product"}],"version-history":[{"count":3,"href":"https:\/\/hidrosistem.al\/new\/wp-json\/wp\/v2\/product\/6256\/revisions"}],"predecessor-version":[{"id":13513,"href":"https:\/\/hidrosistem.al\/new\/wp-json\/wp\/v2\/product\/6256\/revisions\/13513"}],"wp:featuredmedia":[{"embeddable":true,"href":"https:\/\/hidrosistem.al\/new\/wp-json\/wp\/v2\/media\/6257"}],"wp:attachment":[{"href":"https:\/\/hidrosistem.al\/new\/wp-json\/wp\/v2\/media?parent=6256"}],"wp:term":[{"taxonomy":"product_cat","embeddable":true,"href":"https:\/\/hidrosistem.al\/new\/wp-json\/wp\/v2\/product_cat?post=6256"},{"taxonomy":"product_tag","embeddable":true,"href":"https:\/\/hidrosistem.al\/new\/wp-json\/wp\/v2\/product_tag?post=6256"}],"curies":[{"name":"wp","href":"https:\/\/api.w.org\/{rel}","templated":true}]}}