{"id":6248,"date":"2023-09-30T07:14:32","date_gmt":"2023-09-30T07:14:32","guid":{"rendered":"https:\/\/hidrosistem.al\/new\/?post_type=product&#038;p=6248"},"modified":"2025-12-03T09:41:27","modified_gmt":"2025-12-03T09:41:27","slug":"salishent-i-kompletuar-pa-grup-dushi-sensum-130-2","status":"publish","type":"product","link":"https:\/\/hidrosistem.al\/new\/product\/salishent-i-kompletuar-pa-grup-dushi-sensum-130-2\/","title":{"rendered":"Salishent i kompletuar pa grup dushi Roca Sensum 130\/2"},"content":{"rendered":"<p><span data-sheets-value=\"{&quot;1&quot;:2,&quot;2&quot;:&quot;Koleksioni Sensum : Koleksioni i ri i dusheve shum\u00ebfunksionale, n\u00eb dizajne rrethore dhe katrore, me linja moderne dhe ergonomike. K\u00ebto dush dore p\u00ebrfshijn\u00eb ve\u00e7ori t\u00eb avancuara q\u00eb ju ndihmojn\u00eb t\u00eb kurseni ujin duke ofruar nj\u00eb p\u00ebrvoj\u00eb komode.&quot;}\" data-sheets-userformat=\"{&quot;2&quot;:513,&quot;3&quot;:{&quot;1&quot;:0},&quot;12&quot;:0}\">Koleksioni Sensum: Funksionalitet dhe stil modern. Salishenti ofron pozicionim t\u00eb rregulluesh\u00ebm t\u00eb kok\u00ebs s\u00eb dushit dhe p\u00ebrdorim praktik t\u00eb p\u00ebrditsh\u00ebm. Me materiale rezistente ndaj lag\u00ebshtir\u00ebs, garanton q\u00ebndrueshm\u00ebri, pastrim t\u00eb leht\u00eb dhe estetik\u00eb moderne.<br \/>\n<\/span><br \/>\nKodi i produktit ne ROCA : <span data-sheets-value=\"{&quot;1&quot;:2,&quot;2&quot;:&quot;A5B9407C00&quot;}\" data-sheets-userformat=\"{&quot;2&quot;:12929,&quot;3&quot;:{&quot;1&quot;:0},&quot;10&quot;:2,&quot;12&quot;:0,&quot;15&quot;:&quot;Calibri&quot;,&quot;16&quot;:12}\">A5B9407C00<\/span><\/p>\n","protected":false},"excerpt":{"rendered":"<p>Koleksioni Sensum: Funksionalitet dhe stil modern. Salishenti ofron pozicionim t\u00eb rregulluesh\u00ebm t\u00eb kok\u00ebs s\u00eb dushit dhe p\u00ebrdorim praktik t\u00eb p\u00ebrditsh\u00ebm.<\/p>\n","protected":false},"featured_media":6249,"template":"","meta":[],"product_cat":[340,485,580],"product_tag":[],"class_list":["post-6248","product","type-product","status-publish","has-post-thumbnail","hentry","product_cat-hidrosanitare","product_cat-kabina-dushi","product_cat-salishent"],"_links":{"self":[{"href":"https:\/\/hidrosistem.al\/new\/wp-json\/wp\/v2\/product\/6248","targetHints":{"allow":["GET"]}}],"collection":[{"href":"https:\/\/hidrosistem.al\/new\/wp-json\/wp\/v2\/product"}],"about":[{"href":"https:\/\/hidrosistem.al\/new\/wp-json\/wp\/v2\/types\/product"}],"version-history":[{"count":3,"href":"https:\/\/hidrosistem.al\/new\/wp-json\/wp\/v2\/product\/6248\/revisions"}],"predecessor-version":[{"id":13515,"href":"https:\/\/hidrosistem.al\/new\/wp-json\/wp\/v2\/product\/6248\/revisions\/13515"}],"wp:featuredmedia":[{"embeddable":true,"href":"https:\/\/hidrosistem.al\/new\/wp-json\/wp\/v2\/media\/6249"}],"wp:attachment":[{"href":"https:\/\/hidrosistem.al\/new\/wp-json\/wp\/v2\/media?parent=6248"}],"wp:term":[{"taxonomy":"product_cat","embeddable":true,"href":"https:\/\/hidrosistem.al\/new\/wp-json\/wp\/v2\/product_cat?post=6248"},{"taxonomy":"product_tag","embeddable":true,"href":"https:\/\/hidrosistem.al\/new\/wp-json\/wp\/v2\/product_tag?post=6248"}],"curies":[{"name":"wp","href":"https:\/\/api.w.org\/{rel}","templated":true}]}}